{"id":63,"date":"2011-12-21T19:30:13","date_gmt":"2011-12-21T19:30:13","guid":{"rendered":"https:\/\/blogs.ua.es\/guerracivilalicante\/?page_id=63"},"modified":"2012-01-10T18:57:32","modified_gmt":"2012-01-10T18:57:32","slug":"explicacion-general-del-tema","status":"publish","type":"page","link":"https:\/\/blogs.ua.es\/guerracivilalicante\/explicacion-general-del-tema\/","title":{"rendered":"Explicaci\u00f3n general del tema"},"content":{"rendered":"<p>Se dice que Alicante fue una ciudad de retaguardia. El fusilamiento de Jos\u00e9 Antonio Primo De Rivera (l\u00edder de la Falange espa\u00f1ola), el 20 de noviembre de 1936, tuvo una gran repercusi\u00f3n a nivel nacional y estigmatiz\u00f3 a la ciudad de Alicante durante a\u00f1os.<\/p>\n<p>Alicante estuvo apartada de los frentes durante la guerra, pero murieron muchos milicianos alicantinos, por lo que las mujeres de Alicante empezaron a tomar las riendas y ha adquirir protagonismo en las tareas de la producci\u00f3n y en la vida social.<\/p>\n<p>Como Alicante era una ciudad de retaguardia, se crearon varios hospitales provisionales para atender a los heridos de guerra, los llamados &#8220;Hospitales de Sangre&#8221;. Tambi\u00e9n Alicante sirvi\u00f3 como cobijo de muchos milicianos que tuvieron que huir a causa de la guerra.<\/p>\n<p>Pero sin duda, lo que m\u00e1s afect\u00f3 a Alicante fueron los bombardeos y la subsistencia. Los bombardeos comenzaron en 1836, pero el que m\u00e1s mort\u00edfero y fat\u00eddico fue el del Mercado Central, del que realizar\u00e9 una entrada a parte, ya que tuvo una gran repercusi\u00f3n en la ciudad alicantina, donde en esa misma noche huyeron miles ciudadanos a los alrededores de la ciudad.<\/p>\n<p>Hab\u00eda una notable escasez de productos, por lo que la tasa y el racionamiento trajeron consigo el llamado mercado negro y la aparici\u00f3n de formas primitivas de trueque.\u00a0La econom\u00eda durante la guerra fue llevada a cabo por los sindicatos y las instituciones p\u00fablicas, mediante f\u00f3rmulas generalmente colectivas.<\/p>\n<p>Los marxistas, socialistas y comunistas se encargaron durante la guerra de la vida pol\u00edtica e institucional alicantina, siempre acompa\u00f1ados por grupos anarquistas y republicanos.\u00a0\u00a0Al estallar la guerra, se produjo una revoluci\u00f3n igualitaria de car\u00e1cter proletario, la cual recorri\u00f3 toda la sociedad, pasando por la econom\u00eda, las instituciones pol\u00edticas, la ideolog\u00eda y las costumbres. El problema era c\u00f3mo compatibilizar todo esto con preocuparse de ganar la guerra. Las divisiones y enfrentamientos fueron casi permanentes para desgracia de la causa republicana, de la que Alicante fue un baluarte y su \u00faltimo y dram\u00e1tico escenario.<\/p>\n<p>Y que fue en el puerto de Alicante donde la rep\u00fablica dio sus \u00faltimos coletazos de vida, cuando miles de refugiados, que hu\u00edan del ej\u00e9rcito de Franco, esperando in\u00fatilmente unos barcos hacia el exilio para escapar de la represi\u00f3n franquista. Mientras tanto, el 30 de marzo de 1939, la Divisi\u00f3n italiana Littorio se encargaba de ocupar militarmente la ciudad de Alicante, poniendo punto y final a la guerra.<\/p>\n","protected":false},"excerpt":{"rendered":"<p>Se dice que Alicante fue una ciudad de retaguardia. El fusilamiento de Jos\u00e9 Antonio Primo De Rivera (l\u00edder de la Falange espa\u00f1ola), el 20 de noviembre de 1936, tuvo una gran repercusi\u00f3n a nivel nacional y estigmatiz\u00f3 a la ciudad de Alicante durante a\u00f1os. Alicante estuvo apartada de los frentes durante la guerra, pero murieron [&hellip;]<\/p>\n","protected":false},"author":2381,"featured_media":0,"parent":0,"menu_order":0,"comment_status":"open","ping_status":"open","template":"","meta":{"footnotes":""},"class_list":["post-63","page","type-page","status-publish","hentry"],"_links":{"self":[{"href":"https:\/\/blogs.ua.es\/guerracivilalicante\/wp-json\/wp\/v2\/pages\/63","targetHints":{"allow":["GET"]}}],"collection":[{"href":"https:\/\/blogs.ua.es\/guerracivilalicante\/wp-json\/wp\/v2\/pages"}],"about":[{"href":"https:\/\/blogs.ua.es\/guerracivilalicante\/wp-json\/wp\/v2\/types\/page"}],"author":[{"embeddable":true,"href":"https:\/\/blogs.ua.es\/guerracivilalicante\/wp-json\/wp\/v2\/users\/2381"}],"replies":[{"embeddable":true,"href":"https:\/\/blogs.ua.es\/guerracivilalicante\/wp-json\/wp\/v2\/comments?post=63"}],"version-history":[{"count":2,"href":"https:\/\/blogs.ua.es\/guerracivilalicante\/wp-json\/wp\/v2\/pages\/63\/revisions"}],"predecessor-version":[{"id":106,"href":"https:\/\/blogs.ua.es\/guerracivilalicante\/wp-json\/wp\/v2\/pages\/63\/revisions\/106"}],"wp:attachment":[{"href":"https:\/\/blogs.ua.es\/guerracivilalicante\/wp-json\/wp\/v2\/media?parent=63"}],"curies":[{"name":"wp","href":"https:\/\/api.w.org\/{rel}","templated":true}]}}