{"id":68,"date":"2011-12-21T19:31:17","date_gmt":"2011-12-21T19:31:17","guid":{"rendered":"https:\/\/blogs.ua.es\/guerracivilalicante\/?page_id=68"},"modified":"2012-01-18T14:21:25","modified_gmt":"2012-01-18T14:21:25","slug":"metodologia","status":"publish","type":"page","link":"https:\/\/blogs.ua.es\/guerracivilalicante\/metodologia\/","title":{"rendered":"Metodolog\u00eda"},"content":{"rendered":"<p>Las pautas seguidas para la realizaci\u00f3n de este blog han sido mediante la divisi\u00f3n de nuestro trabajo para hacerlo m\u00e1s ameno; cada uno de los integrantes del blog (Carlos y J\u00e9ssica) hemos publicado 10 entradas cada uno para facilitaros la informaci\u00f3n extra\u00edda de diversos sitios. Por otra parte cada una de las p\u00e1ginas que contiene el blog tambi\u00e9n han sido divididas u otras han sido redactadas entre ambos.<br \/>\nEsto quiere decir que los dos hemos sido part\u00edcipes de la creaci\u00f3n de este blog, los dos hemos sido recaudadores de informaci\u00f3n y administradores a la hora de redactarlo y mantenerlo d\u00e1ndole la mejor apariencia posible. Esperamos que os haya sido de lo m\u00e1s gratificante visitarnos y est\u00e9is agusto con la distribuci\u00f3n del trabajo.<\/p>\n","protected":false},"excerpt":{"rendered":"<p>Las pautas seguidas para la realizaci\u00f3n de este blog han sido mediante la divisi\u00f3n de nuestro trabajo para hacerlo m\u00e1s ameno; cada uno de los integrantes del blog (Carlos y J\u00e9ssica) hemos publicado 10 entradas cada uno para facilitaros la informaci\u00f3n extra\u00edda de diversos sitios. Por otra parte cada una de las p\u00e1ginas que contiene [&hellip;]<\/p>\n","protected":false},"author":2381,"featured_media":0,"parent":0,"menu_order":0,"comment_status":"open","ping_status":"open","template":"","meta":{"footnotes":""},"class_list":["post-68","page","type-page","status-publish","hentry"],"_links":{"self":[{"href":"https:\/\/blogs.ua.es\/guerracivilalicante\/wp-json\/wp\/v2\/pages\/68","targetHints":{"allow":["GET"]}}],"collection":[{"href":"https:\/\/blogs.ua.es\/guerracivilalicante\/wp-json\/wp\/v2\/pages"}],"about":[{"href":"https:\/\/blogs.ua.es\/guerracivilalicante\/wp-json\/wp\/v2\/types\/page"}],"author":[{"embeddable":true,"href":"https:\/\/blogs.ua.es\/guerracivilalicante\/wp-json\/wp\/v2\/users\/2381"}],"replies":[{"embeddable":true,"href":"https:\/\/blogs.ua.es\/guerracivilalicante\/wp-json\/wp\/v2\/comments?post=68"}],"version-history":[{"count":7,"href":"https:\/\/blogs.ua.es\/guerracivilalicante\/wp-json\/wp\/v2\/pages\/68\/revisions"}],"predecessor-version":[{"id":162,"href":"https:\/\/blogs.ua.es\/guerracivilalicante\/wp-json\/wp\/v2\/pages\/68\/revisions\/162"}],"wp:attachment":[{"href":"https:\/\/blogs.ua.es\/guerracivilalicante\/wp-json\/wp\/v2\/media?parent=68"}],"curies":[{"name":"wp","href":"https:\/\/api.w.org\/{rel}","templated":true}]}}