{"id":70,"date":"2011-12-21T19:32:25","date_gmt":"2011-12-21T19:32:25","guid":{"rendered":"https:\/\/blogs.ua.es\/guerracivilalicante\/?page_id=70"},"modified":"2012-01-18T13:51:21","modified_gmt":"2012-01-18T13:51:21","slug":"recursos-de-informacion-consultados","status":"publish","type":"page","link":"https:\/\/blogs.ua.es\/guerracivilalicante\/recursos-de-informacion-consultados\/","title":{"rendered":"Recursos de informaci\u00f3n consultados"},"content":{"rendered":"<p>Para realizar este blog, el cual trata sobre el transcurso de la guerra civil en la ciudad de Alicante, hemos podido encontrar informaci\u00f3n sobre este tema de forma f\u00e1cil y sencilla, ya que no es para nada rebuscado y podemos observar muchos libros, art\u00edculos, p\u00e1ginas webs, otros blogs, peri\u00f3dicos y muchas otras fuentes de informaci\u00f3n que lo tratan.<br \/>\nPara la realizaci\u00f3n de las entradas escritas publicadas, la informaci\u00f3n la hemos sacado de blogs.ua.es, centros1.pntic.mec.es, Historiasiglo20.org, Asociaci\u00f3n cultural de Alicante Vivo(Juan Jos\u00e9 Amores, 9 de Abril de 2008), Diario informaci\u00f3n de Alicante y wikipedia.<br \/>\nLas fotos las hemos extra\u00eddo de los siguientes lugares de informaci\u00f3n: Google im\u00e1genes, Asociaci\u00f3n cultural de Alicante Vivo y Diario informaci\u00f3n de Alicante. La galer\u00eda de im\u00e1genes tambi\u00e9n ha sido extra\u00edda del blog de la Asociaci\u00f3n cultural de Alicante Vivo.<br \/>\nY por \u00faltimo, encontramos los v\u00eddeos, los cuales han sido todos extra\u00eddos de la pagina web YouTube.<br \/>\nInternet nos ha brindado toda la informaci\u00f3n requerida para realizar nuestro blog que esperemos que les guste, ya que nos ha llevado mucho tiempo y dedicaci\u00f3n.<br \/>\nNo podr\u00edamos comentar de donde no hemos extra\u00eddo informaci\u00f3n, ya que como he comentado ha sido un tema sencillo del que extraer informaci\u00f3n.<\/p>\n<p>Un saludo, J\u00e9ssica y Carlos.<\/p>\n","protected":false},"excerpt":{"rendered":"<p>Para realizar este blog, el cual trata sobre el transcurso de la guerra civil en la ciudad de Alicante, hemos podido encontrar informaci\u00f3n sobre este tema de forma f\u00e1cil y sencilla, ya que no es para nada rebuscado y podemos observar muchos libros, art\u00edculos, p\u00e1ginas webs, otros blogs, peri\u00f3dicos y muchas otras fuentes de informaci\u00f3n [&hellip;]<\/p>\n","protected":false},"author":2381,"featured_media":0,"parent":0,"menu_order":0,"comment_status":"open","ping_status":"open","template":"","meta":{"footnotes":""},"class_list":["post-70","page","type-page","status-publish","hentry"],"_links":{"self":[{"href":"https:\/\/blogs.ua.es\/guerracivilalicante\/wp-json\/wp\/v2\/pages\/70","targetHints":{"allow":["GET"]}}],"collection":[{"href":"https:\/\/blogs.ua.es\/guerracivilalicante\/wp-json\/wp\/v2\/pages"}],"about":[{"href":"https:\/\/blogs.ua.es\/guerracivilalicante\/wp-json\/wp\/v2\/types\/page"}],"author":[{"embeddable":true,"href":"https:\/\/blogs.ua.es\/guerracivilalicante\/wp-json\/wp\/v2\/users\/2381"}],"replies":[{"embeddable":true,"href":"https:\/\/blogs.ua.es\/guerracivilalicante\/wp-json\/wp\/v2\/comments?post=70"}],"version-history":[{"count":5,"href":"https:\/\/blogs.ua.es\/guerracivilalicante\/wp-json\/wp\/v2\/pages\/70\/revisions"}],"predecessor-version":[{"id":157,"href":"https:\/\/blogs.ua.es\/guerracivilalicante\/wp-json\/wp\/v2\/pages\/70\/revisions\/157"}],"wp:attachment":[{"href":"https:\/\/blogs.ua.es\/guerracivilalicante\/wp-json\/wp\/v2\/media?parent=70"}],"curies":[{"name":"wp","href":"https:\/\/api.w.org\/{rel}","templated":true}]}}