{"id":72,"date":"2011-12-21T19:33:18","date_gmt":"2011-12-21T19:33:18","guid":{"rendered":"https:\/\/blogs.ua.es\/guerracivilalicante\/?page_id=72"},"modified":"2012-01-18T14:20:45","modified_gmt":"2012-01-18T14:20:45","slug":"valoracion-general","status":"publish","type":"page","link":"https:\/\/blogs.ua.es\/guerracivilalicante\/valoracion-general\/","title":{"rendered":"Valoraci\u00f3n general"},"content":{"rendered":"<p>La creaci\u00f3n de este blog no ha sido una tarea sencilla, puesto que hemos tenido que extraer informaci\u00f3n de varios lugares, leer, resumir y redactar. Por otra parte hemos tenido que ponernos de acuerdo con cual ser\u00eda la mejor informaci\u00f3n sobre el tema, cuales ser\u00edan las mejores fuentes de informaci\u00f3n etc.<\/p>\n<p>Tras la creaci\u00f3n del blog hemos podido aprender m\u00e1s cosas de las que ya sab\u00edamos respecto al tema. Es un tema que se suele dar en el instituto, en clase de historia, pero ha sido mas gratificante buscar por ti mismo la informaci\u00f3n en diferentes fuentes, ver v\u00eddeos, como fue aquello en la realidad, leyendo noticias, enter\u00e1ndote mas a fondo de la situaci\u00f3n.<\/p>\n<p>Por otra parte no nos ha llamado la atenci\u00f3n la cantidad de informaci\u00f3n que se pod\u00eda extraer de este tema, puesto que es un tema sencillo a tratar y podemos encontrar todo tipo de informaci\u00f3n sobre el. Esperamos que valor\u00e9is la informaci\u00f3n y os guste tanto como a nosotros mostr\u00e1rosla.<\/p>\n<p>Un saludo, Carlos y J\u00e9ssica<\/p>\n","protected":false},"excerpt":{"rendered":"<p>La creaci\u00f3n de este blog no ha sido una tarea sencilla, puesto que hemos tenido que extraer informaci\u00f3n de varios lugares, leer, resumir y redactar. Por otra parte hemos tenido que ponernos de acuerdo con cual ser\u00eda la mejor informaci\u00f3n sobre el tema, cuales ser\u00edan las mejores fuentes de informaci\u00f3n etc. Tras la creaci\u00f3n del [&hellip;]<\/p>\n","protected":false},"author":2381,"featured_media":0,"parent":0,"menu_order":0,"comment_status":"open","ping_status":"open","template":"","meta":{"footnotes":""},"class_list":["post-72","page","type-page","status-publish","hentry"],"_links":{"self":[{"href":"https:\/\/blogs.ua.es\/guerracivilalicante\/wp-json\/wp\/v2\/pages\/72","targetHints":{"allow":["GET"]}}],"collection":[{"href":"https:\/\/blogs.ua.es\/guerracivilalicante\/wp-json\/wp\/v2\/pages"}],"about":[{"href":"https:\/\/blogs.ua.es\/guerracivilalicante\/wp-json\/wp\/v2\/types\/page"}],"author":[{"embeddable":true,"href":"https:\/\/blogs.ua.es\/guerracivilalicante\/wp-json\/wp\/v2\/users\/2381"}],"replies":[{"embeddable":true,"href":"https:\/\/blogs.ua.es\/guerracivilalicante\/wp-json\/wp\/v2\/comments?post=72"}],"version-history":[{"count":3,"href":"https:\/\/blogs.ua.es\/guerracivilalicante\/wp-json\/wp\/v2\/pages\/72\/revisions"}],"predecessor-version":[{"id":159,"href":"https:\/\/blogs.ua.es\/guerracivilalicante\/wp-json\/wp\/v2\/pages\/72\/revisions\/159"}],"wp:attachment":[{"href":"https:\/\/blogs.ua.es\/guerracivilalicante\/wp-json\/wp\/v2\/media?parent=72"}],"curies":[{"name":"wp","href":"https:\/\/api.w.org\/{rel}","templated":true}]}}