{"id":16,"date":"2011-12-02T09:33:39","date_gmt":"2011-12-02T09:33:39","guid":{"rendered":"https:\/\/blogs.ua.es\/guerracivilprovinciaalicante\/?page_id=16"},"modified":"2012-01-15T11:24:11","modified_gmt":"2012-01-15T10:24:11","slug":"pagina-de-prueba","status":"publish","type":"page","link":"https:\/\/blogs.ua.es\/guerracivilprovinciaalicante\/pagina-de-prueba\/","title":{"rendered":"Metodolog\u00eda"},"content":{"rendered":"<p style=\"text-align: justify\">Intentaremos aqu\u00ed explicar brevemente la metodolog\u00eda utilizada para confeccionar nuestro blog.<\/p>\n<p style=\"text-align: justify\">En la realizaci\u00f3n de este blog, hemos seguido lo aprendido en la asignatura Fuentes y Documentos para la Historia. De manera que hemos usado los diferentes recursos que se nos han explicado en clase, mediante b\u00fasquedas avanzadas, con los que hemos localizado libros, art\u00edculos, revistas, p\u00e1ginas web,\u2026 Lo cierto es que lo dif\u00edcil es separar los que realmente son \u00fatiles y aquellos que no eran de nuestro inter\u00e9s, ya que el caudal de informaci\u00f3n es tan grande, que lo importante es discriminar lo que puede tener inter\u00e9s de aquello que no es interesante para nuestro blog.<\/p>\n<p style=\"text-align: justify\">Tambi\u00e9n hemos acudido a bibliotecas para buscar libros y revistas para ampliar nuestro conocimiento del tema y poder ampliar la informaci\u00f3n que ya ten\u00edamos.<\/p>\n<p style=\"text-align: justify\">Hemos consultado hemerotecas, tanto de los peri\u00f3dicos nacionales como de los que tratan temas a nivel regional o provincial, en los que conseguimos una gran cantidad de art\u00edculos, cartas, boletines,\u2026 en los que se trataban los ultimo hallazgos y novedades relacionadas con nuestro tema. Especialmente interesante ha sido lo aportado por la hemeroteca del Diario La Verdad.<\/p>\n<p style=\"text-align: justify\">Hemos mantenido varias reuniones y puestas en com\u00fan de todo el material para incorporar tan s\u00f3lo la informaci\u00f3n m\u00e1s original e interesante para nuestro blog. Una de nuestras preocupaciones m\u00e1s importantes ha sido intentar buscar la objetividad en el material encontrado, ya que en nuestro tema es particularmente frecuente encontrar materiales muy subjetivos, aunque estos tambi\u00e9n son importantes, pero siempre sabi\u00e9ndolos interpretar correctamente<\/p>\n<p style=\"text-align: justify\">A continuaci\u00f3n hemos elaborado las referencias seg\u00fan los modelos de la norma ISO 690-2010.<\/p>\n<p style=\"text-align: justify\">En cada referencia hemos puesto un peque\u00f1o resumen para que se pueda conocer un adelanto de la misma antes de ir a conocerla completa.<\/p>\n<p style=\"text-align: justify\">Tambi\u00e9n hemos colocado enlaces en los que se puede conseguir el documento o fuente original.<\/p>\n<p style=\"text-align: justify\">\n","protected":false},"excerpt":{"rendered":"<p>Intentaremos aqu\u00ed explicar brevemente la metodolog\u00eda utilizada para confeccionar nuestro blog. En la realizaci\u00f3n de este blog, hemos seguido lo aprendido en la asignatura Fuentes y Documentos para la Historia. De manera que hemos usado los diferentes recursos que se nos han explicado en clase, mediante b\u00fasquedas avanzadas, con los que hemos localizado libros, art\u00edculos, [&hellip;]<\/p>\n","protected":false},"author":2435,"featured_media":0,"parent":0,"menu_order":3,"comment_status":"open","ping_status":"open","template":"","meta":{"footnotes":""},"class_list":["post-16","page","type-page","status-publish","hentry"],"_links":{"self":[{"href":"https:\/\/blogs.ua.es\/guerracivilprovinciaalicante\/wp-json\/wp\/v2\/pages\/16","targetHints":{"allow":["GET"]}}],"collection":[{"href":"https:\/\/blogs.ua.es\/guerracivilprovinciaalicante\/wp-json\/wp\/v2\/pages"}],"about":[{"href":"https:\/\/blogs.ua.es\/guerracivilprovinciaalicante\/wp-json\/wp\/v2\/types\/page"}],"author":[{"embeddable":true,"href":"https:\/\/blogs.ua.es\/guerracivilprovinciaalicante\/wp-json\/wp\/v2\/users\/2435"}],"replies":[{"embeddable":true,"href":"https:\/\/blogs.ua.es\/guerracivilprovinciaalicante\/wp-json\/wp\/v2\/comments?post=16"}],"version-history":[{"count":7,"href":"https:\/\/blogs.ua.es\/guerracivilprovinciaalicante\/wp-json\/wp\/v2\/pages\/16\/revisions"}],"predecessor-version":[{"id":18,"href":"https:\/\/blogs.ua.es\/guerracivilprovinciaalicante\/wp-json\/wp\/v2\/pages\/16\/revisions\/18"}],"wp:attachment":[{"href":"https:\/\/blogs.ua.es\/guerracivilprovinciaalicante\/wp-json\/wp\/v2\/media?parent=16"}],"curies":[{"name":"wp","href":"https:\/\/api.w.org\/{rel}","templated":true}]}}