{"id":2,"date":"2011-12-02T08:33:40","date_gmt":"2011-12-02T08:33:40","guid":{"rendered":"https:\/\/blogs.ua.es\/guerracivilprovinciaalicante\/?page_id=2"},"modified":"2012-01-15T11:39:52","modified_gmt":"2012-01-15T10:39:52","slug":"pagina-ejemplo","status":"publish","type":"page","link":"https:\/\/blogs.ua.es\/guerracivilprovinciaalicante\/pagina-ejemplo\/","title":{"rendered":"Presentaci\u00f3n"},"content":{"rendered":"<p style=\"text-align: justify\">Este blog est\u00e1 realizado por Emilio Mar\u00edn Moreno y Daniel Arias Robles, alumnos del grado de Historia. Nos hemos decidido por este tema porque es algo cercano en el tiempo y el espacio a nosotros, porque tenemos acceso a fuentes directas y tambi\u00e9n a testimonios de personas que todav\u00eda viven y fueron testigos de este conflicto civil, que sigue siendo importante en la mentalidad colectiva de nuestra provincia.<\/p>\n<p style=\"text-align: justify\">El blog es un trabajo perteneciente a la asignatura de Fuentes y Documentos para la Historia, impartida por Antonio Carrasco Rodriguez.<\/p>\n<p style=\"text-align: justify\">Nuestra intenci\u00f3n es ofrecer una visi\u00f3n general y algunos detalles del desarrollo de la guerra civil espa\u00f1ola en la provincia de Alicante.<\/p>\n<p style=\"text-align: justify\">Con este blog esperamos aportar informaci\u00f3n que sea de vuestro inter\u00e9s.<\/p>\n","protected":false},"excerpt":{"rendered":"<p>Este blog est\u00e1 realizado por Emilio Mar\u00edn Moreno y Daniel Arias Robles, alumnos del grado de Historia. Nos hemos decidido por este tema porque es algo cercano en el tiempo y el espacio a nosotros, porque tenemos acceso a fuentes directas y tambi\u00e9n a testimonios de personas que todav\u00eda viven y fueron testigos de este [&hellip;]<\/p>\n","protected":false},"author":2435,"featured_media":0,"parent":0,"menu_order":2,"comment_status":"open","ping_status":"open","template":"","meta":{"footnotes":""},"class_list":["post-2","page","type-page","status-publish","hentry"],"_links":{"self":[{"href":"https:\/\/blogs.ua.es\/guerracivilprovinciaalicante\/wp-json\/wp\/v2\/pages\/2","targetHints":{"allow":["GET"]}}],"collection":[{"href":"https:\/\/blogs.ua.es\/guerracivilprovinciaalicante\/wp-json\/wp\/v2\/pages"}],"about":[{"href":"https:\/\/blogs.ua.es\/guerracivilprovinciaalicante\/wp-json\/wp\/v2\/types\/page"}],"author":[{"embeddable":true,"href":"https:\/\/blogs.ua.es\/guerracivilprovinciaalicante\/wp-json\/wp\/v2\/users\/2435"}],"replies":[{"embeddable":true,"href":"https:\/\/blogs.ua.es\/guerracivilprovinciaalicante\/wp-json\/wp\/v2\/comments?post=2"}],"version-history":[{"count":8,"href":"https:\/\/blogs.ua.es\/guerracivilprovinciaalicante\/wp-json\/wp\/v2\/pages\/2\/revisions"}],"predecessor-version":[{"id":164,"href":"https:\/\/blogs.ua.es\/guerracivilprovinciaalicante\/wp-json\/wp\/v2\/pages\/2\/revisions\/164"}],"wp:attachment":[{"href":"https:\/\/blogs.ua.es\/guerracivilprovinciaalicante\/wp-json\/wp\/v2\/media?parent=2"}],"curies":[{"name":"wp","href":"https:\/\/api.w.org\/{rel}","templated":true}]}}