{"id":57,"date":"2012-01-08T11:59:11","date_gmt":"2012-01-08T10:59:11","guid":{"rendered":"https:\/\/blogs.ua.es\/guerracivilprovinciaalicante\/?page_id=57"},"modified":"2012-01-08T12:13:41","modified_gmt":"2012-01-08T11:13:41","slug":"explicacion-general","status":"publish","type":"page","link":"https:\/\/blogs.ua.es\/guerracivilprovinciaalicante\/explicacion-general\/","title":{"rendered":"Explicaci\u00f3n general"},"content":{"rendered":"<p>La provincia de Alicante qued\u00f3 alejada de los frentes en la guerra civil espa\u00f1ola, pero en ellos combatieron y murieron miles de alicantinos. Cuando estall\u00f3 la guerra Alicante qued\u00f3 en la zona republicana. La vida pol\u00edtica e institucional alicantina estuvo en manos de los partidos \u201cmarxistas\u201d, socialistas y comunistas, con el acompa\u00f1amiento de los anarquistas. Las divisiones y enfrentamientos fueron casi permanentes.<\/p>\n<p>Un hecho importante ocurri\u00f3 el 20 de noviembre de 1936:\u00a0 el fusilamiento de Jos\u00e9 Antonio Primo de Rivera, que tuvo una importante trascendencia y estigmatiz\u00f3 a la capital alicantina durante muchos a\u00f1os.<\/p>\n<p>En su funci\u00f3n de retaguardia, muchos edificios de la ciudad fueron convertidos en <em>\u201cHospitales de Sangre\u201d <\/em>para atender a los heridos de guerra, y se realiz\u00f3 un enorme esfuerzo de solidaridad para dar cobijo a los miles de refugiados civiles y ni\u00f1os que hu\u00edan de los estragos de la guerra, especialmente del frente de Madrid y tras la ca\u00edda de M\u00e1laga.<\/p>\n<p>Los bombardeos y las subsistencias fueron los dos problemas que m\u00e1s afectaron a la vida cotidiana de Alicante.<\/p>\n<p>Alicante hab\u00eda sufrido 71 bombardeos desde julio de 1936; con m\u00e1s de 480 v\u00edctimas y 790 heridos a lo largo 32 meses de guerra; un total de 740 edificios hab\u00edan sido destruidos Lo peor fue el bombardeo del Mercado Central el 25 de mayo de 1938, realizado por aviones italianos Savoia a las 11 horas del domingo. All\u00ed hubo 313 muertos y centenares de heridos. El esfuerzo por construir refugios antia\u00e9reos no pudo impedir que, al anochecer, miles de ciudadanos abandonaran el n\u00facleo urbano para pernoctar en los alrededores, fen\u00f3meno conocido entonces como <em>\u201cLa Columna del Miedo\u201d<\/em>.<\/p>\n<p>La escasez de productos de todo tipo llevar\u00eda a un angustioso quehacer cotidiano para procurarse el m\u00ednimo de subsistencias. La tasa y el racionamiento trajeron consigo el inevitable mercado negro, perseguido y nunca controlado por las autoridades, y la aparici\u00f3n de formas primitivas de trueque.<\/p>\n<p>Fue en el puerto alicantino donde la Rep\u00fablica vivi\u00f3 sus \u00faltimas horas, cuando miles de refugiados, que hu\u00edan del avance final del ej\u00e9rcito de Franco, esperaron in\u00fatilmente la llegada de barcos hacia el exilio para escapar de la represi\u00f3n. Solo algunos lo consiguieron, en barcos que saltaron el bloqueo. M\u00e1s de 2000 personas consiguieron huir en el Stanbrook, un viejo carguero ingl\u00e9s, que parti\u00f3 del puerto sobrecargado.<\/p>\n<p>En la noche del 30 de marzo de 1939 entraban en la ciudad las unidades de la Divisi\u00f3n Littorio, comandada por el general Gambara, con un ostentoso desfile delante del Ayuntamiento y las principales calles de la ciudad.<\/p>\n<p>La represi\u00f3n consecuente fue considerable al considerarse la ciudad y la provincia como \u00abrojas\u00bb. Los \u00faltimos detenidos republicanos en la guerra lo fueron en el puerto de Alicante, y la mayor\u00eda sufrieron la estancia en el campo de concentraci\u00f3n de Los Almendros. Al terminar la guerra, el alcalde Luci\u00e1\u00f1ez propuso que la ciudad pasara a llamarse <em>Alicante de Jos\u00e9 Antonio<\/em>. Pese a aprobarse nunca lleg\u00f3 a producirse el cambio.<\/p>\n","protected":false},"excerpt":{"rendered":"<p>La provincia de Alicante qued\u00f3 alejada de los frentes en la guerra civil espa\u00f1ola, pero en ellos combatieron y murieron miles de alicantinos. Cuando estall\u00f3 la guerra Alicante qued\u00f3 en la zona republicana. La vida pol\u00edtica e institucional alicantina estuvo en manos de los partidos \u201cmarxistas\u201d, socialistas y comunistas, con el acompa\u00f1amiento de los anarquistas. [&hellip;]<\/p>\n","protected":false},"author":2435,"featured_media":0,"parent":0,"menu_order":4,"comment_status":"open","ping_status":"open","template":"","meta":{"footnotes":""},"class_list":["post-57","page","type-page","status-publish","hentry"],"_links":{"self":[{"href":"https:\/\/blogs.ua.es\/guerracivilprovinciaalicante\/wp-json\/wp\/v2\/pages\/57","targetHints":{"allow":["GET"]}}],"collection":[{"href":"https:\/\/blogs.ua.es\/guerracivilprovinciaalicante\/wp-json\/wp\/v2\/pages"}],"about":[{"href":"https:\/\/blogs.ua.es\/guerracivilprovinciaalicante\/wp-json\/wp\/v2\/types\/page"}],"author":[{"embeddable":true,"href":"https:\/\/blogs.ua.es\/guerracivilprovinciaalicante\/wp-json\/wp\/v2\/users\/2435"}],"replies":[{"embeddable":true,"href":"https:\/\/blogs.ua.es\/guerracivilprovinciaalicante\/wp-json\/wp\/v2\/comments?post=57"}],"version-history":[{"count":3,"href":"https:\/\/blogs.ua.es\/guerracivilprovinciaalicante\/wp-json\/wp\/v2\/pages\/57\/revisions"}],"predecessor-version":[{"id":69,"href":"https:\/\/blogs.ua.es\/guerracivilprovinciaalicante\/wp-json\/wp\/v2\/pages\/57\/revisions\/69"}],"wp:attachment":[{"href":"https:\/\/blogs.ua.es\/guerracivilprovinciaalicante\/wp-json\/wp\/v2\/media?parent=57"}],"curies":[{"name":"wp","href":"https:\/\/api.w.org\/{rel}","templated":true}]}}