{"id":59,"date":"2012-01-08T11:59:54","date_gmt":"2012-01-08T10:59:54","guid":{"rendered":"https:\/\/blogs.ua.es\/guerracivilprovinciaalicante\/?page_id=59"},"modified":"2012-01-15T10:52:53","modified_gmt":"2012-01-15T09:52:53","slug":"fuentes","status":"publish","type":"page","link":"https:\/\/blogs.ua.es\/guerracivilprovinciaalicante\/fuentes\/","title":{"rendered":"Fuentes"},"content":{"rendered":"<p style=\"text-align: justify\">Para la confecci\u00f3n de nuestro blog ha sido fundamental la utilizaci\u00f3n de los recursos trabajados en las clases de la asignatura Fuentes y Documentos para la Historia. Hemos tratado de usar la m\u00e1xima diversificaci\u00f3n posible de las fuentes de informaci\u00f3n.<\/p>\n<p style=\"text-align: justify\">\nEntre los m\u00e1s usados encontramos los siguientes:<\/p>\n<p style=\"text-align: justify\">-Buscadores de recursos. De esta manera hemos buscado art\u00edculos relacionados con el tema del blog. As\u00ed hemos usado el RUA, Tesis doctorales en red, etc\u2026<\/p>\n<p style=\"text-align: justify\">-Bases de dates. Empleado para localizar art\u00edculos y revistas electr\u00f3nicas. En esta categor\u00eda hemos utilizado Dialnet y el del CSIC.<br \/>\n-Cat\u00e1logos Bibliogr\u00e1ficos. As\u00ed hemos podido localizar los distintos libros que hemos referido en nuestro blog. Hemos usado el cat\u00e1logo de la Biblioteca de la Universidad de Alicante, el de la Universidad de Valencia, el cat\u00e1logo de laLibrary of Congress y el de la Universidad de Murcia.<\/p>\n<p style=\"text-align: justify\">-Cat\u00e1logos colectivos. En estos cat\u00e1logos encontramos referencias a otros quenos han sido de gran utilidad. Hemos usado el CBUC o la Red de Lectura Colectiva de la Generalitat Valenciana.<\/p>\n<p style=\"text-align: justify\">-Buscadores. Nos han sido \u00fatiles para encontrar sitios relacionados con nuestro tema. Fundamentalmente hemos usado el Google y el Yahoo, aunque tambi\u00e9n hemos usado otros como el Google Libros y el Google Acad\u00e9mico.<\/p>\n<p style=\"text-align: justify\">\n<p style=\"text-align: justify\">La informaci\u00f3n recopilada aparece referenciada mediante la NORMA ISO 690:2010.<\/p>\n","protected":false},"excerpt":{"rendered":"<p>Para la confecci\u00f3n de nuestro blog ha sido fundamental la utilizaci\u00f3n de los recursos trabajados en las clases de la asignatura Fuentes y Documentos para la Historia. Hemos tratado de usar la m\u00e1xima diversificaci\u00f3n posible de las fuentes de informaci\u00f3n. Entre los m\u00e1s usados encontramos los siguientes: -Buscadores de recursos. De esta manera hemos buscado [&hellip;]<\/p>\n","protected":false},"author":2435,"featured_media":0,"parent":0,"menu_order":5,"comment_status":"open","ping_status":"open","template":"","meta":{"footnotes":""},"class_list":["post-59","page","type-page","status-publish","hentry"],"_links":{"self":[{"href":"https:\/\/blogs.ua.es\/guerracivilprovinciaalicante\/wp-json\/wp\/v2\/pages\/59","targetHints":{"allow":["GET"]}}],"collection":[{"href":"https:\/\/blogs.ua.es\/guerracivilprovinciaalicante\/wp-json\/wp\/v2\/pages"}],"about":[{"href":"https:\/\/blogs.ua.es\/guerracivilprovinciaalicante\/wp-json\/wp\/v2\/types\/page"}],"author":[{"embeddable":true,"href":"https:\/\/blogs.ua.es\/guerracivilprovinciaalicante\/wp-json\/wp\/v2\/users\/2435"}],"replies":[{"embeddable":true,"href":"https:\/\/blogs.ua.es\/guerracivilprovinciaalicante\/wp-json\/wp\/v2\/comments?post=59"}],"version-history":[{"count":4,"href":"https:\/\/blogs.ua.es\/guerracivilprovinciaalicante\/wp-json\/wp\/v2\/pages\/59\/revisions"}],"predecessor-version":[{"id":149,"href":"https:\/\/blogs.ua.es\/guerracivilprovinciaalicante\/wp-json\/wp\/v2\/pages\/59\/revisions\/149"}],"wp:attachment":[{"href":"https:\/\/blogs.ua.es\/guerracivilprovinciaalicante\/wp-json\/wp\/v2\/media?parent=59"}],"curies":[{"name":"wp","href":"https:\/\/api.w.org\/{rel}","templated":true}]}}