{"id":61,"date":"2012-01-08T12:00:08","date_gmt":"2012-01-08T11:00:08","guid":{"rendered":"https:\/\/blogs.ua.es\/guerracivilprovinciaalicante\/?page_id=61"},"modified":"2012-01-15T11:12:11","modified_gmt":"2012-01-15T10:12:11","slug":"valoracion-de-las-fuentes","status":"publish","type":"page","link":"https:\/\/blogs.ua.es\/guerracivilprovinciaalicante\/valoracion-de-las-fuentes\/","title":{"rendered":"Valoraci\u00f3n de las fuentes"},"content":{"rendered":"<p style=\"text-align: justify\">No es dif\u00edcil encontrar informaci\u00f3n, lo complicado es conocer la fiabilidad de las mismas. La informaci\u00f3n analizada procede en muchos casos de recursos electr\u00f3nicos, destacando las p\u00e1ginas. Esto se debe a que desde nuestro punto de vista eran las p\u00e1ginas con m\u00e1s informaci\u00f3n. En estas p\u00e1ginas y en las dem\u00e1s p\u00e1ginas utilizadas hemos encontrado, en la gran mayor\u00eda de los casos, toda la informaci\u00f3n que est\u00e1bamos buscando para la realizaci\u00f3n de las entradas.<br \/>\nDada la diversidad de opiniones que hemos encontrado sobre el tema objeto del blog, ha sido necesario contrastar la opini\u00f3n que distintos autores mantienen sobre un mismo hecho. Independientemente de nuestra opini\u00f3n personal hemos intentado recopilar informaci\u00f3n de los dos bandos en conflicto.<\/p>\n","protected":false},"excerpt":{"rendered":"<p>No es dif\u00edcil encontrar informaci\u00f3n, lo complicado es conocer la fiabilidad de las mismas. La informaci\u00f3n analizada procede en muchos casos de recursos electr\u00f3nicos, destacando las p\u00e1ginas. Esto se debe a que desde nuestro punto de vista eran las p\u00e1ginas con m\u00e1s informaci\u00f3n. En estas p\u00e1ginas y en las dem\u00e1s p\u00e1ginas utilizadas hemos encontrado, en [&hellip;]<\/p>\n","protected":false},"author":2435,"featured_media":0,"parent":0,"menu_order":6,"comment_status":"open","ping_status":"open","template":"","meta":{"footnotes":""},"class_list":["post-61","page","type-page","status-publish","hentry"],"_links":{"self":[{"href":"https:\/\/blogs.ua.es\/guerracivilprovinciaalicante\/wp-json\/wp\/v2\/pages\/61","targetHints":{"allow":["GET"]}}],"collection":[{"href":"https:\/\/blogs.ua.es\/guerracivilprovinciaalicante\/wp-json\/wp\/v2\/pages"}],"about":[{"href":"https:\/\/blogs.ua.es\/guerracivilprovinciaalicante\/wp-json\/wp\/v2\/types\/page"}],"author":[{"embeddable":true,"href":"https:\/\/blogs.ua.es\/guerracivilprovinciaalicante\/wp-json\/wp\/v2\/users\/2435"}],"replies":[{"embeddable":true,"href":"https:\/\/blogs.ua.es\/guerracivilprovinciaalicante\/wp-json\/wp\/v2\/comments?post=61"}],"version-history":[{"count":3,"href":"https:\/\/blogs.ua.es\/guerracivilprovinciaalicante\/wp-json\/wp\/v2\/pages\/61\/revisions"}],"predecessor-version":[{"id":152,"href":"https:\/\/blogs.ua.es\/guerracivilprovinciaalicante\/wp-json\/wp\/v2\/pages\/61\/revisions\/152"}],"wp:attachment":[{"href":"https:\/\/blogs.ua.es\/guerracivilprovinciaalicante\/wp-json\/wp\/v2\/media?parent=61"}],"curies":[{"name":"wp","href":"https:\/\/api.w.org\/{rel}","templated":true}]}}