{"id":184,"date":"2014-01-12T07:39:24","date_gmt":"2014-01-12T07:39:24","guid":{"rendered":"https:\/\/blogs.ua.es\/historiaalicante18\/?page_id=184"},"modified":"2014-01-15T13:43:25","modified_gmt":"2014-01-15T13:43:25","slug":"introduccion-a-alicante","status":"publish","type":"page","link":"https:\/\/blogs.ua.es\/historiaalicante18\/introduccion-a-alicante\/","title":{"rendered":"Introducci\u00f3n a Alicante"},"content":{"rendered":"<p style=\"text-align: justify\">Alicante en el siglo XVIII. Es de este periodo hist\u00f3rico y esa localizaci\u00f3n geogr\u00e1fica en concreto del tiempo del que trata este blog.<\/p>\n<p style=\"text-align: justify\">Para entender la historia del municipio de forma completa se han de conocer los elementos geogr\u00e1ficos que encontramos en el entorno de la ciudad. Alicante, ba\u00f1ada por el Mediterr\u00e1neo, se ubica en un espacio de planicie rodeado por toda una serie de colinas y elevaciones, siendo el monte Benacantil (con sus 169 metros de altura) su punto m\u00e1s elevado, siendo as\u00ed lugar de asentamiento del Castillo de Santa B\u00e1rbara, fortaleza dominadora de la ciudad y s\u00edmbolo de la misma. Precisamente por esa misma formaci\u00f3n de colinas en su entorno la ciudad dispone de un gran desnivel, mientras que el ayuntamiento est\u00e1 a 0 metros del nivel del mar hay zonas como el barrio de San Blas o el Pla del Bon Rep\u00f3s que se ubican a 30 metros de altura, el barrio de los \u00c1ngeles con 75 metros o la zona de Ciudad Jard\u00edn, que alcanza los 80 metros de altitud con respecto al ayuntamiento. Este desnivel interno sin duda ha sido condicionante para la ocupaci\u00f3n de la ciudad a lo largo de los siglos al igual que en su papel como plaza fuerte del reino. En cuanto a la hidrograf\u00eda cabe destacar las cuencas del r\u00edo Seco y la Rambla de las Ovejas. Como componente mar\u00edtimo cabe se\u00f1alar tambi\u00e9n la isla de Tabarca, y el cabo de Santa Pola, que forman parte del municipio.<\/p>\n<figure id=\"attachment_194\" aria-describedby=\"caption-attachment-194\" style=\"width: 300px\" class=\"wp-caption alignright\"><a href=\"https:\/\/blogs.ua.es\/historiaalicante18\/files\/2014\/01\/800px-Clima_Alicante_Espa\u00f1a.png\"><img loading=\"lazy\" decoding=\"async\" class=\"size-medium wp-image-194 \" alt=\"R\u00e9gimen pluviom\u00e9trico y climatol\u00f3gico de el Municipio de Alicante\" src=\"https:\/\/blogs.ua.es\/historiaalicante18\/files\/2014\/01\/800px-Clima_Alicante_Espa\u00f1a-300x185.png\" width=\"300\" height=\"185\" srcset=\"https:\/\/blogs.ua.es\/historiaalicante18\/files\/2014\/01\/800px-Clima_Alicante_Espa\u00f1a-300x185.png 300w, https:\/\/blogs.ua.es\/historiaalicante18\/files\/2014\/01\/800px-Clima_Alicante_Espa\u00f1a.png 800w\" sizes=\"auto, (max-width: 300px) 100vw, 300px\" \/><\/a><figcaption id=\"caption-attachment-194\" class=\"wp-caption-text\">R\u00e9gimen pluviom\u00e9trico y climatol\u00f3gico de el Municipio de Alicante<\/figcaption><\/figure>\n<p style=\"text-align: justify\">Respecto al r\u00e9gimen pluviom\u00e9trico y climatol\u00f3gico Alicante cuenta con un r\u00e9gimen de tipo mediterr\u00e1neo \u00e1rido, con temperaturas suaves a lo largo del a\u00f1o y lluvias escasas que se concentran entre los meses de septiembre y octubre, eventos condicionados por el fen\u00f3meno de la gota fr\u00eda. La oscilaci\u00f3n t\u00e9rmica se ve muy reducida por la influencia mar\u00edtima, por lo que se goza de inviernos suaves y veranos calurosos.<\/p>\n<p style=\"text-align: justify\">Una vez mostrado el contexto podemos dar unas pinceladas generales del municipio en su historia moderna.<\/p>\n<p style=\"text-align: justify\">Hablar de Alicante en el XVIII supone hablar de una ciudad que est\u00e1 viviendo en primer plano los episodios que acontecen en el pa\u00eds de forma muy intensa. Alicante, que casi hab\u00eda sido destruida en 1691 por el bombardeo mar\u00edtimo de la escuadra francesa del capit\u00e1n D\u2019Eestr\u00e9s, inicia el siglo con la guerra de sucesi\u00f3n como episodio clave, siendo, por la posici\u00f3n estrat\u00e9gica de que disfruta, objeto de deseo por ambos contendientes. Posteriormente, con la victoria en la contienda de Felipe de Anjou, ahora Felipe V, ser\u00e1 lugar de implantaci\u00f3n del modelo centralizado que acompa\u00f1a a la casa borb\u00f3nica mediante la aplicaci\u00f3n de los Decretos de nueva Planta, que traer\u00e1 un mayor desarrollo institucional y econ\u00f3mico.<\/p>\n<figure id=\"attachment_198\" aria-describedby=\"caption-attachment-198\" style=\"width: 300px\" class=\"wp-caption alignleft\"><a href=\"https:\/\/blogs.ua.es\/historiaalicante18\/files\/2014\/01\/a2.jpg\"><img loading=\"lazy\" decoding=\"async\" class=\"size-medium wp-image-198\" alt=\" Plano de la Ciudad, Castillo y Puerto de Alicante realizado en el a\u00f1o 1721\" src=\"https:\/\/blogs.ua.es\/historiaalicante18\/files\/2014\/01\/a2-300x206.jpg\" width=\"300\" height=\"206\" srcset=\"https:\/\/blogs.ua.es\/historiaalicante18\/files\/2014\/01\/a2-300x206.jpg 300w, https:\/\/blogs.ua.es\/historiaalicante18\/files\/2014\/01\/a2.jpg 601w\" sizes=\"auto, (max-width: 300px) 100vw, 300px\" \/><\/a><figcaption id=\"caption-attachment-198\" class=\"wp-caption-text\">Plano de la Ciudad, Castillo y Puerto de Alicante realizado en el a\u00f1o 1721<\/figcaption><\/figure>\n<p style=\"text-align: justify\">Pese a los episodios de guerra y de destrucci\u00f3n la ciudad vivi\u00f3 momentos de gran esplendor en este siglo, condicionados en parte por la evoluci\u00f3n de su puerto a lo largo de toda la edad moderna. Dicho puerto se convirti\u00f3 en el m\u00e1s importante del reino de Valencia, propiciando el asentamiento de comerciantes extranjeros que otorgaron gran dinamismo al tr\u00e1fico mercantil. Estas instalaciones se asentaron tambi\u00e9n como uno de los puntos de salida de las manufacturas y productos de La Mancha y un eficaz redistribuidor de productos coloniales y salazones del norte de Europa. El desarrollo econ\u00f3mico permitir\u00eda a la ciudad arrebatar a Orihuela, en 1647, la capital de Bail\u00eda meridional valenciana y posteriormente, en 1785, la creaci\u00f3n de un Consulado del Mar independiente del de Valencia.<\/p>\n<p style=\"text-align: justify\">Con todo este desarrollo econ\u00f3mico la ciudad vivi\u00f3 un crecimiento de la poblaci\u00f3n y un aumento de la calidad de vida, al igual que un incremento significativo en sus actividades l\u00fadicas y culturales, festividades que suelen acompa\u00f1ar a los tiempos de bonanza.<\/p>\n","protected":false},"excerpt":{"rendered":"<p>Alicante en el siglo XVIII. Es de este periodo hist\u00f3rico y esa localizaci\u00f3n geogr\u00e1fica en concreto del tiempo del que trata este blog. Para entender la historia del municipio de forma completa se han de conocer los elementos geogr\u00e1ficos que encontramos en el entorno de la ciudad. Alicante, ba\u00f1ada por el Mediterr\u00e1neo, se ubica en [&hellip;]<\/p>\n","protected":false},"author":3136,"featured_media":0,"parent":0,"menu_order":2,"comment_status":"open","ping_status":"closed","template":"","meta":{"footnotes":""},"class_list":["post-184","page","type-page","status-publish","hentry"],"_links":{"self":[{"href":"https:\/\/blogs.ua.es\/historiaalicante18\/wp-json\/wp\/v2\/pages\/184","targetHints":{"allow":["GET"]}}],"collection":[{"href":"https:\/\/blogs.ua.es\/historiaalicante18\/wp-json\/wp\/v2\/pages"}],"about":[{"href":"https:\/\/blogs.ua.es\/historiaalicante18\/wp-json\/wp\/v2\/types\/page"}],"author":[{"embeddable":true,"href":"https:\/\/blogs.ua.es\/historiaalicante18\/wp-json\/wp\/v2\/users\/3136"}],"replies":[{"embeddable":true,"href":"https:\/\/blogs.ua.es\/historiaalicante18\/wp-json\/wp\/v2\/comments?post=184"}],"version-history":[{"count":11,"href":"https:\/\/blogs.ua.es\/historiaalicante18\/wp-json\/wp\/v2\/pages\/184\/revisions"}],"predecessor-version":[{"id":200,"href":"https:\/\/blogs.ua.es\/historiaalicante18\/wp-json\/wp\/v2\/pages\/184\/revisions\/200"}],"wp:attachment":[{"href":"https:\/\/blogs.ua.es\/historiaalicante18\/wp-json\/wp\/v2\/media?parent=184"}],"curies":[{"name":"wp","href":"https:\/\/api.w.org\/{rel}","templated":true}]}}