{"id":186,"date":"2014-01-12T07:40:27","date_gmt":"2014-01-12T07:40:27","guid":{"rendered":"https:\/\/blogs.ua.es\/historiaalicante18\/?page_id=186"},"modified":"2014-01-15T13:45:53","modified_gmt":"2014-01-15T13:45:53","slug":"valoracion-del-trabajo","status":"publish","type":"page","link":"https:\/\/blogs.ua.es\/historiaalicante18\/valoracion-del-trabajo\/","title":{"rendered":"Valoraci\u00f3n del trabajo"},"content":{"rendered":"<figure id=\"attachment_204\" aria-describedby=\"caption-attachment-204\" style=\"width: 300px\" class=\"wp-caption alignleft\"><a href=\"https:\/\/blogs.ua.es\/historiaalicante18\/files\/2014\/01\/bandera.jpg\"><img loading=\"lazy\" decoding=\"async\" class=\"size-medium wp-image-204 \" alt=\"Bandera actual de Alicante\" src=\"https:\/\/blogs.ua.es\/historiaalicante18\/files\/2014\/01\/bandera-300x225.jpg\" width=\"300\" height=\"225\" srcset=\"https:\/\/blogs.ua.es\/historiaalicante18\/files\/2014\/01\/bandera-300x225.jpg 300w, https:\/\/blogs.ua.es\/historiaalicante18\/files\/2014\/01\/bandera-1024x768.jpg 1024w, https:\/\/blogs.ua.es\/historiaalicante18\/files\/2014\/01\/bandera.jpg 1280w\" sizes=\"auto, (max-width: 300px) 100vw, 300px\" \/><\/a><figcaption id=\"caption-attachment-204\" class=\"wp-caption-text\">Bandera actual de Alicante<\/figcaption><\/figure>\n<p style=\"text-align: justify\">La realizaci\u00f3n de este blog nos ha permitido, con nuestra peque\u00f1a investigaci\u00f3n, ampliar nuestros conocimientos sobre el municipio de Alicante. Al tratarse de un periodo completo,\u00a0 con la horquilla temporal del siglo XVIII pareci\u00f3 en un principio motivo de dificultad en la b\u00fasqueda de fuentes, sin embargo, precisamente esta pauta ha permitido realizar un trabajo m\u00e1s especifico y a la vez nos ha permitido dominar con mayor soltura este periodo concreto de la historia de Alicante.<\/p>\n<p style=\"text-align: justify\">Por otro lado este trabajo ha tra\u00eddo consigo una de las principales labores del investigador y que pocas veces se estimula en la carrera, la recopilaci\u00f3n de fuentes. En nuestro caso nos ha permitido ir aprendiendo a usar nuevos buscadores, a ir recopilando informaci\u00f3n en \u00a0diferentes bibliotecas y revistas al igual que en bases de datos on-line y fuentes iconogr\u00e1ficas.<\/p>\n<figure id=\"attachment_206\" aria-describedby=\"caption-attachment-206\" style=\"width: 158px\" class=\"wp-caption alignright\"><a href=\"https:\/\/blogs.ua.es\/historiaalicante18\/files\/2014\/01\/cast2.jpg\"><img loading=\"lazy\" decoding=\"async\" class=\" wp-image-206  \" alt=\"cast2\" src=\"https:\/\/blogs.ua.es\/historiaalicante18\/files\/2014\/01\/cast2-300x259.jpg\" width=\"158\" height=\"136\" srcset=\"https:\/\/blogs.ua.es\/historiaalicante18\/files\/2014\/01\/cast2-300x259.jpg 300w, https:\/\/blogs.ua.es\/historiaalicante18\/files\/2014\/01\/cast2-1024x885.jpg 1024w, https:\/\/blogs.ua.es\/historiaalicante18\/files\/2014\/01\/cast2.jpg 1600w\" sizes=\"auto, (max-width: 158px) 100vw, 158px\" \/><\/a><figcaption id=\"caption-attachment-206\" class=\"wp-caption-text\">Ilustraci\u00f3n del castillo de Santa B\u00e1rbara.<\/figcaption><\/figure>\n<p style=\"text-align: justify\">Otro aspecto a comentar son las categor\u00edas que se han trabajado en el blog. La realizaci\u00f3n de temas espec\u00edficos nos ha permitido darnos cuenta de que es necesario llevar a cabo una labor interdisciplinar para realizar entradas completas y detalladas, pues ha sido pr\u00e1cticamente ineludible tratar en com\u00fan los diferentes aspectos culturales, econ\u00f3micos, administrativos, etc&#8230; \u00a0Esto ha supuesto, por tanto, la obligaci\u00f3n de trabajar en grupo y de unificar nuestras fuentes, ya que los diferentes cambios se producen en todos los niveles de la sociedad de manera combinada.<\/p>\n<p style=\"text-align: justify\">Adem\u00e1s la realizaci\u00f3n de una b\u00fasqueda de informaci\u00f3n cada vez m\u00e1s completa nos ha llevado a ampliar las ideas y datos que se buscaba en un principio, ya que para entender la historia de un lugar no podemos aislarnos a las fuentes del mismo, sino que es necesario hacer referencias al entorno del municipio, a su contexto nacional e internacional, etc&#8230;<\/p>\n<p style=\"text-align: justify\">No obstante, y pese a que la b\u00fasqueda de informaci\u00f3n es un elemento clave, hemos llegado a la conclusi\u00f3n que la gran aportaci\u00f3n de este trabajo para el alumnado es la de adquirir conocimientos inform\u00e1ticos b\u00e1sicos de la creaci\u00f3n de blogs y de la correcta maquetaci\u00f3n y publicaci\u00f3n de textos. Por tanto no solo el contenido del blog ha sido provechoso, sino tambi\u00e9n el aprendizaje, en muchos casos de forma intuitiva, de manejo del sistema de edici\u00f3n de un blog.<\/p>\n<p style=\"text-align: justify\">Ahora mismo, posiblemente, podr\u00edamos caer en el error de pensar que sabemos mucho sobre la historia del municipio alicantino tras la realizaci\u00f3n de este trabajo, pero tras reflexionarlo en com\u00fan nos hemos dado cuenta de que lo que sabemos es solo la punta del iceberg de todo lo que hay por aprender.<\/p>\n","protected":false},"excerpt":{"rendered":"<p>La realizaci\u00f3n de este blog nos ha permitido, con nuestra peque\u00f1a investigaci\u00f3n, ampliar nuestros conocimientos sobre el municipio de Alicante. Al tratarse de un periodo completo,\u00a0 con la horquilla temporal del siglo XVIII pareci\u00f3 en un principio motivo de dificultad en la b\u00fasqueda de fuentes, sin embargo, precisamente esta pauta ha permitido realizar un trabajo [&hellip;]<\/p>\n","protected":false},"author":3145,"featured_media":0,"parent":0,"menu_order":3,"comment_status":"open","ping_status":"closed","template":"","meta":{"footnotes":""},"class_list":["post-186","page","type-page","status-publish","hentry"],"_links":{"self":[{"href":"https:\/\/blogs.ua.es\/historiaalicante18\/wp-json\/wp\/v2\/pages\/186","targetHints":{"allow":["GET"]}}],"collection":[{"href":"https:\/\/blogs.ua.es\/historiaalicante18\/wp-json\/wp\/v2\/pages"}],"about":[{"href":"https:\/\/blogs.ua.es\/historiaalicante18\/wp-json\/wp\/v2\/types\/page"}],"author":[{"embeddable":true,"href":"https:\/\/blogs.ua.es\/historiaalicante18\/wp-json\/wp\/v2\/users\/3145"}],"replies":[{"embeddable":true,"href":"https:\/\/blogs.ua.es\/historiaalicante18\/wp-json\/wp\/v2\/comments?post=186"}],"version-history":[{"count":11,"href":"https:\/\/blogs.ua.es\/historiaalicante18\/wp-json\/wp\/v2\/pages\/186\/revisions"}],"predecessor-version":[{"id":214,"href":"https:\/\/blogs.ua.es\/historiaalicante18\/wp-json\/wp\/v2\/pages\/186\/revisions\/214"}],"wp:attachment":[{"href":"https:\/\/blogs.ua.es\/historiaalicante18\/wp-json\/wp\/v2\/media?parent=186"}],"curies":[{"name":"wp","href":"https:\/\/api.w.org\/{rel}","templated":true}]}}