{"id":7,"date":"2013-09-16T17:31:39","date_gmt":"2013-09-16T17:31:39","guid":{"rendered":"https:\/\/blogs.ua.es\/historiaalicante18\/?page_id=7"},"modified":"2014-01-15T13:44:36","modified_gmt":"2014-01-15T13:44:36","slug":"presentacion","status":"publish","type":"page","link":"https:\/\/blogs.ua.es\/historiaalicante18\/presentacion\/","title":{"rendered":"Presentaci\u00f3n"},"content":{"rendered":"<p style=\"text-align: Justify\">Hola, somos Pablo Campillo Santamar\u00eda, Benjam\u00edn Chil\u00e1n Rodr\u00edguez y Sergio Soria Mateo, estudiantes de 5\u00ba curso de licenciatura en Historia, y vamos \u00a0a llevar a cabo la producci\u00f3n de este Blog para la asignatura de Historia Moderna del Pa\u00eds Valenciano.<\/p>\n<p style=\"text-align: Justify\">La tem\u00e1tica del Blog estar\u00e1 centrada en la historia de Alicante tras la concesi\u00f3n de los decretos de nueva planta, o lo que es lo mismo, tras la llegada de los Borbones a la Corona espa\u00f1ola y sus consecuencias en nuestra ciudad.<\/p>\n<p>&nbsp;<\/p>\n<p><img decoding=\"async\" class=\"aligncenter\" alt=\"\" src=\"http:\/\/2.bp.blogspot.com\/-zqhD9ccDICM\/Ti62DlBLlaI\/AAAAAAAAASI\/GiDbPTVtX_s\/s400\/Alicante%2Ben%2Bel%2Bsiglo%2BXVIII.jpg\" \/><\/p>\n","protected":false},"excerpt":{"rendered":"<p>Hola, somos Pablo Campillo Santamar\u00eda, Benjam\u00edn Chil\u00e1n Rodr\u00edguez y Sergio Soria Mateo, estudiantes de 5\u00ba curso de licenciatura en Historia, y vamos \u00a0a llevar a cabo la producci\u00f3n de este Blog para la asignatura de Historia Moderna del Pa\u00eds Valenciano. La tem\u00e1tica del Blog estar\u00e1 centrada en la historia de Alicante tras la concesi\u00f3n de [&hellip;]<\/p>\n","protected":false},"author":3136,"featured_media":0,"parent":0,"menu_order":0,"comment_status":"open","ping_status":"closed","template":"","meta":{"footnotes":""},"class_list":["post-7","page","type-page","status-publish","hentry"],"_links":{"self":[{"href":"https:\/\/blogs.ua.es\/historiaalicante18\/wp-json\/wp\/v2\/pages\/7","targetHints":{"allow":["GET"]}}],"collection":[{"href":"https:\/\/blogs.ua.es\/historiaalicante18\/wp-json\/wp\/v2\/pages"}],"about":[{"href":"https:\/\/blogs.ua.es\/historiaalicante18\/wp-json\/wp\/v2\/types\/page"}],"author":[{"embeddable":true,"href":"https:\/\/blogs.ua.es\/historiaalicante18\/wp-json\/wp\/v2\/users\/3136"}],"replies":[{"embeddable":true,"href":"https:\/\/blogs.ua.es\/historiaalicante18\/wp-json\/wp\/v2\/comments?post=7"}],"version-history":[{"count":12,"href":"https:\/\/blogs.ua.es\/historiaalicante18\/wp-json\/wp\/v2\/pages\/7\/revisions"}],"predecessor-version":[{"id":219,"href":"https:\/\/blogs.ua.es\/historiaalicante18\/wp-json\/wp\/v2\/pages\/7\/revisions\/219"}],"wp:attachment":[{"href":"https:\/\/blogs.ua.es\/historiaalicante18\/wp-json\/wp\/v2\/media?parent=7"}],"curies":[{"name":"wp","href":"https:\/\/api.w.org\/{rel}","templated":true}]}}