{"id":24,"date":"2013-10-03T18:50:21","date_gmt":"2013-10-03T16:50:21","guid":{"rendered":"https:\/\/blogs.ua.es\/historiaalicanteforal\/?page_id=24"},"modified":"2013-12-18T14:23:50","modified_gmt":"2013-12-18T12:23:50","slug":"introduccion","status":"publish","type":"page","link":"https:\/\/blogs.ua.es\/historiaalicanteforal\/introduccion\/","title":{"rendered":"2. Introducci\u00f3n"},"content":{"rendered":"<p style=\"text-align: justify\">Si bien es cierto que el inicio de la Edad Moderna se ubica en 1453 con acontecimientos como el descubrimiento de Am\u00e9rica o la ca\u00edda de Constantinopla vamos a centrar el tema unos a\u00f1os m\u00e1s adelante, a partir de 1490, a\u00f1o en el que la villa de Alicante se convierte en ciudad.<\/p>\n<p style=\"text-align: justify\">Nos encontramos en el momento final de una etapa que ha durado mil largos a\u00f1os: la Edad Media. T\u00e9rminos como burgues\u00eda, imprenta, revoluci\u00f3n, cambio y avance ser\u00e1n protagonistas de este periodo que empieza.<\/p>\n<p style=\"text-align: justify\">La Edad Moderna supuso para Alicante el alcanzar la \u201cmayor\u00eda de edad\u201d y es que fue en 1490 cuando pas\u00f3 de villa a obtener la categor\u00eda de ciudad, en buena parte gracias a su colaboraci\u00f3n en la conquista del Reino Nazar\u00ed de Granada.<\/p>\n<p style=\"text-align: justify\">A comienzos del siglo XVI, Alicante era en t\u00e9rminos econ\u00f3micos y de poblaci\u00f3n la quinta ciudad del Reino de Valencia. Este auge econ\u00f3mico vino motivado en gran medida por la importancia que adquiri\u00f3 su puerto para actividades mercantiles siendo un lugar ideal para el establecimiento de compa\u00f1\u00edas mercantiles y punto de llegada de nav\u00edos italianos, ingleses y holandeses durante varios siglos.<\/p>\n<p style=\"text-align: justify\">Como podemos ver en el blog, la inmigraci\u00f3n o la agricultura fueron tambi\u00e9n importantes contribuyentes del crecimiento econ\u00f3mico, poblacional y cultural que se dio en Alicante en estos siglos.<\/p>\n<p style=\"text-align: justify\">Se trata de un momento de ruptura, de cambio, que tendr\u00e1 como uno de sus mayores protagonistas el cambio cultural de la sociedad, el inicio de la racionalizaci\u00f3n.<\/p>\n<p style=\"text-align: justify\">\u00a1Vuelvan pronto!<\/p>\n","protected":false},"excerpt":{"rendered":"<p>Si bien es cierto que el inicio de la Edad Moderna se ubica en 1453 con acontecimientos como el descubrimiento de Am\u00e9rica o la ca\u00edda de Constantinopla vamos a centrar el tema unos a\u00f1os m\u00e1s adelante, a partir de 1490, &hellip; <a href=\"https:\/\/blogs.ua.es\/historiaalicanteforal\/introduccion\/\">Continue reading <span class=\"meta-nav\">&rarr;<\/span><\/a><\/p>\n","protected":false},"author":3179,"featured_media":0,"parent":0,"menu_order":0,"comment_status":"open","ping_status":"open","template":"","meta":{"footnotes":""},"class_list":["post-24","page","type-page","status-publish","hentry"],"_links":{"self":[{"href":"https:\/\/blogs.ua.es\/historiaalicanteforal\/wp-json\/wp\/v2\/pages\/24","targetHints":{"allow":["GET"]}}],"collection":[{"href":"https:\/\/blogs.ua.es\/historiaalicanteforal\/wp-json\/wp\/v2\/pages"}],"about":[{"href":"https:\/\/blogs.ua.es\/historiaalicanteforal\/wp-json\/wp\/v2\/types\/page"}],"author":[{"embeddable":true,"href":"https:\/\/blogs.ua.es\/historiaalicanteforal\/wp-json\/wp\/v2\/users\/3179"}],"replies":[{"embeddable":true,"href":"https:\/\/blogs.ua.es\/historiaalicanteforal\/wp-json\/wp\/v2\/comments?post=24"}],"version-history":[{"count":8,"href":"https:\/\/blogs.ua.es\/historiaalicanteforal\/wp-json\/wp\/v2\/pages\/24\/revisions"}],"predecessor-version":[{"id":158,"href":"https:\/\/blogs.ua.es\/historiaalicanteforal\/wp-json\/wp\/v2\/pages\/24\/revisions\/158"}],"wp:attachment":[{"href":"https:\/\/blogs.ua.es\/historiaalicanteforal\/wp-json\/wp\/v2\/media?parent=24"}],"curies":[{"name":"wp","href":"https:\/\/api.w.org\/{rel}","templated":true}]}}