{"id":266,"date":"2014-01-14T23:15:45","date_gmt":"2014-01-14T21:15:45","guid":{"rendered":"https:\/\/blogs.ua.es\/historiaalicanteforal\/?page_id=266"},"modified":"2014-01-15T12:33:45","modified_gmt":"2014-01-15T10:33:45","slug":"valoracion-general","status":"publish","type":"page","link":"https:\/\/blogs.ua.es\/historiaalicanteforal\/valoracion-general\/","title":{"rendered":"4. Valoraci\u00f3n general"},"content":{"rendered":"<p style=\"text-align: justify\">Nuestra valoraci\u00f3n sobre el blog, una vez realizado el trabajo de b\u00fasqueda y aportaci\u00f3n de informaci\u00f3n, es muy positiva. Aunque cada uno se ha dedicado a unos apartados espec\u00edficos, el conjunto de los seis apartados es el resultado de un trabajo laboriosos y documentado. El trabajo nos ha servido para conocer la ciudad de Alicante con m\u00e1s detalle en \u00e9poca foral, siglos XVI-XVIII, pero tambi\u00e9n para buscar documentaci\u00f3n en libros, revistas, p\u00e1ginas webs, etc., objetivo b\u00e1sico para la realizaci\u00f3n del blog. Una pr\u00e1ctica distinta a las realizadas en otras asignaturas.<\/p>\n<p style=\"text-align: justify\">Hemos intentado realizar un trabajo de documentaci\u00f3n variado, tocando distintos temas dentro del mismo apartado, as\u00ed que esperamos que sea de vuestro agrado, y que os sirvan de ayuda, tanto las entradas como la bibliograf\u00eda aportada.<\/p>\n<p style=\"text-align: justify\">Todos aquellos que est\u00e9n interesados en este blog, no\u00a0dud\u00e9is\u00a0en dejadnos comentarios, todo tipo de preguntas e incluso a\u00f1adir informaci\u00f3n para complementar y seguir ampliando este blog. Tambi\u00e9n recordaros que tenemos un twitter, @alicanteforal, en el que pod\u00e9is dejarnos vuestros comentarios, noticias y preguntas.<\/p>\n","protected":false},"excerpt":{"rendered":"<p>Nuestra valoraci\u00f3n sobre el blog, una vez realizado el trabajo de b\u00fasqueda y aportaci\u00f3n de informaci\u00f3n, es muy positiva. Aunque cada uno se ha dedicado a unos apartados espec\u00edficos, el conjunto de los seis apartados es el resultado de un &hellip; <a href=\"https:\/\/blogs.ua.es\/historiaalicanteforal\/valoracion-general\/\">Continue reading <span class=\"meta-nav\">&rarr;<\/span><\/a><\/p>\n","protected":false},"author":3168,"featured_media":0,"parent":0,"menu_order":0,"comment_status":"open","ping_status":"open","template":"","meta":{"footnotes":""},"class_list":["post-266","page","type-page","status-publish","hentry"],"_links":{"self":[{"href":"https:\/\/blogs.ua.es\/historiaalicanteforal\/wp-json\/wp\/v2\/pages\/266","targetHints":{"allow":["GET"]}}],"collection":[{"href":"https:\/\/blogs.ua.es\/historiaalicanteforal\/wp-json\/wp\/v2\/pages"}],"about":[{"href":"https:\/\/blogs.ua.es\/historiaalicanteforal\/wp-json\/wp\/v2\/types\/page"}],"author":[{"embeddable":true,"href":"https:\/\/blogs.ua.es\/historiaalicanteforal\/wp-json\/wp\/v2\/users\/3168"}],"replies":[{"embeddable":true,"href":"https:\/\/blogs.ua.es\/historiaalicanteforal\/wp-json\/wp\/v2\/comments?post=266"}],"version-history":[{"count":5,"href":"https:\/\/blogs.ua.es\/historiaalicanteforal\/wp-json\/wp\/v2\/pages\/266\/revisions"}],"predecessor-version":[{"id":272,"href":"https:\/\/blogs.ua.es\/historiaalicanteforal\/wp-json\/wp\/v2\/pages\/266\/revisions\/272"}],"wp:attachment":[{"href":"https:\/\/blogs.ua.es\/historiaalicanteforal\/wp-json\/wp\/v2\/media?parent=266"}],"curies":[{"name":"wp","href":"https:\/\/api.w.org\/{rel}","templated":true}]}}