{"id":40,"date":"2013-10-18T12:52:01","date_gmt":"2013-10-18T10:52:01","guid":{"rendered":"https:\/\/blogs.ua.es\/historiaalicanteforal\/?page_id=40"},"modified":"2013-12-05T12:41:14","modified_gmt":"2013-12-05T10:41:14","slug":"presentacion","status":"publish","type":"page","link":"https:\/\/blogs.ua.es\/historiaalicanteforal\/presentacion\/","title":{"rendered":"1. Presentaci\u00f3n"},"content":{"rendered":"<p style=\"text-align: justify\">En primer lugar queremos dar la bienvenida a todos aquellos que se interesen por la historia de la ciudad de Alicante y en concreto de la \u00e9poca hist\u00f3rica moderna.<\/p>\n<p style=\"text-align: justify\">Como no pretendemos ser unos desconocidos, sino m\u00e1s bien unos buenos amigos de ustedes, nos presentaremos: somos tres estudiantes de \u00faltimo curso de la licenciatura de historia en la Universidad de Alicante y nuestros nombres son David Manj\u00f3n L\u00f3pez,\u00a0 Juan Manuel P\u00e9rez Gonz\u00e1lez y Juan Carlos Pisabarros Herrezuelo.<\/p>\n<p style=\"text-align: justify\">Nuestro objetivo con la creaci\u00f3n y desarrollo de este blog no es otro m\u00e1s que el ense\u00f1ar, divulgar y entretener con el tel\u00f3n de fondo de una de las ciudades m\u00e1s importantes de nuestro pa\u00eds como es la ciudad de Alicante y de las \u00e9pocas m\u00e1s atractivas de la historia, la Edad Moderna.<\/p>\n<p style=\"text-align: justify\">Simplemente desearles que disfruten de este humilde blog en el que tanto trabajo e ilusi\u00f3n hemos puesto.<\/p>\n<p style=\"text-align: justify\">Recuerden que pueden seguirnos en Twitter en @alicanteforal \u00a1Sin duda la mejor forma de mantenerse al tanto de las nuevas aportaciones al blog!<\/p>\n","protected":false},"excerpt":{"rendered":"<p>En primer lugar queremos dar la bienvenida a todos aquellos que se interesen por la historia de la ciudad de Alicante y en concreto de la \u00e9poca hist\u00f3rica moderna. Como no pretendemos ser unos desconocidos, sino m\u00e1s bien unos buenos &hellip; <a href=\"https:\/\/blogs.ua.es\/historiaalicanteforal\/presentacion\/\">Continue reading <span class=\"meta-nav\">&rarr;<\/span><\/a><\/p>\n","protected":false},"author":3179,"featured_media":0,"parent":0,"menu_order":0,"comment_status":"open","ping_status":"open","template":"","meta":{"footnotes":""},"class_list":["post-40","page","type-page","status-publish","hentry"],"_links":{"self":[{"href":"https:\/\/blogs.ua.es\/historiaalicanteforal\/wp-json\/wp\/v2\/pages\/40","targetHints":{"allow":["GET"]}}],"collection":[{"href":"https:\/\/blogs.ua.es\/historiaalicanteforal\/wp-json\/wp\/v2\/pages"}],"about":[{"href":"https:\/\/blogs.ua.es\/historiaalicanteforal\/wp-json\/wp\/v2\/types\/page"}],"author":[{"embeddable":true,"href":"https:\/\/blogs.ua.es\/historiaalicanteforal\/wp-json\/wp\/v2\/users\/3179"}],"replies":[{"embeddable":true,"href":"https:\/\/blogs.ua.es\/historiaalicanteforal\/wp-json\/wp\/v2\/comments?post=40"}],"version-history":[{"count":3,"href":"https:\/\/blogs.ua.es\/historiaalicanteforal\/wp-json\/wp\/v2\/pages\/40\/revisions"}],"predecessor-version":[{"id":133,"href":"https:\/\/blogs.ua.es\/historiaalicanteforal\/wp-json\/wp\/v2\/pages\/40\/revisions\/133"}],"wp:attachment":[{"href":"https:\/\/blogs.ua.es\/historiaalicanteforal\/wp-json\/wp\/v2\/media?parent=40"}],"curies":[{"name":"wp","href":"https:\/\/api.w.org\/{rel}","templated":true}]}}