{"id":43,"date":"2013-10-25T11:16:40","date_gmt":"2013-10-25T09:16:40","guid":{"rendered":"https:\/\/blogs.ua.es\/historiaalicanteforal\/?page_id=43"},"modified":"2014-01-15T12:41:12","modified_gmt":"2014-01-15T10:41:12","slug":"bibliografia","status":"publish","type":"page","link":"https:\/\/blogs.ua.es\/historiaalicanteforal\/bibliografia\/","title":{"rendered":"3. Bibliograf\u00eda"},"content":{"rendered":"<p style=\"text-align: justify\">ALBEROLA ROM\u00c1, Armando. Propiedad agraria, explotaci\u00f3n de la tiera y producci\u00f3n en el campo de Alicante durante la Edad Moderna. En: <i>Historia de la ciudad de Alicante.<\/i> Alicante: Universidad de Alicante, 1990, pp. 69-76. ISBN: 84-404-8407-0.<\/p>\n<p style=\"text-align: justify\">ALBEROLA ROM\u00c1, Armando<b><i><\/i><\/b><b><i>,<\/i><\/b><b><i>\u00a0<\/i><\/b>MACULE DIE, Rosario,<b><i><\/i><\/b><b><i>\u00a0<\/i><\/b><b><i>\u00a0<\/i><\/b><a href=\"http:\/\/dialnet.unirioja.es\/servlet\/articulo?codigo=4396171\"><i>Jorge Juan Santacilia, s\u00edntesis de una vida al servicio del Estado<\/i><\/a>:\u00a0<a href=\"http:\/\/dialnet.unirioja.es\/servlet\/revista?codigo=6456\">Revista general de marina<\/a>,\u00a0ISSN\u00a00034-9569,\u00a0<a href=\"http:\/\/dialnet.unirioja.es\/servlet\/ejemplar?codigo=341687\">Vol. 265, MES 2 (Agosto-Septiembre), 2013<\/a>\u00a0(Ejemplar dedicado a: Jorge Juan y Santacilia 1713-2013 : Tercer Centenario del nacimiento de Jorge Juan : su obra y su legado), p\u00e1gs. 229-250<\/p>\n<p style=\"text-align: justify\">ARDIT, Manuel. Una reflexi\u00f3n sobre la expulsi\u00f3n de los moriscos valencianos y la repoblaci\u00f3n, <i>Revista de historia moderna<\/i>, Universidad de Valencia, 2009, n\u00ba 27, pp. 295-316. ISSN 0212-5862.<\/p>\n<p style=\"text-align: justify\">BERNAL CUTILLAS, Enrique. \u201c<i><\/i><i>La feria de Alicante (1296-1804)\u201d<\/i>. Anales de la Universidad de Alicante. Historia Medieval. N. 11 (1996-1997), pp. 651-666. ISSN 0212-2480.<\/p>\n<p style=\"text-align: justify\">BERNAL CUTILLAS, Enrique<i><\/i><i>.<\/i><i>\u00a0<\/i><a href=\"http:\/\/dialnet.unirioja.es\/servlet\/articulo?codigo=96165\"><i>La pol\u00e9mica ilustrada sobre la reliquia de la Santa Faz de Alicante<\/i><\/a><i>:<\/i><i>\u00a0<\/i><i>un ataque a la Compa\u00f1\u00eda de Jes\u00fas,<\/i><i>\u00a0<\/i><a href=\"http:\/\/dialnet.unirioja.es\/servlet\/revista?codigo=1181\">Revista de historia moderna: Anales de la Universidad de Alicante<\/a>,\u00a0<a href=\"http:\/\/dialnet.unirioja.es\/servlet\/ejemplar?codigo=9448\">N\u00ba 15, 1996<\/a>\u00a0(Ejemplar dedicado a:\u00a0Jesuitas\u00a0en la Espa\u00f1a del siglo XVIII), p\u00e1gs. 47-72, ISSN\u00a00212-5862.<\/p>\n<p style=\"text-align: justify\">CUEVAS CASA\u00d1A, Joaquim. La poblaci\u00f3n valenciana en la Edad Moderna. En: <i>La poblaci\u00f3n valenciana en la edad moderna: la Marina en los siglos XVI, XVII, XVIII. <\/i>Alicante: Universidad de Alicante, 1991, pp. 5-27. ISBN: 84-7908-035-3.<\/p>\n<p style=\"text-align: justify\">ECH\u00c1NIZ MART\u00cdNEZ, Berta.\u00a0<i>Una aproximaci\u00f3n a \u00a0la espiritualidad femenina en el Alicante de principios del siglo XVII.\u00a0<\/i>Feminismo\/s: resvista del Centro de Estudios sobre la Mujer. Lugar: Universidad de Alicante. N\u00ba 20 (2012). ISSN 1696-8166.<\/p>\n<p style=\"text-align: justify\">LA PARRA, Emilio y JIMENEZ, Enrique, <i>Historia de la ciudad de Alicante, <\/i>Alicante, Universidad de Alicante, 1990. ISBN: 84-404-8407-0.<\/p>\n<p style=\"text-align: justify\">MATEO RIPOLL, Ver\u00f3nica.\u00a0<i>Matrimonio y modo de vida de una familia de la peque\u00f1a nobleza perif\u00e9rica: los Bourgunyo en Alicante<\/i>. Revista de historia moderna. Lugar: Universidad de Alicante. Departamento de Historia Medieval, Historia Moderna y Ciencias y T\u00e9cnicas Historiogr\u00e1ficas. N\u00ba 11 (1992). ISSN 0212-5862.<\/p>\n<p style=\"text-align: justify\">MART\u00cdNEZ L\u00d3PEZ, Manuel. <i>Piratas y corsarios en las costas de Alicante. <\/i>Alicante:<i> <\/i>Editorial Club Universitario<i>, <\/i>2006.\u00a0 ISBN: 84-8454-505-9.<\/p>\n<p style=\"text-align: justify\">MART\u00cdNEZ GOMIS, Mario. <em>El control de los ni\u00f1os moriscos en Alicante tras el decreto de expulsi\u00f3n de 1609. <\/em><em>En:<\/em> <i>Anales de la Universidad de Alicante<\/i>. Alicante: Universidad de Alicante,1981. \u00a0ISSN: 0212-5870.<\/p>\n<p style=\"text-align: justify\">MILL\u00c1N\u00a0P\u00c9REZ<i><\/i><i>,<\/i><i>\u00a0<\/i>Mar\u00eda Isabel<i><\/i><i>.<\/i><i>\u00a0<\/i><i>Antonio<\/i><i>\u00a0<\/i><i>Montaigut<\/i><i>, Esteban de<\/i><i>\u00a0<\/i><i>Pan\u00f3n<\/i><i>\u00a0<\/i><i>y Juan Mart\u00edn<\/i><i>\u00a0<\/i><i>Zerme\u00f1o.<\/i><i>\u00a0<\/i><i>Three<\/i><i>\u00a0<\/i><i>proposals<\/i><i>\u00a0<\/i><i>for<\/i><i>\u00a0<\/i><i>the<\/i><i>\u00a0<\/i><i>defense<\/i><i>\u00a0<\/i><i>of<\/i><i>\u00a0<\/i><i>the<\/i><i>\u00a0<\/i><i>castle<\/i><i>\u00a0<\/i><i>of Alicante,<\/i><i>\u00a0<\/i><a href=\"http:\/\/dialnet.unirioja.es\/servlet\/revista?codigo=1936\">Tiempos modernos: Revista Electr\u00f3nica de Historia Moderna<\/a>,\u00a0<a href=\"http:\/\/dialnet.unirioja.es\/servlet\/ejemplar?codigo=343481\">Vol. 7, N\u00ba. 24, 2012<\/a>\u00a0, 32 p\u00e1gs. ISSN-e\u00a01699-7778.<\/p>\n<p style=\"text-align: justify\">MONTOJO MONTOJO, Vicente. El comercio de Levante durante el valimiento del Conde duque de Olivares (1622-1643<i>). Revista de historia moderna<\/i>. Alicante: Universidad de Alicante, 2006, n\u00ba 24, pp. 459-486. ISSN: 0212-5862.<\/p>\n<p style=\"text-align: justify\">PLA ALBEROLA, Primitivo. La poblaci\u00f3n. En: <i>Historia de la ciudad de Alicante.<\/i> Alicante: Universidad de Alicante, 1990, pp. 3-16. ISBN: 84-404-8407-0.<\/p>\n<p style=\"text-align: justify\">PRADELLS NADAL, Jes\u00fas. Funci\u00f3n comercial y manufacturas. En: <i>Historia de la ciudad de Alicante.<\/i> Alicante: Universidad de Alicante, 1990, pp. 97-118. ISBN: 84-404-8407-0.<\/p>\n<p style=\"text-align: justify\">ROGLES HERN\u00c1NDEZ, Mar\u00eda Asunci\u00f3n. <em>La inmigraci\u00f3n en Alicante (1650-1799)<\/em><i>, Revista de historia moderna<\/i>, Alicante: Universidad de alicante, 1984, n\u00ba4, \u00a0pp. 387-415. ISSN: 0212-5862.<\/p>\n<p style=\"text-align: justify\">SOLER, Emilio<i>. <\/i>La Tragedia de los Moriscos alicantinos. En<i>: Dossier de Prensa de la Universidad de Alicante, originalmente en Diario Informaci\u00f3n<\/i> [en l\u00ednea]. 26 marzo 2000 [consulta: 05\/11\/2013 a las 22:31]. Disponible en:<a href=\"http:\/\/www.ua.es\/dossierprensa\/2000\/03\/26\/8.html\" target=\"_blank\">http:\/\/www.ua.es\/dossierprensa\/2000\/03\/26\/8.html<\/a><\/p>\n","protected":false},"excerpt":{"rendered":"<p>ALBEROLA ROM\u00c1, Armando. Propiedad agraria, explotaci\u00f3n de la tiera y producci\u00f3n en el campo de Alicante durante la Edad Moderna. En: Historia de la ciudad de Alicante. Alicante: Universidad de Alicante, 1990, pp. 69-76. ISBN: 84-404-8407-0. ALBEROLA ROM\u00c1, Armando,\u00a0MACULE DIE, &hellip; <a href=\"https:\/\/blogs.ua.es\/historiaalicanteforal\/bibliografia\/\">Continue reading <span class=\"meta-nav\">&rarr;<\/span><\/a><\/p>\n","protected":false},"author":3179,"featured_media":0,"parent":0,"menu_order":0,"comment_status":"open","ping_status":"open","template":"","meta":{"footnotes":""},"class_list":["post-43","page","type-page","status-publish","hentry"],"_links":{"self":[{"href":"https:\/\/blogs.ua.es\/historiaalicanteforal\/wp-json\/wp\/v2\/pages\/43","targetHints":{"allow":["GET"]}}],"collection":[{"href":"https:\/\/blogs.ua.es\/historiaalicanteforal\/wp-json\/wp\/v2\/pages"}],"about":[{"href":"https:\/\/blogs.ua.es\/historiaalicanteforal\/wp-json\/wp\/v2\/types\/page"}],"author":[{"embeddable":true,"href":"https:\/\/blogs.ua.es\/historiaalicanteforal\/wp-json\/wp\/v2\/users\/3179"}],"replies":[{"embeddable":true,"href":"https:\/\/blogs.ua.es\/historiaalicanteforal\/wp-json\/wp\/v2\/comments?post=43"}],"version-history":[{"count":11,"href":"https:\/\/blogs.ua.es\/historiaalicanteforal\/wp-json\/wp\/v2\/pages\/43\/revisions"}],"predecessor-version":[{"id":274,"href":"https:\/\/blogs.ua.es\/historiaalicanteforal\/wp-json\/wp\/v2\/pages\/43\/revisions\/274"}],"wp:attachment":[{"href":"https:\/\/blogs.ua.es\/historiaalicanteforal\/wp-json\/wp\/v2\/media?parent=43"}],"curies":[{"name":"wp","href":"https:\/\/api.w.org\/{rel}","templated":true}]}}