{"id":10,"date":"2013-09-17T09:12:58","date_gmt":"2013-09-17T09:12:58","guid":{"rendered":"https:\/\/blogs.ua.es\/historiaalicantemedieval\/?page_id=10"},"modified":"2014-01-14T12:41:57","modified_gmt":"2014-01-14T12:41:57","slug":"valoracion-del-trabajo","status":"publish","type":"page","link":"https:\/\/blogs.ua.es\/historiaalicantemedieval\/valoracion-del-trabajo\/","title":{"rendered":"Valoraci\u00f3n del trabajo"},"content":{"rendered":"<p>Este trabajo nos sirve para adentrarnos a la valiosa historia de la ciudad de Alicante. Una ciudad con m\u00e1s de 2000 a\u00f1os de historia. Una historia multicultural, una historia que nos demuestra que la convivencia de diferentes religiones, sociedades e incluso diferentes sistemas socioecon\u00f3micos son posibles en un mismo espacio geo temporal.<\/p>\n<p>Aunque este trabajo este centrado en un periodo de tiempo determinado, la Edad Media, hemos centrado nuestro estudio en la etapa final de la \u00e9poca musulmana de la ciudad y la etapa cristiana en lo que los historiadores denominamos la Baja Edad Media.<\/p>\n<p>Para la elaboraci\u00f3n de este blog hemos usado principalmente fuentes escritas, estudios y trabajos de grandes historiadores que han centrado su trabajo en nuestra ciudad. Entre estos estudios destacamos los art\u00edculos que anualmente son recogidos por la revista de historia de la Universidad de Alicante.<\/p>\n<p>Comenzamos este trabajo con una finalidad clara, a\u00f1adir nuestro peque\u00f1o grano de arena a los enormes esfuerzos de los historiadores para difundir otro tipo de historia. Una historia local, una historia m\u00e1s cercana a la poblaci\u00f3n, una historia donde lo importante es la evoluci\u00f3n temporal de un lugar y no la repetici\u00f3n de nombres de l\u00edderes, de sus hijos, en resumen una historia del linaje de una familia endog\u00e1mica.<\/p>\n<p>Esa era nuestra finalidad y honestamente creemos que hemos sembrado la semilla de un trabajo m\u00e1s amplio, este blog solo es una iniciaci\u00f3n, una breve muestra de la historia de Alicante. Creemos que el objetivo de informar brevemente y directamente a quienes quieran conocer m\u00e1s la historia de nuestra ciudad van a poder hacerlo. Adem\u00e1s hemos adecuado el lenguaje y el formato de la informaci\u00f3n para que no sea necesario ning\u00fan conocimiento espec\u00edfico en historia para comprender f\u00e1cilmente lo escrito.<\/p>\n<p>Finalmente, con el objetivo principal alcanzado, nos hemos dado cuenta redactando esta valoraci\u00f3n que no solo hemos alcanzado el objetivo antes mencionado, sino que nos hemos llevado conocimientos nuevos, una nueva forma de ver nuestra ciudad y una pasi\u00f3n por la historia local, la historia de las calles por las que pasamos diariamente y desconocemos totalmente. Por lo tanto no solo hemos aportado conocimientos para el gran p\u00fablico, sino que nos llevamos una grata experiencia.<\/p>\n<p>Desde el grupo de estudio que ha elaborado este blog os damos las gracias por leer nuestro trabajo y deseamos animados a que sig\u00e1is con ese sentimiento que os ha llevado a leer este trabajo.<br \/>\nUn saludo y gracias.<\/p>\n","protected":false},"excerpt":{"rendered":"<p>Este trabajo nos sirve para adentrarnos a la valiosa historia de la ciudad de Alicante. Una ciudad con m\u00e1s de 2000 a\u00f1os de historia. Una historia multicultural, una historia que nos demuestra que la convivencia de diferentes religiones, sociedades e &hellip; <a href=\"https:\/\/blogs.ua.es\/historiaalicantemedieval\/valoracion-del-trabajo\/\">Continue reading <span class=\"meta-nav\">&rarr;<\/span><\/a><\/p>\n","protected":false},"author":1909,"featured_media":0,"parent":0,"menu_order":0,"comment_status":"open","ping_status":"open","template":"","meta":{"footnotes":""},"class_list":["post-10","page","type-page","status-publish","hentry"],"_links":{"self":[{"href":"https:\/\/blogs.ua.es\/historiaalicantemedieval\/wp-json\/wp\/v2\/pages\/10","targetHints":{"allow":["GET"]}}],"collection":[{"href":"https:\/\/blogs.ua.es\/historiaalicantemedieval\/wp-json\/wp\/v2\/pages"}],"about":[{"href":"https:\/\/blogs.ua.es\/historiaalicantemedieval\/wp-json\/wp\/v2\/types\/page"}],"author":[{"embeddable":true,"href":"https:\/\/blogs.ua.es\/historiaalicantemedieval\/wp-json\/wp\/v2\/users\/1909"}],"replies":[{"embeddable":true,"href":"https:\/\/blogs.ua.es\/historiaalicantemedieval\/wp-json\/wp\/v2\/comments?post=10"}],"version-history":[{"count":1,"href":"https:\/\/blogs.ua.es\/historiaalicantemedieval\/wp-json\/wp\/v2\/pages\/10\/revisions"}],"predecessor-version":[{"id":154,"href":"https:\/\/blogs.ua.es\/historiaalicantemedieval\/wp-json\/wp\/v2\/pages\/10\/revisions\/154"}],"wp:attachment":[{"href":"https:\/\/blogs.ua.es\/historiaalicantemedieval\/wp-json\/wp\/v2\/media?parent=10"}],"curies":[{"name":"wp","href":"https:\/\/api.w.org\/{rel}","templated":true}]}}