{"id":7,"date":"2013-09-17T09:12:28","date_gmt":"2013-09-17T09:12:28","guid":{"rendered":"https:\/\/blogs.ua.es\/historiaalicantemedieval\/?page_id=7"},"modified":"2014-01-15T21:10:05","modified_gmt":"2014-01-15T21:10:05","slug":"introduccion","status":"publish","type":"page","link":"https:\/\/blogs.ua.es\/historiaalicantemedieval\/introduccion\/","title":{"rendered":"Introducci\u00f3n"},"content":{"rendered":"<p>En la etapa final del dominio isl\u00e1mico, la peque\u00f1a Medina de Alicante se vio implicada en el contexto general de anarqu\u00eda dominante en el suroeste Peninsular.\u00a0A mediados del siglo XIII, Alfonso X el Sabio ocupar\u00e1 la ciudad, concediendo a sus nuevos pobladores el Fuero de C\u00f3rdoba.<\/p>\n<p>En un Privilegio de dicho rey, dado en Valladolid el a\u00f1o 1252, se dice lo siguiente:<\/p>\n<p>&lt;&lt;poblados de cristianos la villa de Alicante que ganamos de moros lo uno por que es hi uno de los mejores castillos \u00e9 los mas fuertes que en todo nuestro se\u00f1or\u00edo, \u00e9 por que es puerto de mar de los buenos, \u00e9 de los mas se\u00f1alados que ha en Espa\u00f1a (\u2026) &gt;&gt;<\/p>\n<p>Otro fragmento que explica perfectamente el poblamiento y las nuevas construcciones:<\/p>\n<p>&lt;&lt;Quando el Rey D. Alfonso el Sabio \u2013 explican L\u00f3pez y Malt\u00e9s en 1752 \u2013 la conquist\u00f3 de los Moros, y la pobl\u00f3 de Chistianos, hasta la Marina, corriendo todo lo que ahora los Muros, porque los muros antiguos corr\u00edan menos que los nuevos&gt;&gt;.<\/p>\n<p>Despu\u00e9s de esta conquista y la consiguiente repoblaci\u00f3n con gentes nuevas, no sabemos qu\u00e9 ocurrir\u00eda con los musulmanes en relaci\u00f3n a su permanencia o expulsi\u00f3n de la ciudad. Pese a que Bendicho dir\u00e1 que del todo ech\u00f3 a &lt;&lt;los moros de Alicante&gt;&gt;, y Camilo Jover insistir\u00e1 en lo mismo, &lt;&lt;no dejaron ni rastro de la raza mahometana&gt;&gt;, se supone que el n\u00famero de musulmanes desterrados inicialmente ser\u00eda una minor\u00eda, toda vez que Alfonso X el Sabio, consciente del indiscutible papel de la mano de obra mud\u00e9jar, pidi\u00f3 al Concejo de la Ciudad y al almojarife que nadie avasallase o actuase injustamente contra los musulmanes.<\/p>\n<p>Tras la conquista, se ampliar\u00e1 el recinto isl\u00e1mico de la Medina de Alicante.<\/p>\n<p style=\"text-align: center\"><a href=\"https:\/\/blogs.ua.es\/historiaalicantemedieval\/files\/2013\/12\/alicante3.jpg\"><img loading=\"lazy\" decoding=\"async\" class=\" wp-image-197 aligncenter\" alt=\"alicante3\" src=\"https:\/\/blogs.ua.es\/historiaalicantemedieval\/files\/2013\/12\/alicante3.jpg\" width=\"490\" height=\"326\" srcset=\"https:\/\/blogs.ua.es\/historiaalicantemedieval\/files\/2013\/12\/alicante3.jpg 700w, https:\/\/blogs.ua.es\/historiaalicantemedieval\/files\/2013\/12\/alicante3-300x199.jpg 300w\" sizes=\"auto, (max-width: 490px) 100vw, 490px\" \/><\/a><\/p>\n","protected":false},"excerpt":{"rendered":"<p>En la etapa final del dominio isl\u00e1mico, la peque\u00f1a Medina de Alicante se vio implicada en el contexto general de anarqu\u00eda dominante en el suroeste Peninsular.\u00a0A mediados del siglo XIII, Alfonso X el Sabio ocupar\u00e1 la ciudad, concediendo a sus &hellip; <a href=\"https:\/\/blogs.ua.es\/historiaalicantemedieval\/introduccion\/\">Continue reading <span class=\"meta-nav\">&rarr;<\/span><\/a><\/p>\n","protected":false},"author":1909,"featured_media":0,"parent":0,"menu_order":0,"comment_status":"open","ping_status":"open","template":"","meta":{"footnotes":""},"class_list":["post-7","page","type-page","status-publish","hentry"],"_links":{"self":[{"href":"https:\/\/blogs.ua.es\/historiaalicantemedieval\/wp-json\/wp\/v2\/pages\/7","targetHints":{"allow":["GET"]}}],"collection":[{"href":"https:\/\/blogs.ua.es\/historiaalicantemedieval\/wp-json\/wp\/v2\/pages"}],"about":[{"href":"https:\/\/blogs.ua.es\/historiaalicantemedieval\/wp-json\/wp\/v2\/types\/page"}],"author":[{"embeddable":true,"href":"https:\/\/blogs.ua.es\/historiaalicantemedieval\/wp-json\/wp\/v2\/users\/1909"}],"replies":[{"embeddable":true,"href":"https:\/\/blogs.ua.es\/historiaalicantemedieval\/wp-json\/wp\/v2\/comments?post=7"}],"version-history":[{"count":4,"href":"https:\/\/blogs.ua.es\/historiaalicantemedieval\/wp-json\/wp\/v2\/pages\/7\/revisions"}],"predecessor-version":[{"id":215,"href":"https:\/\/blogs.ua.es\/historiaalicantemedieval\/wp-json\/wp\/v2\/pages\/7\/revisions\/215"}],"wp:attachment":[{"href":"https:\/\/blogs.ua.es\/historiaalicantemedieval\/wp-json\/wp\/v2\/media?parent=7"}],"curies":[{"name":"wp","href":"https:\/\/api.w.org\/{rel}","templated":true}]}}