{"id":33,"date":"2012-01-17T09:18:22","date_gmt":"2012-01-17T09:18:22","guid":{"rendered":"https:\/\/blogs.ua.es\/historiaalicantina\/?page_id=33"},"modified":"2012-01-17T09:18:22","modified_gmt":"2012-01-17T09:18:22","slug":"presentacion-del-blog","status":"publish","type":"page","link":"https:\/\/blogs.ua.es\/historiaalicantina\/presentacion-del-blog\/","title":{"rendered":"Presentaci\u00f3n del Blog"},"content":{"rendered":"<p>\u00a1\u00a1Hola Amig@s!! Somos Alejandro Sim\u00f3n S\u00e1ez y Manuel Soto Bernabeu, estudiantes de Humanidades en la Universidad de Alicante. Estamos realizando este blog para una asignatura de Primer Curso de este Grado llamada Fuentes y Documentos para la Historia. Es una asignatura que toca diversos aspectos de la historia y que nosotros (todos los compa\u00f1eros) vamos a ir reflejando en nuestros respectivos blogs. Este Blog trata de las diversas lenguas que han sido empleadas a lo largo del tiempo por los Alicantinos y a la vez de la Repoblaci\u00f3n Cristiana en Alicante, como se vivi\u00f3 y se llev\u00f3 a cabo por los Reinos Cristianos del Norte de la Pen\u00ednsula Ib\u00e9rica, en \u00e9poca musulmana.<br \/>\n LLevamos mucho tiempo trabajando en ello y ahora es el momento de plasmarlo aqu\u00ed. Hemos recopilado informaci\u00f3n de numerosos sitios que podreis encontrar en el apartado Recursos de Informaci\u00f3n.<\/p>\n<p>Esperamos que os guste, un saludo.<br \/>\nAlejandro y Manuel.<\/p>\n","protected":false},"excerpt":{"rendered":"<p>\u00a1\u00a1Hola Amig@s!! Somos Alejandro Sim\u00f3n S\u00e1ez y Manuel Soto Bernabeu, estudiantes de Humanidades en la Universidad de Alicante. Estamos realizando este blog para una asignatura de Primer Curso de este Grado llamada Fuentes y Documentos para la Historia. Es una &hellip; <a href=\"https:\/\/blogs.ua.es\/historiaalicantina\/presentacion-del-blog\/\">Continue reading <span class=\"meta-nav\">&rarr;<\/span><\/a><\/p>\n","protected":false},"author":2591,"featured_media":0,"parent":0,"menu_order":0,"comment_status":"open","ping_status":"open","template":"","meta":{"footnotes":""},"class_list":["post-33","page","type-page","status-publish","hentry"],"_links":{"self":[{"href":"https:\/\/blogs.ua.es\/historiaalicantina\/wp-json\/wp\/v2\/pages\/33","targetHints":{"allow":["GET"]}}],"collection":[{"href":"https:\/\/blogs.ua.es\/historiaalicantina\/wp-json\/wp\/v2\/pages"}],"about":[{"href":"https:\/\/blogs.ua.es\/historiaalicantina\/wp-json\/wp\/v2\/types\/page"}],"author":[{"embeddable":true,"href":"https:\/\/blogs.ua.es\/historiaalicantina\/wp-json\/wp\/v2\/users\/2591"}],"replies":[{"embeddable":true,"href":"https:\/\/blogs.ua.es\/historiaalicantina\/wp-json\/wp\/v2\/comments?post=33"}],"version-history":[{"count":1,"href":"https:\/\/blogs.ua.es\/historiaalicantina\/wp-json\/wp\/v2\/pages\/33\/revisions"}],"predecessor-version":[{"id":34,"href":"https:\/\/blogs.ua.es\/historiaalicantina\/wp-json\/wp\/v2\/pages\/33\/revisions\/34"}],"wp:attachment":[{"href":"https:\/\/blogs.ua.es\/historiaalicantina\/wp-json\/wp\/v2\/media?parent=33"}],"curies":[{"name":"wp","href":"https:\/\/api.w.org\/{rel}","templated":true}]}}