{"id":79,"date":"2012-01-18T15:15:33","date_gmt":"2012-01-18T15:15:33","guid":{"rendered":"https:\/\/blogs.ua.es\/historiaalicantina\/?page_id=79"},"modified":"2012-01-18T15:15:33","modified_gmt":"2012-01-18T15:15:33","slug":"explicacion-del-tema","status":"publish","type":"page","link":"https:\/\/blogs.ua.es\/historiaalicantina\/explicacion-del-tema\/","title":{"rendered":"Explicaci\u00f3n del Tema"},"content":{"rendered":"<p>En este blog vamos a tratar dos temas diferentes. Las primeras entradas van a estar dedicadas a explicar el fen\u00f3meno de la Repoblaci\u00f3n en general, y como afecto este fen\u00f3meno a la Provincia de Alicante. La Repoblaci\u00f3n va unida a la Reconquista que fue un momento hist\u00f3rico en el cual los Reinos Cristianos del Norte empu\u00f1aron las armas para recuperar los territorios que a\u00f1os atr\u00e1s hab\u00edan perdido y ahora se encontraban en manos de los musulmanes. En la Pronvincia de Alicante la Repoblaci\u00f3n la llev\u00f3 a cabo el Rey Jaime I, Repoblaci\u00f3n que cambi\u00f3 su rumbo con la Expulsi\u00f3n de los Moriscos en el a\u00f1o 1249.<\/p>\n<p>Adem\u00e1s el blog, va a tratar el tema de las Lenguas en Alicante, de las diferentes lenguas que los habitantes de estas tierras han hablado durante la hist\u00f3ria. Estas lenguas han ido variando a lo largo de los siglos, debido al gran inter\u00e9s econ\u00f3mico de esta zona (zona portuaria) lo que ha hecho qeu haya sido objetivo de numerosos pueblos y batallas por su ocupaci\u00f3n.<\/p>\n<p>&nbsp;<\/p>\n<p>Bueno esto es solo un breve resumen, si quereis saber m\u00e1s, solo teneis qeu seguir leyendo. Un saludo.<\/p>\n<p>Manuel Soto y Alejandro Sim\u00f3n.<\/p>\n","protected":false},"excerpt":{"rendered":"<p>En este blog vamos a tratar dos temas diferentes. Las primeras entradas van a estar dedicadas a explicar el fen\u00f3meno de la Repoblaci\u00f3n en general, y como afecto este fen\u00f3meno a la Provincia de Alicante. La Repoblaci\u00f3n va unida a &hellip; <a href=\"https:\/\/blogs.ua.es\/historiaalicantina\/explicacion-del-tema\/\">Continue reading <span class=\"meta-nav\">&rarr;<\/span><\/a><\/p>\n","protected":false},"author":2591,"featured_media":0,"parent":0,"menu_order":0,"comment_status":"open","ping_status":"open","template":"","meta":{"footnotes":""},"class_list":["post-79","page","type-page","status-publish","hentry"],"_links":{"self":[{"href":"https:\/\/blogs.ua.es\/historiaalicantina\/wp-json\/wp\/v2\/pages\/79","targetHints":{"allow":["GET"]}}],"collection":[{"href":"https:\/\/blogs.ua.es\/historiaalicantina\/wp-json\/wp\/v2\/pages"}],"about":[{"href":"https:\/\/blogs.ua.es\/historiaalicantina\/wp-json\/wp\/v2\/types\/page"}],"author":[{"embeddable":true,"href":"https:\/\/blogs.ua.es\/historiaalicantina\/wp-json\/wp\/v2\/users\/2591"}],"replies":[{"embeddable":true,"href":"https:\/\/blogs.ua.es\/historiaalicantina\/wp-json\/wp\/v2\/comments?post=79"}],"version-history":[{"count":1,"href":"https:\/\/blogs.ua.es\/historiaalicantina\/wp-json\/wp\/v2\/pages\/79\/revisions"}],"predecessor-version":[{"id":80,"href":"https:\/\/blogs.ua.es\/historiaalicantina\/wp-json\/wp\/v2\/pages\/79\/revisions\/80"}],"wp:attachment":[{"href":"https:\/\/blogs.ua.es\/historiaalicantina\/wp-json\/wp\/v2\/media?parent=79"}],"curies":[{"name":"wp","href":"https:\/\/api.w.org\/{rel}","templated":true}]}}