{"id":82,"date":"2012-01-18T15:27:51","date_gmt":"2012-01-18T15:27:51","guid":{"rendered":"https:\/\/blogs.ua.es\/historiaalicantina\/?page_id=82"},"modified":"2012-01-18T15:27:51","modified_gmt":"2012-01-18T15:27:51","slug":"metodologia","status":"publish","type":"page","link":"https:\/\/blogs.ua.es\/historiaalicantina\/metodologia\/","title":{"rendered":"Metodolog\u00eda"},"content":{"rendered":"<p>En este post os vamos a explicar como hemos ido desarrollando este blog. Lo primero que hicimos\u00a0fue repartirnos un poco el trabajo, mejor dicho, la b\u00fasqueda de informaci\u00f3n. Alejandro se encarg\u00f3 de la b\u00fasqueda de toda la informaci\u00f3n de inter\u00e9s sobre las lenguas en Alicante. Esa informaci\u00f3n ha sido principalmente encontrada en internet de fuentes como <a href=\"http:\/\/www.monografias.com\/\">www.monografias.com<\/a>\u00a0, <a href=\"http:\/\/www.wikipedia.es\">www.wikipedia.es<\/a><\/p>\n<p>Yo, Manuel me encargu\u00e9 de buscar la informaci\u00f3n acerca de la Repoblaci\u00f3n Cristiana. Primero busqu\u00e9 informaci\u00f3n general sobre Alicante, su origen para despu\u00e9s introducir el tema de la Repoblaci\u00f3n y explicarlo en base a textos y documentos encontrados fundamentalmente en las p\u00e1ginas <a href=\"http:\/\/www.rua.com\/\">www.rua.com<\/a> y la p\u00e1gina web del Ayuntamiento de Alicante.\u00a0<\/p>\n<p>Despu\u00e9s de estar unas semanas recopilando informaci\u00f3n la pusimos en com\u00fan, contemplamos que entradas era mejor poner antes y cuales poner despu\u00e9s. Finalmente, creamos el blog y empezamos a trabajar en \u00e9l. El resultado, este que ve\u00eds.<\/p>\n","protected":false},"excerpt":{"rendered":"<p>En este post os vamos a explicar como hemos ido desarrollando este blog. Lo primero que hicimos\u00a0fue repartirnos un poco el trabajo, mejor dicho, la b\u00fasqueda de informaci\u00f3n. Alejandro se encarg\u00f3 de la b\u00fasqueda de toda la informaci\u00f3n de inter\u00e9s &hellip; <a href=\"https:\/\/blogs.ua.es\/historiaalicantina\/metodologia\/\">Continue reading <span class=\"meta-nav\">&rarr;<\/span><\/a><\/p>\n","protected":false},"author":2591,"featured_media":0,"parent":0,"menu_order":0,"comment_status":"open","ping_status":"open","template":"","meta":{"footnotes":""},"class_list":["post-82","page","type-page","status-publish","hentry"],"_links":{"self":[{"href":"https:\/\/blogs.ua.es\/historiaalicantina\/wp-json\/wp\/v2\/pages\/82","targetHints":{"allow":["GET"]}}],"collection":[{"href":"https:\/\/blogs.ua.es\/historiaalicantina\/wp-json\/wp\/v2\/pages"}],"about":[{"href":"https:\/\/blogs.ua.es\/historiaalicantina\/wp-json\/wp\/v2\/types\/page"}],"author":[{"embeddable":true,"href":"https:\/\/blogs.ua.es\/historiaalicantina\/wp-json\/wp\/v2\/users\/2591"}],"replies":[{"embeddable":true,"href":"https:\/\/blogs.ua.es\/historiaalicantina\/wp-json\/wp\/v2\/comments?post=82"}],"version-history":[{"count":2,"href":"https:\/\/blogs.ua.es\/historiaalicantina\/wp-json\/wp\/v2\/pages\/82\/revisions"}],"predecessor-version":[{"id":85,"href":"https:\/\/blogs.ua.es\/historiaalicantina\/wp-json\/wp\/v2\/pages\/82\/revisions\/85"}],"wp:attachment":[{"href":"https:\/\/blogs.ua.es\/historiaalicantina\/wp-json\/wp\/v2\/media?parent=82"}],"curies":[{"name":"wp","href":"https:\/\/api.w.org\/{rel}","templated":true}]}}