{"id":90,"date":"2012-01-18T16:19:07","date_gmt":"2012-01-18T16:19:07","guid":{"rendered":"https:\/\/blogs.ua.es\/historiaalicantina\/?page_id=90"},"modified":"2012-01-19T14:22:29","modified_gmt":"2012-01-19T14:22:29","slug":"valoracion","status":"publish","type":"page","link":"https:\/\/blogs.ua.es\/historiaalicantina\/valoracion\/","title":{"rendered":"Valoraci\u00f3n"},"content":{"rendered":"<p>Bueno, con esta valoraci\u00f3n terminamos el blog. La verdad es que hacer el blog ha sido un trabajo entretenido, lo m\u00e1s complicado ha sido encontrar la informaci\u00f3n porque aunque ambos temas son temas que son conocidos por todo el mundo, ese conocimiento es a nivel general y nosotros deb\u00edamos plasmar como se vivieron esos fenomenos en Alicante. La valoraci\u00f3n general del blog, para nosotros es buena, porque hemos buscado informaci\u00f3n general para introducir los temas y despu\u00e9s textos y videos que pueden resultar de inter\u00e9s.\u00a0Bueno, creemos que lo hemos conseguido. Esperamos que os guste mucho.<\/p>\n<p>&nbsp;<\/p>\n<p>Un saludo. Manuel y Alejandro.<\/p>\n","protected":false},"excerpt":{"rendered":"<p>Bueno, con esta valoraci\u00f3n terminamos el blog. La verdad es que hacer el blog ha sido un trabajo entretenido, lo m\u00e1s complicado ha sido encontrar la informaci\u00f3n porque aunque ambos temas son temas que son conocidos por todo el mundo, &hellip; <a href=\"https:\/\/blogs.ua.es\/historiaalicantina\/valoracion\/\">Continue reading <span class=\"meta-nav\">&rarr;<\/span><\/a><\/p>\n","protected":false},"author":2591,"featured_media":0,"parent":0,"menu_order":0,"comment_status":"open","ping_status":"open","template":"","meta":{"footnotes":""},"class_list":["post-90","page","type-page","status-publish","hentry"],"_links":{"self":[{"href":"https:\/\/blogs.ua.es\/historiaalicantina\/wp-json\/wp\/v2\/pages\/90","targetHints":{"allow":["GET"]}}],"collection":[{"href":"https:\/\/blogs.ua.es\/historiaalicantina\/wp-json\/wp\/v2\/pages"}],"about":[{"href":"https:\/\/blogs.ua.es\/historiaalicantina\/wp-json\/wp\/v2\/types\/page"}],"author":[{"embeddable":true,"href":"https:\/\/blogs.ua.es\/historiaalicantina\/wp-json\/wp\/v2\/users\/2591"}],"replies":[{"embeddable":true,"href":"https:\/\/blogs.ua.es\/historiaalicantina\/wp-json\/wp\/v2\/comments?post=90"}],"version-history":[{"count":3,"href":"https:\/\/blogs.ua.es\/historiaalicantina\/wp-json\/wp\/v2\/pages\/90\/revisions"}],"predecessor-version":[{"id":143,"href":"https:\/\/blogs.ua.es\/historiaalicantina\/wp-json\/wp\/v2\/pages\/90\/revisions\/143"}],"wp:attachment":[{"href":"https:\/\/blogs.ua.es\/historiaalicantina\/wp-json\/wp\/v2\/media?parent=90"}],"curies":[{"name":"wp","href":"https:\/\/api.w.org\/{rel}","templated":true}]}}