{"id":19,"date":"2013-10-21T15:44:25","date_gmt":"2013-10-21T15:44:25","guid":{"rendered":"https:\/\/blogs.ua.es\/historiaaltea\/?page_id=19"},"modified":"2013-12-10T09:10:25","modified_gmt":"2013-12-10T09:10:25","slug":"bibliografia","status":"publish","type":"page","link":"https:\/\/blogs.ua.es\/historiaaltea\/bibliografia\/","title":{"rendered":"Bibliograf\u00eda"},"content":{"rendered":"<p>Para la realizaci\u00f3n del blog hemos utilizado la siguiente bibliograf\u00eda:<\/p>\n<ul>\n<li>Llorens Barber, Ram\u00f3n,\u00a0Historia de la villa de Altea, siglo XVIII : libro padr\u00f3n de censos de la Iglesia parroquial, 1666-1783, Ed. Such Serra. 1988.<\/li>\n<li>Gutierrez del Cano, Marcelino, Monograf\u00eda Historica de la Villa de Altea, Diputacion de la provincia de Alicante, 1980.<\/li>\n<\/ul>\n<p>&nbsp;<\/p>\n","protected":false},"excerpt":{"rendered":"<p>Para la realizaci\u00f3n del blog hemos utilizado la siguiente bibliograf\u00eda: Llorens Barber, Ram\u00f3n,\u00a0Historia de la villa de Altea, siglo XVIII : libro padr\u00f3n de censos de la Iglesia parroquial, 1666-1783, Ed. Such Serra. 1988. Gutierrez del Cano, Marcelino, Monograf\u00eda Historica &hellip; <a href=\"https:\/\/blogs.ua.es\/historiaaltea\/bibliografia\/\">Continue reading <span class=\"meta-nav\">&rarr;<\/span><\/a><\/p>\n","protected":false},"author":1913,"featured_media":0,"parent":0,"menu_order":0,"comment_status":"open","ping_status":"open","template":"","meta":{"footnotes":""},"class_list":["post-19","page","type-page","status-publish","hentry"],"_links":{"self":[{"href":"https:\/\/blogs.ua.es\/historiaaltea\/wp-json\/wp\/v2\/pages\/19","targetHints":{"allow":["GET"]}}],"collection":[{"href":"https:\/\/blogs.ua.es\/historiaaltea\/wp-json\/wp\/v2\/pages"}],"about":[{"href":"https:\/\/blogs.ua.es\/historiaaltea\/wp-json\/wp\/v2\/types\/page"}],"author":[{"embeddable":true,"href":"https:\/\/blogs.ua.es\/historiaaltea\/wp-json\/wp\/v2\/users\/1913"}],"replies":[{"embeddable":true,"href":"https:\/\/blogs.ua.es\/historiaaltea\/wp-json\/wp\/v2\/comments?post=19"}],"version-history":[{"count":5,"href":"https:\/\/blogs.ua.es\/historiaaltea\/wp-json\/wp\/v2\/pages\/19\/revisions"}],"predecessor-version":[{"id":59,"href":"https:\/\/blogs.ua.es\/historiaaltea\/wp-json\/wp\/v2\/pages\/19\/revisions\/59"}],"wp:attachment":[{"href":"https:\/\/blogs.ua.es\/historiaaltea\/wp-json\/wp\/v2\/media?parent=19"}],"curies":[{"name":"wp","href":"https:\/\/api.w.org\/{rel}","templated":true}]}}