{"id":21,"date":"2013-10-21T15:44:41","date_gmt":"2013-10-21T15:44:41","guid":{"rendered":"https:\/\/blogs.ua.es\/historiaaltea\/?page_id=21"},"modified":"2014-01-14T18:01:35","modified_gmt":"2014-01-14T18:01:35","slug":"valoracion-personal","status":"publish","type":"page","link":"https:\/\/blogs.ua.es\/historiaaltea\/valoracion-personal\/","title":{"rendered":"Valoraci\u00f3n personal"},"content":{"rendered":"<p>Nos ha parecido de gran utilidad haber realizado \u00e9ste tipo de pr\u00e1cticas vinculadas al manejo de plataformas de difusi\u00f3n como los &#8220;blogs&#8221;.\u00a0 Dicha pr\u00e1ctica nos permite entrar en contacto con los nuevos medios de informaci\u00f3n, tan fundament\u00e1les en la era tecnol\u00f3gica en la que nos encontramos.<\/p>\n<p>La selecci\u00f3n del tema, Altea en la Edad Moderna, ha sido favorecido, en primer lugar, por la relaci\u00f3n de los participantes del trabajo con el municipio, ya sea por ser alteanos o pertenecientes a municipios vecinos. En segundo lugar, hemos querido desarrollar el tema para ofrecer a los visitantes al blog, una mejor imagen de Altea, y en concreto, del per\u00edodo moderno del municipio.<\/p>\n<p>Nuestra intenci\u00f3n es, que al salir del blog, los visitantes hayan adquirido alg\u00fan conocimiento m\u00e1s sobre este pueblo mediterr\u00e1neo de la costa alicantina.<\/p>\n","protected":false},"excerpt":{"rendered":"<p>Nos ha parecido de gran utilidad haber realizado \u00e9ste tipo de pr\u00e1cticas vinculadas al manejo de plataformas de difusi\u00f3n como los &#8220;blogs&#8221;.\u00a0 Dicha pr\u00e1ctica nos permite entrar en contacto con los nuevos medios de informaci\u00f3n, tan fundament\u00e1les en la era &hellip; <a href=\"https:\/\/blogs.ua.es\/historiaaltea\/valoracion-personal\/\">Continue reading <span class=\"meta-nav\">&rarr;<\/span><\/a><\/p>\n","protected":false},"author":1913,"featured_media":0,"parent":0,"menu_order":0,"comment_status":"open","ping_status":"open","template":"","meta":{"footnotes":""},"class_list":["post-21","page","type-page","status-publish","hentry"],"_links":{"self":[{"href":"https:\/\/blogs.ua.es\/historiaaltea\/wp-json\/wp\/v2\/pages\/21","targetHints":{"allow":["GET"]}}],"collection":[{"href":"https:\/\/blogs.ua.es\/historiaaltea\/wp-json\/wp\/v2\/pages"}],"about":[{"href":"https:\/\/blogs.ua.es\/historiaaltea\/wp-json\/wp\/v2\/types\/page"}],"author":[{"embeddable":true,"href":"https:\/\/blogs.ua.es\/historiaaltea\/wp-json\/wp\/v2\/users\/1913"}],"replies":[{"embeddable":true,"href":"https:\/\/blogs.ua.es\/historiaaltea\/wp-json\/wp\/v2\/comments?post=21"}],"version-history":[{"count":4,"href":"https:\/\/blogs.ua.es\/historiaaltea\/wp-json\/wp\/v2\/pages\/21\/revisions"}],"predecessor-version":[{"id":120,"href":"https:\/\/blogs.ua.es\/historiaaltea\/wp-json\/wp\/v2\/pages\/21\/revisions\/120"}],"wp:attachment":[{"href":"https:\/\/blogs.ua.es\/historiaaltea\/wp-json\/wp\/v2\/media?parent=21"}],"curies":[{"name":"wp","href":"https:\/\/api.w.org\/{rel}","templated":true}]}}