{"id":9,"date":"2013-09-17T09:36:07","date_gmt":"2013-09-17T09:36:07","guid":{"rendered":"https:\/\/blogs.ua.es\/historiaaltea\/?page_id=9"},"modified":"2014-01-14T20:07:14","modified_gmt":"2014-01-14T20:07:14","slug":"presentacion","status":"publish","type":"page","link":"https:\/\/blogs.ua.es\/historiaaltea\/presentacion\/","title":{"rendered":"Presentaci\u00f3n"},"content":{"rendered":"<p>&nbsp;<\/p>\n<p>Somos Pedro Jaime Zaragoz\u00ed Llopis, Alberto Bravo-Morata Rodr\u00edguez y Miguel Santamar\u00eda Alcaraz, estudiantes de 5\u00ba de la Licenciatura de Historia de la Universidad de Alicante. Inauguramos \u00e9ste blog con motivo de un trabajo de la asignatura Historia Moderna del Pa\u00eds Valenciano y a partir de \u00e9ste momento iremos publicando art\u00edculos relacionados con el tema que hemos elegido, Altea en la Edad Moderna.<\/p>\n<p>A continuaci\u00f3n os dejamos un enlace con un peque\u00f1o v\u00eddeo que hemos realizado a modo de introducci\u00f3n.<\/p>\n<p>https:\/\/www.youtube.com\/watch?v=i7B9hCw9kuE<\/p>\n","protected":false},"excerpt":{"rendered":"<p>&nbsp; Somos Pedro Jaime Zaragoz\u00ed Llopis, Alberto Bravo-Morata Rodr\u00edguez y Miguel Santamar\u00eda Alcaraz, estudiantes de 5\u00ba de la Licenciatura de Historia de la Universidad de Alicante. Inauguramos \u00e9ste blog con motivo de un trabajo de la asignatura Historia Moderna del &hellip; <a href=\"https:\/\/blogs.ua.es\/historiaaltea\/presentacion\/\">Continue reading <span class=\"meta-nav\">&rarr;<\/span><\/a><\/p>\n","protected":false},"author":1882,"featured_media":0,"parent":0,"menu_order":0,"comment_status":"open","ping_status":"open","template":"","meta":{"footnotes":""},"class_list":["post-9","page","type-page","status-publish","hentry"],"_links":{"self":[{"href":"https:\/\/blogs.ua.es\/historiaaltea\/wp-json\/wp\/v2\/pages\/9","targetHints":{"allow":["GET"]}}],"collection":[{"href":"https:\/\/blogs.ua.es\/historiaaltea\/wp-json\/wp\/v2\/pages"}],"about":[{"href":"https:\/\/blogs.ua.es\/historiaaltea\/wp-json\/wp\/v2\/types\/page"}],"author":[{"embeddable":true,"href":"https:\/\/blogs.ua.es\/historiaaltea\/wp-json\/wp\/v2\/users\/1882"}],"replies":[{"embeddable":true,"href":"https:\/\/blogs.ua.es\/historiaaltea\/wp-json\/wp\/v2\/comments?post=9"}],"version-history":[{"count":8,"href":"https:\/\/blogs.ua.es\/historiaaltea\/wp-json\/wp\/v2\/pages\/9\/revisions"}],"predecessor-version":[{"id":126,"href":"https:\/\/blogs.ua.es\/historiaaltea\/wp-json\/wp\/v2\/pages\/9\/revisions\/126"}],"wp:attachment":[{"href":"https:\/\/blogs.ua.es\/historiaaltea\/wp-json\/wp\/v2\/media?parent=9"}],"curies":[{"name":"wp","href":"https:\/\/api.w.org\/{rel}","templated":true}]}}