{"id":10,"date":"2013-09-16T17:34:09","date_gmt":"2013-09-16T17:34:09","guid":{"rendered":"https:\/\/blogs.ua.es\/historiaalzira\/?page_id=10"},"modified":"2014-01-20T15:45:15","modified_gmt":"2014-01-20T15:45:15","slug":"presentacion","status":"publish","type":"page","link":"https:\/\/blogs.ua.es\/historiaalzira\/presentacion\/","title":{"rendered":"Presentaci\u00f3n"},"content":{"rendered":"<p>Somos un grupo de historiadores con la misi\u00f3n de arrojar luz sobre Alzira, una de las localidades mas representativas de la comunidad valenciana. Como profesionales de la historia, no solo aportaremos textos y documentos que reflejen el verdadero sentir de esta poblaci\u00f3n, sino que haremos un estudio de su evoluci\u00f3n a lo largo del tiempo, con esto comprenderemos mejor su configuraci\u00f3n actual y podremos comprender hacia donde se encamina su futuro. Desde los m\u00e1s recurrentes t\u00f3picos de la pedan\u00eda hasta los hechos menos conocidos para el p\u00fablico, todo ello contado desde una \u00f3ptica actual y nueva.<\/p>\n<p>Andrea Ba\u00f1o y David Guti\u00e9rrez<\/p>\n","protected":false},"excerpt":{"rendered":"<p>Somos un grupo de historiadores con la misi\u00f3n de arrojar luz sobre Alzira, una de las localidades mas representativas de la comunidad valenciana. Como profesionales de la historia, no solo aportaremos textos y documentos que reflejen el verdadero sentir de esta poblaci\u00f3n, sino que haremos un estudio de su evoluci\u00f3n a lo largo del tiempo, [&hellip;]<\/p>\n","protected":false},"author":3134,"featured_media":0,"parent":0,"menu_order":1,"comment_status":"open","ping_status":"open","template":"","meta":{"footnotes":""},"class_list":["post-10","page","type-page","status-publish","hentry"],"_links":{"self":[{"href":"https:\/\/blogs.ua.es\/historiaalzira\/wp-json\/wp\/v2\/pages\/10","targetHints":{"allow":["GET"]}}],"collection":[{"href":"https:\/\/blogs.ua.es\/historiaalzira\/wp-json\/wp\/v2\/pages"}],"about":[{"href":"https:\/\/blogs.ua.es\/historiaalzira\/wp-json\/wp\/v2\/types\/page"}],"author":[{"embeddable":true,"href":"https:\/\/blogs.ua.es\/historiaalzira\/wp-json\/wp\/v2\/users\/3134"}],"replies":[{"embeddable":true,"href":"https:\/\/blogs.ua.es\/historiaalzira\/wp-json\/wp\/v2\/comments?post=10"}],"version-history":[{"count":2,"href":"https:\/\/blogs.ua.es\/historiaalzira\/wp-json\/wp\/v2\/pages\/10\/revisions"}],"predecessor-version":[{"id":111,"href":"https:\/\/blogs.ua.es\/historiaalzira\/wp-json\/wp\/v2\/pages\/10\/revisions\/111"}],"wp:attachment":[{"href":"https:\/\/blogs.ua.es\/historiaalzira\/wp-json\/wp\/v2\/media?parent=10"}],"curies":[{"name":"wp","href":"https:\/\/api.w.org\/{rel}","templated":true}]}}