{"id":108,"date":"2014-01-20T15:44:22","date_gmt":"2014-01-20T15:44:22","guid":{"rendered":"https:\/\/blogs.ua.es\/historiaalzira\/?page_id=108"},"modified":"2014-01-20T15:48:44","modified_gmt":"2014-01-20T15:48:44","slug":"presentacion-de-la-poblacion-de-alzira","status":"publish","type":"page","link":"https:\/\/blogs.ua.es\/historiaalzira\/presentacion-de-la-poblacion-de-alzira\/","title":{"rendered":"PRESENTACI\u00d3N DE LA POBLACI\u00d3N DE ALZIRA"},"content":{"rendered":"<p align=\"JUSTIFY\">Alzira, es una ciudad que en origen fue fundada por los \u00e1rabes, bajo el dominio de los cuales fue una poblaci\u00f3n muy importante, llegando a tener gobernaci\u00f3n propia. Bajo \u00e9poca almor\u00e1vide fue un foco de rebeliones contra los cristianos y bajo \u00e9poca almohade, se uni\u00f3 a su favor en el intento de unificaci\u00f3n. Por otra parte, fue reconquistada por Jaime I de Arag\u00f3n, \u00e9xito que fue fundamental para abrir el camino a la conquista del nuevo reino de Valencia. Este monarca les concedi\u00f3 grandes privilegios, como el rango de villa real, gracias al cual Alzira ten\u00eda voto en las Cortes del Reino de Valencia. Se\u00f1alar en este sentido que la vinculaci\u00f3n de Jaime I con Alzira fue constante, pasando largas temporadas en este villa.<\/p>\n<p align=\"JUSTIFY\">Por otra parte, gracias a un monarca posterior, Alfonso I, pudieron celebrar ferias, con el consiguiente beneficio econ\u00f3mico que conllevan. Destacar tamb\u00eden que Alzira particip\u00f3 activamente en la Guerra de la Uni\u00f3n y que tuvo un papel muy destacado en el Compromiso de Caspe.<\/p>\n<p align=\"JUSTIFY\">\u00a0En los siglos XVI y XVII, se produjo un receso en el orden pol\u00edtico y econ\u00f3mico, ya que se los municipios de Carcaixent, Guadasur y Algames\u00ed, se segregaron de la Villa y adem\u00e1s sufri\u00f3 las consecuencias de la expulsi\u00f3n de los moriscos en 1609.<\/p>\n<p align=\"JUSTIFY\">\u00a0En cu\u00e1nto a la Guerra de Sucesi\u00f3n, decir que Alzira se mostr\u00f3 partidaria del archiduque Carlos, por lo que cuando Felipe V venci\u00f3, aboli\u00f3 todos los fueros y privilegios del reino. Tambi\u00e9n me gustar\u00eda se\u00f1alar, que en 1876, Alfonso XII le concedi\u00f3 el t\u00edtulo de ciudad, debido al aumento de poblaci\u00f3n y el desarrollo de la industria y el comercio que hab\u00edan experimentado. As\u00ed, en \u00e9poca franquista, recibi\u00f3 varias visitas del dictador, ya que su desarrollo industrial, as\u00f1i como el cultivo y comercio de la naranja, supusieron una importante fuente de divisas para la econom\u00eda nacional.<\/p>\n<p align=\"JUSTIFY\">\u00a0Por otro lado, destacar que el r\u00edo J\u00facar a causado numerosos estragos entre la poblaci\u00f3n alzire\u00f1a a lo largo de su historia, en la que se han producido m\u00faltiples riadas. Actualmente se est\u00e1 produciendo una descentralizaci\u00f3n respecto a la capital, Valencia, lo que ha permitido el desarrollo de los servicios necesarios para el progreso de la poblaci\u00f3n.<\/p>\n","protected":false},"excerpt":{"rendered":"<p>Alzira, es una ciudad que en origen fue fundada por los \u00e1rabes, bajo el dominio de los cuales fue una poblaci\u00f3n muy importante, llegando a tener gobernaci\u00f3n propia. Bajo \u00e9poca almor\u00e1vide fue un foco de rebeliones contra los cristianos y bajo \u00e9poca almohade, se uni\u00f3 a su favor en el intento de unificaci\u00f3n. Por otra [&hellip;]<\/p>\n","protected":false},"author":3150,"featured_media":112,"parent":0,"menu_order":2,"comment_status":"open","ping_status":"open","template":"","meta":{"footnotes":""},"class_list":["post-108","page","type-page","status-publish","has-post-thumbnail","hentry"],"_links":{"self":[{"href":"https:\/\/blogs.ua.es\/historiaalzira\/wp-json\/wp\/v2\/pages\/108","targetHints":{"allow":["GET"]}}],"collection":[{"href":"https:\/\/blogs.ua.es\/historiaalzira\/wp-json\/wp\/v2\/pages"}],"about":[{"href":"https:\/\/blogs.ua.es\/historiaalzira\/wp-json\/wp\/v2\/types\/page"}],"author":[{"embeddable":true,"href":"https:\/\/blogs.ua.es\/historiaalzira\/wp-json\/wp\/v2\/users\/3150"}],"replies":[{"embeddable":true,"href":"https:\/\/blogs.ua.es\/historiaalzira\/wp-json\/wp\/v2\/comments?post=108"}],"version-history":[{"count":1,"href":"https:\/\/blogs.ua.es\/historiaalzira\/wp-json\/wp\/v2\/pages\/108\/revisions"}],"predecessor-version":[{"id":109,"href":"https:\/\/blogs.ua.es\/historiaalzira\/wp-json\/wp\/v2\/pages\/108\/revisions\/109"}],"wp:featuredmedia":[{"embeddable":true,"href":"https:\/\/blogs.ua.es\/historiaalzira\/wp-json\/wp\/v2\/media\/112"}],"wp:attachment":[{"href":"https:\/\/blogs.ua.es\/historiaalzira\/wp-json\/wp\/v2\/media?parent=108"}],"curies":[{"name":"wp","href":"https:\/\/api.w.org\/{rel}","templated":true}]}}