{"id":93,"date":"2014-01-17T09:47:22","date_gmt":"2014-01-17T09:47:22","guid":{"rendered":"https:\/\/blogs.ua.es\/historiaalzira\/?page_id=93"},"modified":"2014-01-21T09:16:08","modified_gmt":"2014-01-21T09:16:08","slug":"bibliografia","status":"publish","type":"page","link":"https:\/\/blogs.ua.es\/historiaalzira\/bibliografia\/","title":{"rendered":"BIBLIOGRAF\u00cdA"},"content":{"rendered":"<p>&nbsp;<\/p>\n<p style=\"margin-bottom: 0cm\"><span style=\"color: #222222\"><span style=\"font-family: Arial,serif\"><span style=\"font-size: small\">-ARCINIEGA GARC\u00cdA, Luis. Santa Mar\u00eda de la Murta (Alzira): art\u00edfices, comitentes y la damnatio memoriae de D. Diego Vich. En<\/span><\/span><\/span><span style=\"color: #222222\"><span style=\"font-family: Arial,serif\"><span style=\"font-size: small\">\u00a0<\/span><\/span><\/span><span style=\"color: #222222\"><span style=\"font-family: Arial,serif\"><span style=\"font-size: small\"><i>La orden de San Jer\u00f3nimo y sus monasterios: actas del simposium (II), 1\/5-IX-1999<\/i><\/span><\/span><\/span><span style=\"color: #222222\"><span style=\"font-family: Arial,serif\"><span style=\"font-size: small\">. Real Centro Universitario Escorial-Mar\u00eda Cristina, 1999. p. 269-292.<\/span><\/span><\/span><\/p>\n<p>&nbsp;<\/p>\n<p style=\"margin-bottom: 0cm\"><span style=\"color: #222222\"><span style=\"font-family: Arial,serif\"><span style=\"font-size: small\">-CERVERA, Jaume, et al.<\/span><\/span><\/span><span style=\"color: #222222\"><span style=\"font-family: Arial,serif\"><span style=\"font-size: small\">\u00a0<\/span><\/span><\/span><span style=\"color: #222222\"><span style=\"font-family: Arial,serif\"><span style=\"font-size: small\"><i>Las Tres purpuras de Alzira, Bernardo, Maria y Gracia: vida y martirio de los tres santos hermanos<\/i><\/span><\/span><\/span><span style=\"color: #222222\"><span style=\"font-family: Arial,serif\"><span style=\"font-size: small\">. por Jayme Bordazar, 1707.<\/span><\/span><\/span><\/p>\n<p>&nbsp;<\/p>\n<p style=\"margin-bottom: 0cm\"><span style=\"color: #222222\"><span style=\"font-family: Arial,serif\"><span style=\"font-size: small\">-FRANCH BENAVENT, Ricardo; ANDR\u00c9S ROBRES, Fernando. Aproximaci\u00f3n del estudio de los canales de comercializaci\u00f3n de la seda valenciana: el caso de la baron\u00eda de Alberique (1794-1804).<\/span><\/span><\/span><span style=\"color: #222222\"><span style=\"font-family: Arial,serif\"><span style=\"font-size: small\">\u00a0<\/span><\/span><\/span><span style=\"color: #222222\"><span style=\"font-family: Arial,serif\"><span style=\"font-size: small\"><i>Saitabi: revista de la Facultat de Geografia i Hist\u00f2ria<\/i><\/span><\/span><\/span><span style=\"color: #222222\"><span style=\"font-family: Arial,serif\"><span style=\"font-size: small\">, 1983, no 33, p. 125-142.<\/span><\/span><\/span><\/p>\n<p>&nbsp;<\/p>\n<p style=\"margin-bottom: 0cm\"><span style=\"color: #222222\"><span style=\"font-family: Arial,serif\"><span style=\"font-size: small\">-FRANCH BENAVENT, Ricardo. La producci\u00f3n de seda en el Pa\u00eds Valenciano durante el siglo XVIII: Distribuci\u00f3n geogr\u00e1fica y evoluci\u00f3n. 1994<\/span><\/span><\/span><\/p>\n<p>&nbsp;<\/p>\n<p style=\"margin-bottom: 0cm\"><span style=\"color: #222222\"><span style=\"font-family: Arial,serif\"><span style=\"font-size: small\">-FURI\u00d3, Antoni; GARC\u00cdA, Ferr\u00e1n. La econom\u00eda municipal de Alzira a fines del siglo XIV seg\u00fan un libro de cuentas de 1380-1381.<\/span><\/span><\/span><span style=\"color: #222222\"><span style=\"font-family: Arial,serif\"><span style=\"font-size: small\">\u00a0<\/span><\/span><\/span><span style=\"color: #222222\"><span style=\"font-family: Arial,serif\"><span style=\"font-size: small\"><i>En la Espa\u00f1a Medieval<\/i><\/span><\/span><\/span><span style=\"color: #222222\"><span style=\"font-family: Arial,serif\"><span style=\"font-size: small\">, 1985, vol. 7, p. 1611.<\/span><\/span><\/span><\/p>\n<p>&nbsp;<\/p>\n<p style=\"margin-bottom: 0cm\"><span style=\"color: #222222\"><span style=\"font-family: Arial,serif\"><span style=\"font-size: small\">&#8211; Gar\u00e9s, V.M. (2011). Poder pol\u00edtico y violencia social en la villa de Alzira. De la superaci\u00f3n de la Primera German\u00eda a la reordenaci\u00f3n de la insaculaci\u00f3n a mediados del Quinientos.\u00a0<\/span><\/span><\/span><em><span style=\"color: #222222\"><span style=\"font-family: Arial,serif\"><span style=\"font-size: small\">Tiempos modernos, <\/span><\/span><\/span><\/em><span style=\"color: #222222\"><span style=\"font-family: Arial,serif\"><span style=\"font-size: small\">Vol. 7, N\u00ba23, p. 1-34. Recuperado de http:\/\/dialnet.unirioja.es\/servlet\/articulo?codigo=4417769. <\/span><\/span><\/span><\/p>\n<p>&nbsp;<\/p>\n<p style=\"margin-bottom: 0cm\"><span style=\"color: #222222\"><span style=\"font-family: Arial,serif\"><span style=\"font-size: small\">-LACABA, Cristina Partearroyo. Estudio hist\u00f3rico-art\u00edstico de los tejidos de al-Andalus y afines.<\/span><\/span><\/span><span style=\"color: #222222\"><span style=\"font-family: Arial,serif\"><span style=\"font-size: small\">\u00a0<\/span><\/span><\/span><span style=\"color: #222222\"><span style=\"font-family: Arial,serif\"><span style=\"font-size: small\"><i>Bienes culturales: revista del Instituto del Patrimonio Hist\u00f3rico Espa\u00f1ol<\/i><\/span><\/span><\/span><span style=\"color: #222222\"><span style=\"font-family: Arial,serif\"><span style=\"font-size: small\">, 2005, no 5, p. 37-74.<\/span><\/span><\/span><\/p>\n<p>&nbsp;<\/p>\n<p style=\"margin-bottom: 0cm\"><span style=\"color: #222222\"><span style=\"font-family: Arial,serif\"><span style=\"font-size: small\">&#8211; L\u00f3pez, P.J. (1985). La poblaci\u00f3n de Alzira en el siglo XV. <\/span><\/span><\/span><em><span style=\"color: #222222\"><span style=\"font-family: Arial,serif\"><span style=\"font-size: small\">En la espa\u00f1a medieval, <\/span><\/span><\/span><\/em><span style=\"color: #222222\"><span style=\"font-family: Arial,serif\"><span style=\"font-size: small\">N\u00ba7, p.1635-1644. Recuperado de http:\/\/dialnet.unirioja.es\/servlet\/articulo?codigo=122096 <\/span><\/span><\/span><\/p>\n<p>&nbsp;<\/p>\n<p style=\"margin-bottom: 0cm\"><span style=\"color: #222222\"><span style=\"font-family: Arial,serif\"><span style=\"font-size: small\">-L\u00d3PEZ-YARTO ELIZALDE, Amelia; MATEO G\u00d3MEZ, Isabel; RUIZ HERNANDO, Jos\u00e9 Antonio. El monasterio jer\u00f3nimo de Santa Mar\u00eda de la Murta (Valencia).<\/span><\/span><\/span><span style=\"color: #222222\"><span style=\"font-family: Arial,serif\"><span style=\"font-size: small\">\u00a0<\/span><\/span><\/span><span style=\"color: #222222\"><span style=\"font-family: Arial,serif\"><span style=\"font-size: small\"><i>Ars longa: cuadernos de arte<\/i><\/span><\/span><\/span><span style=\"color: #222222\"><span style=\"font-family: Arial,serif\"><span style=\"font-size: small\">, 1995, no 6, p. 17-23.<\/span><\/span><\/span><\/p>\n<p>&nbsp;<\/p>\n<p style=\"margin-bottom: 0cm\"><span style=\"color: #222222\"><span style=\"font-family: Arial,serif\"><span style=\"font-size: small\">&#8211; Pardo, J.F. (1996). Despu\u00e9s de la German\u00eda: control militar en X\u00e1tiva y Alzira (1522-1524). <\/span><\/span><\/span><em><span style=\"color: #222222\"><span style=\"font-family: Arial,serif\"><span style=\"font-size: small\">Saitabi<\/span><\/span><\/span><\/em><span style=\"color: #222222\"><span style=\"font-family: Arial,serif\"><span style=\"font-size: small\">, N\u00ba Extra, p. 95-114. Recuperado de <a href=\"http:\/\/dialnet.unirioja.es\/servlet\/articulo?codigo=1024020\">http:\/\/dialnet.unirioja.es\/servlet\/articulo?codigo=1024020<\/a>.<\/span><\/span><\/span><\/p>\n<p>&nbsp;<\/p>\n<p style=\"margin-bottom: 0cm\"><span style=\"color: #222222\"><span style=\"font-family: Arial,serif\"><span style=\"font-size: small\">&#8211; <\/span><\/span><\/span>Per\u00eds, T. (1991). La problem\u00e1tica g\u00e9nesis del segundo tramo de la Acequia Real del X\u00faquer: or\u00edgenes de la &#8220;Acequia del proyecto&#8221; del duque de H\u00edjar, 1728-1778. <em>Investigaciones geogr\u00e1ficas, N<\/em>\u00ba9, p. 167-190. Recuperado de <a href=\"http:\/\/dialnet.unirioja.es\/servlet\/articulo?codigo=259058\">http:\/\/dialnet.unirioja.es\/servlet\/articulo?codigo=259058<\/a>.<\/p>\n<p>&nbsp;<\/p>\n<p style=\"margin-bottom: 0cm\">&#8211; Peris, T. (1998). <em>Privilegiados, marginados y campesinos: La estructura social de la propiedad de Alzira en 1580, (<\/em>p. 73-124, p. 161-180). Espa\u00f1a: Ayuntamiento de Alzira.<\/p>\n<p>&nbsp;<\/p>\n<p style=\"margin-bottom: 0cm\"><span style=\"color: #222222\"><span style=\"font-family: Arial,serif\"><span style=\"font-size: small\">&#8211; ROM\u00c1, Armando Alberola.<\/span><\/span><\/span><span style=\"color: #222222\"><span style=\"font-family: Arial,serif\"><span style=\"font-size: small\">\u00a0<\/span><\/span><\/span><span style=\"color: #222222\"><span style=\"font-family: Arial,serif\"><span style=\"font-size: small\"><i>Quan la pluja no sap ploure: sequeres i riuades al Pa\u00eds Valenci\u00e0 en l&#8217;Edat Moderna<\/i><\/span><\/span><\/span><span style=\"color: #222222\"><span style=\"font-family: Arial,serif\"><span style=\"font-size: small\">. Universitat de Val\u00e8ncia, 2011.<\/span><\/span><\/span><\/p>\n<p>&nbsp;<\/p>\n<p style=\"margin-bottom: 0cm\"><span style=\"color: #222222\"><span style=\"font-family: Arial,serif\"><span style=\"font-size: small\">&#8211; ROM\u00c1, Armando Alberola; CANTOS, Jorge Olcina.<\/span><\/span><\/span><span style=\"color: #222222\"><span style=\"font-family: Arial,serif\"><span style=\"font-size: small\">\u00a0<\/span><\/span><\/span><span style=\"color: #222222\"><span style=\"font-family: Arial,serif\"><span style=\"font-size: small\"><i>Desastre natural, vida cotidiana y religiosidad popular en la Espa\u00f1a moderna y contempor\u00e1nea<\/i><\/span><\/span><\/span><span style=\"color: #222222\"><span style=\"font-family: Arial,serif\"><span style=\"font-size: small\">. Universidad de Alicante, 2009.<\/span><\/span><\/span><\/p>\n<p>&nbsp;<\/p>\n<p style=\"margin-bottom: 0cm\"><span style=\"color: #222222\"><span style=\"font-family: Arial,serif\"><span style=\"font-size: small\">-SAURA, M. Encarnaci\u00f3n Gil. La expulsi\u00f3n de los moriscos en Alzira: Aspectos econ\u00f3micos (1609-1616).<\/span><\/span><\/span><span style=\"color: #222222\"><span style=\"font-family: Arial,serif\"><span style=\"font-size: small\">\u00a0<\/span><\/span><\/span><span style=\"color: #222222\"><span style=\"font-family: Arial,serif\"><span style=\"font-size: small\"><i>Estudis: Revista de historia moderna<\/i><\/span><\/span><\/span><span style=\"color: #222222\"><span style=\"font-family: Arial,serif\"><span style=\"font-size: small\">, 1981, no 9, p. 49-80.<\/span><\/span><\/span><\/p>\n<p>&nbsp;<\/p>\n<p style=\"margin-bottom: 0cm\"><span style=\"color: #222222\"><span style=\"font-family: Arial,serif\"><span style=\"font-size: small\">-TIMOR, Vicent M. Gar\u00e9s. Poder pol\u00edtico y violencia social en la villa de Alzira. De la superaci\u00f3n de la Primera German\u00eda a la reordenaci\u00f3n de la insaculaci\u00f3n a mediados del Quinientos Political power and social violence in the village of Alzira. <\/span><\/span><\/span><span style=\"color: #222222\"><span style=\"font-family: Arial,serif\"><span style=\"font-size: small\"><span lang=\"en-US\">From the overcoming of the First Germany to the insaculation system.<\/span><\/span><\/span><\/span><span style=\"color: #222222\"><span style=\"font-family: Arial,serif\"><span style=\"font-size: small\"><span lang=\"en-US\"><i>TIEMPOS MODERNOS<\/i><\/span><\/span><\/span><\/span><span style=\"color: #222222\"><span style=\"font-family: Arial,serif\"><span style=\"font-size: small\"><span lang=\"en-US\">, 2011, vol. 23, p. 2.<\/span><\/span><\/span><\/span><\/p>\n<p>&nbsp;<\/p>\n<p style=\"margin-bottom: 0cm\"><span style=\"color: #222222\"><span style=\"font-family: Arial,serif\"><span style=\"font-size: small\">-SAURA, M. Encarnaci\u00f3n Gil. La expulsi\u00f3n de los moriscos en Alzira: Aspectos econ\u00f3micos (1609-1616).<\/span><\/span><\/span><span style=\"color: #222222\"><span style=\"font-family: Arial,serif\"><span style=\"font-size: small\">\u00a0<\/span><\/span><\/span><span style=\"color: #222222\"><span style=\"font-family: Arial,serif\"><span style=\"font-size: small\"><i>Estudis: Revista de historia moderna<\/i><\/span><\/span><\/span><span style=\"color: #222222\"><span style=\"font-family: Arial,serif\"><span style=\"font-size: small\">, 1981, no 9, p. 49-80.<\/span><\/span><\/span><\/p>\n<p>&nbsp;<\/p>\n<p style=\"margin-left: 3.75cm;text-indent: 1.25cm;margin-bottom: 0cm\"><span style=\"color: #222222\"><span style=\"font-family: Arial,serif\"><span style=\"font-size: x-large\"><span style=\"text-decoration: underline\">WEBGRAFIA :<\/span><\/span><\/span><\/span><\/p>\n<p>&nbsp;<\/p>\n<p style=\"margin-bottom: 0cm\"><span style=\"color: #222222\"><span style=\"font-family: Arial,serif\"><span style=\"font-size: small\">-http:\/\/www.cult.gva.es\/dgpa\/bics\/detalles_bics.asp?IdInmueble=4531<\/span><\/span><\/span><\/p>\n<p>&nbsp;<\/p>\n<p style=\"margin-bottom: 0cm\">-http:\/\/www.cult.gva.es\/dgpa\/bics\/detalles_bics.asp?IdInmueble=4531<\/p>\n<p>&nbsp;<\/p>\n<p style=\"margin-bottom: 0cm\">-http:\/\/www.cult.gva.es\/dgpa\/bics\/detalles_bics.asp?IdInmueble=15<\/p>\n<p>&nbsp;<\/p>\n<p style=\"margin-bottom: 0cm\">-http:\/\/www.guiaradcliffe.com\/ver\/14216\/Monumentos-Alzira.html<\/p>\n<p>&nbsp;<\/p>\n<p style=\"margin-bottom: 0cm\">-http:\/\/www.viaesiena.it\/es\/mendicanti\/itinerario_o\/chiesa-sant-agostino\/le-monache-agostiniane\/l-abito-delle-monache-agostinian<\/p>\n<p>&nbsp;<\/p>\n<p>&nbsp;<\/p>\n<p>&nbsp;<\/p>\n<p>&nbsp;<\/p>\n<p>&nbsp;<\/p>\n<p>&nbsp;<\/p>\n<p>&nbsp;<\/p>\n<p>&nbsp;<\/p>\n","protected":false},"excerpt":{"rendered":"<p>&nbsp; -ARCINIEGA GARC\u00cdA, Luis. Santa Mar\u00eda de la Murta (Alzira): art\u00edfices, comitentes y la damnatio memoriae de D. Diego Vich. En\u00a0La orden de San Jer\u00f3nimo y sus monasterios: actas del simposium (II), 1\/5-IX-1999. Real Centro Universitario Escorial-Mar\u00eda Cristina, 1999. p. 269-292. &nbsp; -CERVERA, Jaume, et al.\u00a0Las Tres purpuras de Alzira, Bernardo, Maria y Gracia: vida [&hellip;]<\/p>\n","protected":false},"author":3150,"featured_media":0,"parent":0,"menu_order":3,"comment_status":"open","ping_status":"open","template":"","meta":{"footnotes":""},"class_list":["post-93","page","type-page","status-publish","hentry"],"_links":{"self":[{"href":"https:\/\/blogs.ua.es\/historiaalzira\/wp-json\/wp\/v2\/pages\/93","targetHints":{"allow":["GET"]}}],"collection":[{"href":"https:\/\/blogs.ua.es\/historiaalzira\/wp-json\/wp\/v2\/pages"}],"about":[{"href":"https:\/\/blogs.ua.es\/historiaalzira\/wp-json\/wp\/v2\/types\/page"}],"author":[{"embeddable":true,"href":"https:\/\/blogs.ua.es\/historiaalzira\/wp-json\/wp\/v2\/users\/3150"}],"replies":[{"embeddable":true,"href":"https:\/\/blogs.ua.es\/historiaalzira\/wp-json\/wp\/v2\/comments?post=93"}],"version-history":[{"count":8,"href":"https:\/\/blogs.ua.es\/historiaalzira\/wp-json\/wp\/v2\/pages\/93\/revisions"}],"predecessor-version":[{"id":113,"href":"https:\/\/blogs.ua.es\/historiaalzira\/wp-json\/wp\/v2\/pages\/93\/revisions\/113"}],"wp:attachment":[{"href":"https:\/\/blogs.ua.es\/historiaalzira\/wp-json\/wp\/v2\/media?parent=93"}],"curies":[{"name":"wp","href":"https:\/\/api.w.org\/{rel}","templated":true}]}}