{"id":170,"date":"2012-01-13T12:51:52","date_gmt":"2012-01-13T12:51:52","guid":{"rendered":"https:\/\/blogs.ua.es\/historiaantiguaalicante\/?page_id=170"},"modified":"2012-01-13T12:51:52","modified_gmt":"2012-01-13T12:51:52","slug":"tematica","status":"publish","type":"page","link":"https:\/\/blogs.ua.es\/historiaantiguaalicante\/tematica\/","title":{"rendered":"Tem\u00e1tica"},"content":{"rendered":"<p>La tem\u00e1tica elegida para este blog es como su t\u00edtulo dice, la Historia Antigua en la provincia de Alicante. Hemos decidido hacerlo sobre esta tem\u00e1tica porque es algo que no conociamos demasiado, cuando sin embargo si que conocemos mucho sobre la Edad Antigua de Espa\u00f1a en general. Por todo ello hemos elegido esta tem\u00e1tica a tratar.<\/p>\n<p>Durante la Edad Antigua la provincia de Alicante estuvo poblada mayoritariamente por la civilizaci\u00f3n contestana(un pueblo \u00edbero) y la romana. En este blog indagaremos en los restos que estas apasionantes culturas nos dejaron.<\/p>\n","protected":false},"excerpt":{"rendered":"<p>La tem\u00e1tica elegida para este blog es como su t\u00edtulo dice, la Historia Antigua en la provincia de Alicante. Hemos decidido hacerlo sobre esta tem\u00e1tica porque es algo que no conociamos demasiado, cuando sin embargo si que conocemos mucho sobre la Edad Antigua de Espa\u00f1a en general. Por todo ello hemos elegido esta tem\u00e1tica a [&hellip;]<\/p>\n","protected":false},"author":2443,"featured_media":0,"parent":0,"menu_order":0,"comment_status":"open","ping_status":"open","template":"","meta":{"footnotes":""},"class_list":["post-170","page","type-page","status-publish","hentry"],"_links":{"self":[{"href":"https:\/\/blogs.ua.es\/historiaantiguaalicante\/wp-json\/wp\/v2\/pages\/170","targetHints":{"allow":["GET"]}}],"collection":[{"href":"https:\/\/blogs.ua.es\/historiaantiguaalicante\/wp-json\/wp\/v2\/pages"}],"about":[{"href":"https:\/\/blogs.ua.es\/historiaantiguaalicante\/wp-json\/wp\/v2\/types\/page"}],"author":[{"embeddable":true,"href":"https:\/\/blogs.ua.es\/historiaantiguaalicante\/wp-json\/wp\/v2\/users\/2443"}],"replies":[{"embeddable":true,"href":"https:\/\/blogs.ua.es\/historiaantiguaalicante\/wp-json\/wp\/v2\/comments?post=170"}],"version-history":[{"count":1,"href":"https:\/\/blogs.ua.es\/historiaantiguaalicante\/wp-json\/wp\/v2\/pages\/170\/revisions"}],"predecessor-version":[{"id":173,"href":"https:\/\/blogs.ua.es\/historiaantiguaalicante\/wp-json\/wp\/v2\/pages\/170\/revisions\/173"}],"wp:attachment":[{"href":"https:\/\/blogs.ua.es\/historiaantiguaalicante\/wp-json\/wp\/v2\/media?parent=170"}],"curies":[{"name":"wp","href":"https:\/\/api.w.org\/{rel}","templated":true}]}}