{"id":25,"date":"2012-01-09T18:38:54","date_gmt":"2012-01-09T18:38:54","guid":{"rendered":"https:\/\/blogs.ua.es\/historiaantiguaalicante\/?page_id=25"},"modified":"2012-01-17T12:44:19","modified_gmt":"2012-01-17T12:44:19","slug":"enlaces","status":"publish","type":"page","link":"https:\/\/blogs.ua.es\/historiaantiguaalicante\/enlaces\/","title":{"rendered":"Enlaces"},"content":{"rendered":"<p>Aqui se muestran enlaces a los blogs de nuestros compa\u00f1eros y compa\u00f1eras de Fuentes y Documentos para la Historia:<\/p>\n<p>&nbsp;<\/p>\n<ul>\n<li><strong><a title=\"Documentales sobre la guerra civil espa\u00f1ola\" href=\"https:\/\/blogs.ua.es\/documentalespeliculasguerracivil\/\" target=\"_blank\">Pel\u00edculas y Documentales de la Guerra Civil espa\u00f1ola<\/a>: Blog de Sergio Ca\u00f1ada y Pablo Amor\u00f3s<\/strong><\/li>\n<\/ul>\n<ul>\n<li><strong><a title=\"Blog de juegos de rol e historia\" href=\"https:\/\/blogs.ua.es\/juegosrolhistoria\/\" target=\"_blank\">Historia y juegos de rol<\/a>: Blog de Manuel Blanco y Daniel Moya<\/strong><\/li>\n<\/ul>\n<ul>\n<li><strong><a href=\"https:\/\/blogs.ua.es\/conjuntosarqueologicosalicante\/\" target=\"_blank\">Conjuntos arqueol\u00f3gicos de la provincia de Alicante<\/a>: Blog de Antonio G\u00f3mez y Esteban Saravia<\/strong><\/li>\n<\/ul>\n<ul>\n<li><strong><a href=\"https:\/\/blogs.ua.es\/carlosespla\/\" target=\"_blank\">Carlos Espl\u00e1<\/a>: Blog de Otto A. Corona y Jesus S. Castellano<\/strong><\/li>\n<\/ul>\n<ul>\n<li><strong><a href=\"https:\/\/blogs.ua.es\/peliculasdocumentalesguerracivil\/\" target=\"_blank\">Peliculas y documentales sobre la guerra civil<\/a>: Blog de Jose Luis Ba\u00f1o Sanchez<\/strong><\/li>\n<\/ul>\n<ul>\n<li><strong><a href=\"https:\/\/blogs.ua.es\/castillosprovinciaalicante\/\" target=\"_blank\">Castillos de la provincia de Alicante<\/a>: Blog de Patricia Poveda y Blanca del Rio<\/strong><\/li>\n<\/ul>\n<ul>\n<li><strong><a href=\"https:\/\/blogs.ua.es\/videojuegoshistoria\/\" target=\"_blank\">Videojuegos de Historia<\/a>: Blog de Kevin Diaz y Antonio Sanchez<\/strong><\/li>\n<\/ul>\n<ul>\n<li><a href=\"https:\/\/blogs.ua.es\/peliculasdocumentalesegipto\/\" target=\"_blank\"><strong>Documentales y pel\u00edculas sobre Egipto<\/strong><\/a>:<strong> Blog de Enrique Castell\u00f3 y Jose Lozano<\/strong><\/li>\n<\/ul>\n<ul>\n<li><a href=\"https:\/\/blogs.ua.es\/peliculasdocumentalescontemporanea\/\" target=\"_blank\"><strong>Peliculas y documentales de la Edad Contemporanea<\/strong><\/a>: <strong>Blog de Patricia Rosell e Irene Amor\u00f3s<\/strong><\/li>\n<\/ul>\n<ul>\n<li><strong><a href=\"https:\/\/blogs.ua.es\/climatologiaespana\/\" target=\"_blank\">Climatolog\u00eda en Espa\u00f1a<\/a>: Blog de Diego Jodal y Paula Yag\u00fce<\/strong><\/li>\n<\/ul>\n<ul>\n<li><strong><a href=\"https:\/\/blogs.ua.es\/transiciondemocraciaalicante\/\" target=\"_blank\">La Transici\u00f3n Democr\u00e1tica y la Democracia en Alicante<\/a>: Blog de Miguel Angel Lopez y Vicente Ca\u00f1adas<\/strong><\/li>\n<\/ul>\n<ul>\n<li><strong><a href=\"https:\/\/blogs.ua.es\/documentalespeliculasguerrafria\/\" target=\"_blank\">Pel\u00edculas y documentales sobre la Guerra Fr\u00eda<\/a>: Blog de Victor Manuel Su\u00e1rez y Mar\u00eda M\u00e9ndez<\/strong><\/li>\n<\/ul>\n<ul>\n<li><strong><a href=\"https:\/\/blogs.ua.es\/guerracivilprovinciaalicante\/\" target=\"_blank\">La Guerra Civil en Alicante<\/a>: Blog de Emilio Mar\u00edn y Daniel Arias<\/strong><\/li>\n<\/ul>\n<ul>\n<li><strong><a href=\"https:\/\/blogs.ua.es\/urbanismoalicantexx\/\" target=\"_blank\">Urbanismo en Alicante<\/a>: Blog de Jordi Rubio y Alex Mayor<\/strong><\/li>\n<\/ul>\n<ul>\n<li><strong><a href=\"https:\/\/blogs.ua.es\/peliculashistoriamoderna\/\" target=\"_blank\">Peliculas de Historia Moderna<\/a>: Blog de Carlos Alcaraz y Angel Cilveti<\/strong><\/li>\n<\/ul>\n<ul>\n<li><strong><a href=\"https:\/\/blogs.ua.es\/23fgolpeestado\/\" target=\"_blank\">Golpe de estado 23-F<\/a>: Blog de Alexandra del Cerro<\/strong><\/li>\n<\/ul>\n<ul>\n<li><strong><a href=\"https:\/\/blogs.ua.es\/peliculasdocumentales2guerramundial\/\" target=\"_blank\">Peliculas y documentales sobre la II Guerra Mundial<\/a>: Blog de Mari Monera y David Bastias<\/strong><\/li>\n<\/ul>\n<ul>\n<li><strong><a href=\"https:\/\/blogs.ua.es\/fotografiadocumentalsocial\/\" target=\"_blank\">Fotograf\u00eda documental social<\/a>: Blog de Irene Torres y Maria A. Aliaga<\/strong><\/li>\n<\/ul>\n<ul>\n<li><strong><a href=\"https:\/\/blogs.ua.es\/documentalespeliculasromaantigua\/\" target=\"_blank\">Documentales y pel\u00edculas de Roma<\/a>: Blog de Gabriela Urdampilleta y Estela Ramirez<\/strong><\/li>\n<\/ul>\n<ul>\n<li><a href=\"https:\/\/blogs.ua.es\/parajesnaturalesalicante\/\" target=\"_blank\"><strong>Parajes naturales de Alicante<\/strong><\/a><\/li>\n<\/ul>\n<ul>\n<li><a href=\"https:\/\/blogs.ua.es\/franquismocine\/\" target=\"_blank\"><strong>Franquismo en el cine<\/strong><\/a><\/li>\n<\/ul>\n<p>&nbsp;<\/p>\n","protected":false},"excerpt":{"rendered":"<p>Aqui se muestran enlaces a los blogs de nuestros compa\u00f1eros y compa\u00f1eras de Fuentes y Documentos para la Historia: &nbsp; Pel\u00edculas y Documentales de la Guerra Civil espa\u00f1ola: Blog de Sergio Ca\u00f1ada y Pablo Amor\u00f3s Historia y juegos de rol: Blog de Manuel Blanco y Daniel Moya Conjuntos arqueol\u00f3gicos de la provincia de Alicante: Blog [&hellip;]<\/p>\n","protected":false},"author":2443,"featured_media":0,"parent":0,"menu_order":0,"comment_status":"open","ping_status":"open","template":"","meta":{"footnotes":""},"class_list":["post-25","page","type-page","status-publish","hentry"],"_links":{"self":[{"href":"https:\/\/blogs.ua.es\/historiaantiguaalicante\/wp-json\/wp\/v2\/pages\/25","targetHints":{"allow":["GET"]}}],"collection":[{"href":"https:\/\/blogs.ua.es\/historiaantiguaalicante\/wp-json\/wp\/v2\/pages"}],"about":[{"href":"https:\/\/blogs.ua.es\/historiaantiguaalicante\/wp-json\/wp\/v2\/types\/page"}],"author":[{"embeddable":true,"href":"https:\/\/blogs.ua.es\/historiaantiguaalicante\/wp-json\/wp\/v2\/users\/2443"}],"replies":[{"embeddable":true,"href":"https:\/\/blogs.ua.es\/historiaantiguaalicante\/wp-json\/wp\/v2\/comments?post=25"}],"version-history":[{"count":15,"href":"https:\/\/blogs.ua.es\/historiaantiguaalicante\/wp-json\/wp\/v2\/pages\/25\/revisions"}],"predecessor-version":[{"id":30,"href":"https:\/\/blogs.ua.es\/historiaantiguaalicante\/wp-json\/wp\/v2\/pages\/25\/revisions\/30"}],"wp:attachment":[{"href":"https:\/\/blogs.ua.es\/historiaantiguaalicante\/wp-json\/wp\/v2\/media?parent=25"}],"curies":[{"name":"wp","href":"https:\/\/api.w.org\/{rel}","templated":true}]}}