{"id":61,"date":"2012-01-10T20:37:04","date_gmt":"2012-01-10T20:37:04","guid":{"rendered":"https:\/\/blogs.ua.es\/historiaantiguaalicante\/?page_id=61"},"modified":"2012-01-18T10:47:13","modified_gmt":"2012-01-18T10:47:13","slug":"indice-de-entradas","status":"publish","type":"page","link":"https:\/\/blogs.ua.es\/historiaantiguaalicante\/indice-de-entradas\/","title":{"rendered":"Indice de entradas"},"content":{"rendered":"<p><strong>1. <a href=\"https:\/\/blogs.ua.es\/historiaantiguaalicante\/2012\/01\/09\/39\/\">Inscripciones romanas en la provincia de Alicante<\/a><\/strong><\/p>\n<p><strong>2. <a title=\"Cer\u00e1mica estampada de La Alcudia de Elche\" href=\"https:\/\/blogs.ua.es\/historiaantiguaalicante\/2012\/01\/10\/ceramica-estampada-de-la-alcudia-de-elche\/\">Cer\u00e1mica estampada de La Alcudia de Elche<\/a><\/strong><\/p>\n<p><strong>3. <a title=\"Videos ilustrativos del parque arqueol\u00f3gico La Alcudia de Elche\" href=\"https:\/\/blogs.ua.es\/historiaantiguaalicante\/2012\/01\/10\/55\/\">Videos ilustrativos del parque arqueol\u00f3gico La Alcudia de Elche<\/a><\/strong><\/p>\n<p><strong>4. <a title=\"El Tossal de Manises\" href=\"https:\/\/blogs.ua.es\/historiaantiguaalicante\/2012\/01\/11\/el-tossal-de-manises\/\">El Tossal de Manises<\/a><\/strong><\/p>\n<p><strong>5. <a title=\"Yacimiento de La Alcudia. Mapa, caracter\u00edsticas y informaci\u00f3n general\" href=\"https:\/\/blogs.ua.es\/historiaantiguaalicante\/2012\/01\/11\/yacimiento-de-la-alcudia-mapa-caracteristicas-y-informacion-general\/\">Yacimiento de La Alcudia. Mapa, caracter\u00edsticas e informaci\u00f3n general<\/a><\/strong><strong><a title=\"Yacimiento de La Alcudia. Mapa, caracter\u00edsticas y informaci\u00f3n general\" href=\"https:\/\/blogs.ua.es\/historiaantiguaalicante\/2012\/01\/11\/yacimiento-de-la-alcudia-mapa-caracteristicas-y-informacion-general\/\"><br \/>\n<\/a><\/strong><\/p>\n<p><strong>6. <a title=\"Lucentum\" href=\"https:\/\/blogs.ua.es\/historiaantiguaalicante\/2012\/01\/12\/lucentum\/\">Lucentum<\/a><\/strong><\/p>\n<p><strong>7.<a title=\"La decadencia de Alicante\" href=\"https:\/\/blogs.ua.es\/historiaantiguaalicante\/2012\/01\/12\/la-decadencia-de-alicante\/\"> La decadencia de Alicante<\/a><\/strong><\/p>\n<p><strong>8. <a title=\"\u00bfQui\u00e9nes son los Contestanos?\" href=\"https:\/\/blogs.ua.es\/historiaantiguaalicante\/2012\/01\/12\/%c2%bfquienes-son-los-contestanos-2\/\" target=\"_blank\">\u00bfQui\u00e9nes son los contestanos?<\/a><\/strong><\/p>\n<p><strong>9. <a title=\"Los Saladares\" href=\"https:\/\/blogs.ua.es\/historiaantiguaalicante\/2012\/01\/12\/los-saladares\/\" target=\"_blank\">Los Saladares<\/a><\/strong><\/p>\n<p><strong>10. <a title=\"Al-Muwallad\u00edn\" href=\"https:\/\/blogs.ua.es\/historiaantiguaalicante\/2012\/01\/12\/al-muwalladin\/\" target=\"_blank\">Al-Muwallad\u00edn<\/a><\/strong><\/p>\n<p><strong>11. <a title=\"El Monastil\" href=\"https:\/\/blogs.ua.es\/historiaantiguaalicante\/2012\/01\/12\/el-monastil\/\">El Monastil<\/a><\/strong><\/p>\n<p><strong>12. <a title=\"Restos ib\u00e9ricos y romanos en la Illeta dels banyets\" href=\"https:\/\/blogs.ua.es\/historiaantiguaalicante\/2012\/01\/12\/restos-ibericos-y-romanos-en-la-illeta-dels-banyets\/\">Restos \u00edberos y romanos en la Illeta dels Banyets<\/a><\/strong><\/p>\n<p><strong>13. <a title=\"Restos de un puerto romano y de una necr\u00f3polis en D\u00e9nia\" href=\"https:\/\/blogs.ua.es\/historiaantiguaalicante\/2012\/01\/12\/restos-de-un-puerto-romano-y-de-una-necropolis-en-denia\/\">Restos de un puerto romano y de una necr\u00f3polis en D\u00e9nia<\/a><\/strong><\/p>\n<p><strong>14. <a title=\"El valle de las Uvas I: Monforte del Cid\" href=\"https:\/\/blogs.ua.es\/historiaantiguaalicante\/2012\/01\/13\/el-valle-de-las-uvas-i-monforte-del-cid\/\">El valle de las Uvas I: Monforte del Cid<\/a><\/strong><br \/>\n<strong><\/strong><\/p>\n<p><strong>15. <a title=\"El Valle de las Uvas II: Novelda\" href=\"https:\/\/blogs.ua.es\/historiaantiguaalicante\/2012\/01\/13\/el-valle-de-las-uvas-ii-novelda\/\">El Valle de las Uvas II: Novelda<\/a><\/strong><\/p>\n<p><strong>16. <a title=\"El Valle de las Uvas III: Aspe\" href=\"https:\/\/blogs.ua.es\/historiaantiguaalicante\/2012\/01\/13\/el-valle-de-las-uvas-iii-aspe\/\">El Valle de las Uvas III: Aspe<\/a><\/strong><\/p>\n<p><strong>17. <a title=\"La escritura ib\u00e9rica suroriental\" href=\"https:\/\/blogs.ua.es\/historiaantiguaalicante\/2012\/01\/13\/la-escritura-iberica-suroriental\/\">La escrit\u00fara ib\u00e9rica suroriental<\/a><\/strong><\/p>\n<p><strong>18. <a title=\"Descubrimiento de la Dama de Elche\" href=\"https:\/\/blogs.ua.es\/historiaantiguaalicante\/2012\/01\/13\/descubrimiento-de-la-dama-de-elche\/\">Descubrimiento de la Dama de Elche<\/a><\/strong><\/p>\n<p><strong>19. <a href=\"https:\/\/blogs.ua.es\/historiaantiguaalicante\/2012\/01\/16\/restos-arqueologicos-en-la-provincia-de-alicante\/\">Restos arquel\u00f3gicos de la Provincia de Alicante<\/a><\/strong><\/p>\n<p><strong>20. <a href=\"https:\/\/blogs.ua.es\/historiaantiguaalicante\/2012\/01\/16\/la-romanizacion-en-tierras-valencianas\/\">La romanizaci\u00f3n en tierras valencianas<\/a><\/strong><\/p>\n<p><strong>21. <a href=\"https:\/\/blogs.ua.es\/historiaantiguaalicante\/2012\/01\/17\/huellas-griegas-en-contestania\/\">Huellas griegas en Contestania<\/a><\/strong><\/p>\n<p><strong>22. <a href=\"https:\/\/blogs.ua.es\/historiaantiguaalicante\/2012\/01\/17\/restos-romanos-en-santa-pola\/\">Restos romanos en Santa Pola<\/a><\/strong><\/p>\n<p><strong>23. <a href=\"https:\/\/blogs.ua.es\/historiaantiguaalicante\/2012\/01\/17\/principios-de-alcoy\/\">Principios de Alcoy<\/a><\/strong><\/p>\n<p><strong>24. <a href=\"https:\/\/blogs.ua.es\/historiaantiguaalicante\/2012\/01\/17\/%C2%BFcual-es-el-origen-de-catral\/\">\u00bfCu\u00e1l es el origen de Catral?<\/a><\/strong><\/p>\n<p><strong>25. <a href=\"https:\/\/blogs.ua.es\/historiaantiguaalicante\/2012\/01\/17\/yacimiento-del-tossal-de-la-cala\/\">Yacimiento del Tossal de la Cala<\/a><\/strong><\/p>\n<p><strong>26. <a href=\"https:\/\/blogs.ua.es\/historiaantiguaalicante\/2012\/01\/18\/la-fonteta\/\">La Fonteta<\/a><\/strong><\/p>\n<p><strong>27. <a href=\"https:\/\/blogs.ua.es\/historiaantiguaalicante\/2012\/01\/18\/la-ciudad-de-alonis\/\">La ciudad de Alonis<\/a><\/strong><\/p>\n<p><strong>28. <a href=\"https:\/\/blogs.ua.es\/historiaantiguaalicante\/2012\/01\/18\/casetes-y-poble-nou\/\">Casetes y Poble Nou<\/a><\/strong><br \/>\n<strong><\/strong><\/p>\n<p><strong><br \/>\n<\/strong><\/p>\n<p><strong><br \/>\n<\/strong><\/p>\n","protected":false},"excerpt":{"rendered":"<p>1. Inscripciones romanas en la provincia de Alicante 2. Cer\u00e1mica estampada de La Alcudia de Elche 3. Videos ilustrativos del parque arqueol\u00f3gico La Alcudia de Elche 4. El Tossal de Manises 5. Yacimiento de La Alcudia. Mapa, caracter\u00edsticas e informaci\u00f3n general 6. Lucentum 7. La decadencia de Alicante 8. \u00bfQui\u00e9nes son los contestanos? 9. Los [&hellip;]<\/p>\n","protected":false},"author":2443,"featured_media":0,"parent":0,"menu_order":0,"comment_status":"open","ping_status":"open","template":"","meta":{"footnotes":""},"class_list":["post-61","page","type-page","status-publish","hentry"],"_links":{"self":[{"href":"https:\/\/blogs.ua.es\/historiaantiguaalicante\/wp-json\/wp\/v2\/pages\/61","targetHints":{"allow":["GET"]}}],"collection":[{"href":"https:\/\/blogs.ua.es\/historiaantiguaalicante\/wp-json\/wp\/v2\/pages"}],"about":[{"href":"https:\/\/blogs.ua.es\/historiaantiguaalicante\/wp-json\/wp\/v2\/types\/page"}],"author":[{"embeddable":true,"href":"https:\/\/blogs.ua.es\/historiaantiguaalicante\/wp-json\/wp\/v2\/users\/2443"}],"replies":[{"embeddable":true,"href":"https:\/\/blogs.ua.es\/historiaantiguaalicante\/wp-json\/wp\/v2\/comments?post=61"}],"version-history":[{"count":27,"href":"https:\/\/blogs.ua.es\/historiaantiguaalicante\/wp-json\/wp\/v2\/pages\/61\/revisions"}],"predecessor-version":[{"id":79,"href":"https:\/\/blogs.ua.es\/historiaantiguaalicante\/wp-json\/wp\/v2\/pages\/61\/revisions\/79"}],"wp:attachment":[{"href":"https:\/\/blogs.ua.es\/historiaantiguaalicante\/wp-json\/wp\/v2\/media?parent=61"}],"curies":[{"name":"wp","href":"https:\/\/api.w.org\/{rel}","templated":true}]}}