{"id":86,"date":"2012-01-11T21:02:47","date_gmt":"2012-01-11T21:02:47","guid":{"rendered":"https:\/\/blogs.ua.es\/historiaantiguaalicante\/?page_id=86"},"modified":"2012-01-13T13:55:21","modified_gmt":"2012-01-13T13:55:21","slug":"metodologia","status":"publish","type":"page","link":"https:\/\/blogs.ua.es\/historiaantiguaalicante\/metodologia\/","title":{"rendered":"Metodolog\u00eda y recursos"},"content":{"rendered":"<p>Para subir las entradas del blog hemos buscado en primer lugar nombres de yacimientos, restos y sucesos en general relacionados con la Historia Antigua de la provincia en buscadores gen\u00e9ricos como Google, para despu\u00e9s buscar informaci\u00f3n y referencias m\u00e1s detalladas de estas evidencias del pasado en enciclopedias, fundaciones de arqueolog\u00eda, art\u00edculos y buscadores m\u00e1s especializados que nos permitan localizar una informaci\u00f3n m\u00e1s fiable y detallada.<\/p>\n<p>Tras comprobar que esta informaci\u00f3n es correcta, procedemos a redactar las entradas y subirlas.<\/p>\n","protected":false},"excerpt":{"rendered":"<p>Para subir las entradas del blog hemos buscado en primer lugar nombres de yacimientos, restos y sucesos en general relacionados con la Historia Antigua de la provincia en buscadores gen\u00e9ricos como Google, para despu\u00e9s buscar informaci\u00f3n y referencias m\u00e1s detalladas de estas evidencias del pasado en enciclopedias, fundaciones de arqueolog\u00eda, art\u00edculos y buscadores m\u00e1s especializados [&hellip;]<\/p>\n","protected":false},"author":2443,"featured_media":0,"parent":0,"menu_order":0,"comment_status":"open","ping_status":"open","template":"","meta":{"footnotes":""},"class_list":["post-86","page","type-page","status-publish","hentry"],"_links":{"self":[{"href":"https:\/\/blogs.ua.es\/historiaantiguaalicante\/wp-json\/wp\/v2\/pages\/86","targetHints":{"allow":["GET"]}}],"collection":[{"href":"https:\/\/blogs.ua.es\/historiaantiguaalicante\/wp-json\/wp\/v2\/pages"}],"about":[{"href":"https:\/\/blogs.ua.es\/historiaantiguaalicante\/wp-json\/wp\/v2\/types\/page"}],"author":[{"embeddable":true,"href":"https:\/\/blogs.ua.es\/historiaantiguaalicante\/wp-json\/wp\/v2\/users\/2443"}],"replies":[{"embeddable":true,"href":"https:\/\/blogs.ua.es\/historiaantiguaalicante\/wp-json\/wp\/v2\/comments?post=86"}],"version-history":[{"count":8,"href":"https:\/\/blogs.ua.es\/historiaantiguaalicante\/wp-json\/wp\/v2\/pages\/86\/revisions"}],"predecessor-version":[{"id":180,"href":"https:\/\/blogs.ua.es\/historiaantiguaalicante\/wp-json\/wp\/v2\/pages\/86\/revisions\/180"}],"wp:attachment":[{"href":"https:\/\/blogs.ua.es\/historiaantiguaalicante\/wp-json\/wp\/v2\/media?parent=86"}],"curies":[{"name":"wp","href":"https:\/\/api.w.org\/{rel}","templated":true}]}}