{"id":217,"date":"2014-01-15T21:22:55","date_gmt":"2014-01-15T21:22:55","guid":{"rendered":"https:\/\/blogs.ua.es\/historiacallosa\/?page_id=217"},"modified":"2014-01-15T21:59:34","modified_gmt":"2014-01-15T21:59:34","slug":"valoracion-final","status":"publish","type":"page","link":"https:\/\/blogs.ua.es\/historiacallosa\/valoracion-final\/","title":{"rendered":"Valoraci\u00f3n final"},"content":{"rendered":"<p>La documentaci\u00f3n e informaci\u00f3n existente sobre la historia de Callosa de Segura podr\u00edamos decir que es m\u00e1s bien escasa y se encuentra bastante dispersa. Nuestra tarea de recopilaci\u00f3n de informaci\u00f3n se complica a\u00fan m\u00e1s si tenemos que ce\u00f1irnos a una \u00e9poca hist\u00f3rica concreta, en nuestro caso, la moderna.<\/p>\n<p>No sirva lo anterior como una excusa. Lo que queremos remarcar es la dificultad con la que se va encontrar cualquier persona, ya sea de un \u00e1mbito acad\u00e9mico o se trate del p\u00fablico en general, a la hora de querer documentarse sobre los aspectos que aqu\u00ed tratamos.<\/p>\n<p>Es por esto que nuestra pretensi\u00f3n mediante la creaci\u00f3n del blog no es la de hacer una investigaci\u00f3n revolucionaria y no arrojamos datos hasta ahora desconocidos que pudieran alterar la historia conocida hasta el momento. El tiempo y el contexto en el que surge este blog no ha permitido esto. Sin embargo, nuestro prop\u00f3sito es algo m\u00e1s humilde.<\/p>\n<p>A trav\u00e9s del blog tratamos de acercar a todo aquel que se precie a visitarlo una historia resumida, completa y accesible sobre la historia moderna de Callosa. Creemos haber recopilado aqu\u00ed la esencia de la historia moderna de Callosa tratada desde diferentes puntos de vista y en todas sus manifestaciones: econom\u00eda, sociedad, cultura, poblaci\u00f3n, administraci\u00f3n y pol\u00edtica. Nuestro blog puede entenderse entonces como una recopilaci\u00f3n y s\u00edntesis de la informaci\u00f3n e investigaciones ya existentes sobre el tema que nos aborda, poni\u00e9ndola en manos de todo el p\u00fablico mediante este medio digital, que est\u00e1 al alcance de cualquiera.<\/p>\n<p>Todo aquel que desee obtener informaci\u00f3n sobre Callosa de Segura en la modernidad, no tendr\u00e1 m\u00e1s que poner alguna referencia en &#8220;Google&#8221; para que en la primera o las primeras p\u00e1ginas, le aparezca nuestro blog.<\/p>\n<figure id=\"attachment_222\" aria-describedby=\"caption-attachment-222\" style=\"width: 280px\" class=\"wp-caption aligncenter\"><a style=\"line-height: 24px;font-size: 16px;text-align: center\" href=\"https:\/\/blogs.ua.es\/historiacallosa\/files\/2014\/01\/captura.jpg\"><img loading=\"lazy\" decoding=\"async\" class=\" wp-image-222 \" alt=\"captura\" src=\"https:\/\/blogs.ua.es\/historiacallosa\/files\/2014\/01\/captura-300x223.jpg\" width=\"280\" height=\"223\" \/><\/a><figcaption id=\"caption-attachment-222\" class=\"wp-caption-text\">Captura de pantalla en un buscador de internet<\/figcaption><\/figure>\n<p>Con esto podemos decir que estamos bastante satisfechos. Adem\u00e1s, toda la informaci\u00f3n que contiene nuestro blog cuenta con un rigor hist\u00f3rico y cient\u00edfico que se puede constatar mediante la bibliograf\u00eda que adjuntamos.<\/p>\n<p>Esperemos que este trabajo y este granito de arena en el estudio de la historia de Callosa de Segura sirva de aliciente para todos aquellos deseosos de conocer un poquito m\u00e1s y que se encuentren faltos de conocimiento. Consultando el blog el lector quedar\u00e1 bien documentado y le facilitaremos la dura tarea de b\u00fasqueda de informaci\u00f3n, aspecto que quiz\u00e1s haya sido nuestro mayor escollo.<\/p>\n","protected":false},"excerpt":{"rendered":"<p>La documentaci\u00f3n e informaci\u00f3n existente sobre la historia de Callosa de Segura podr\u00edamos decir que es m\u00e1s bien escasa y se encuentra bastante dispersa. Nuestra tarea de recopilaci\u00f3n de informaci\u00f3n se complica a\u00fan m\u00e1s si tenemos que ce\u00f1irnos a una \u00e9poca hist\u00f3rica concreta, en nuestro caso, la moderna. No sirva lo anterior como una excusa. [&hellip;]<\/p>\n","protected":false},"author":3147,"featured_media":0,"parent":0,"menu_order":4,"comment_status":"open","ping_status":"open","template":"","meta":{"footnotes":""},"class_list":["post-217","page","type-page","status-publish","hentry"],"_links":{"self":[{"href":"https:\/\/blogs.ua.es\/historiacallosa\/wp-json\/wp\/v2\/pages\/217","targetHints":{"allow":["GET"]}}],"collection":[{"href":"https:\/\/blogs.ua.es\/historiacallosa\/wp-json\/wp\/v2\/pages"}],"about":[{"href":"https:\/\/blogs.ua.es\/historiacallosa\/wp-json\/wp\/v2\/types\/page"}],"author":[{"embeddable":true,"href":"https:\/\/blogs.ua.es\/historiacallosa\/wp-json\/wp\/v2\/users\/3147"}],"replies":[{"embeddable":true,"href":"https:\/\/blogs.ua.es\/historiacallosa\/wp-json\/wp\/v2\/comments?post=217"}],"version-history":[{"count":7,"href":"https:\/\/blogs.ua.es\/historiacallosa\/wp-json\/wp\/v2\/pages\/217\/revisions"}],"predecessor-version":[{"id":227,"href":"https:\/\/blogs.ua.es\/historiacallosa\/wp-json\/wp\/v2\/pages\/217\/revisions\/227"}],"wp:attachment":[{"href":"https:\/\/blogs.ua.es\/historiacallosa\/wp-json\/wp\/v2\/media?parent=217"}],"curies":[{"name":"wp","href":"https:\/\/api.w.org\/{rel}","templated":true}]}}