{"id":230,"date":"2014-01-15T21:58:29","date_gmt":"2014-01-15T21:58:29","guid":{"rendered":"https:\/\/blogs.ua.es\/historiacallosa\/?page_id=230"},"modified":"2014-01-15T22:04:30","modified_gmt":"2014-01-15T22:04:30","slug":"presentacion-2","status":"publish","type":"page","link":"https:\/\/blogs.ua.es\/historiacallosa\/presentacion-2\/","title":{"rendered":"\u00bfQui\u00e9nes somos?"},"content":{"rendered":"<p>Somos Alberto L\u00f3pez Miralles, Juan Garv\u00ed N\u00fa\u00f1ez y Jes\u00fas Franc\u00e9s Rico, alumnos de 5\u00ba curso de Licenciatura en Historia de la Universidad de Alicante. En este blog vamos a mostrar la Callosa del Segura de \u00c9poca Moderna, para acercarnos un poco m\u00e1s a la historia de Espa\u00f1a y espec\u00edficamente a la historia del Reino de Valencia.<\/p>\n","protected":false},"excerpt":{"rendered":"<p>Somos Alberto L\u00f3pez Miralles, Juan Garv\u00ed N\u00fa\u00f1ez y Jes\u00fas Franc\u00e9s Rico, alumnos de 5\u00ba curso de Licenciatura en Historia de la Universidad de Alicante. En este blog vamos a mostrar la Callosa del Segura de \u00c9poca Moderna, para acercarnos un poco m\u00e1s a la historia de Espa\u00f1a y espec\u00edficamente a la historia del Reino de [&hellip;]<\/p>\n","protected":false},"author":3147,"featured_media":0,"parent":0,"menu_order":1,"comment_status":"open","ping_status":"open","template":"","meta":{"footnotes":""},"class_list":["post-230","page","type-page","status-publish","hentry"],"_links":{"self":[{"href":"https:\/\/blogs.ua.es\/historiacallosa\/wp-json\/wp\/v2\/pages\/230","targetHints":{"allow":["GET"]}}],"collection":[{"href":"https:\/\/blogs.ua.es\/historiacallosa\/wp-json\/wp\/v2\/pages"}],"about":[{"href":"https:\/\/blogs.ua.es\/historiacallosa\/wp-json\/wp\/v2\/types\/page"}],"author":[{"embeddable":true,"href":"https:\/\/blogs.ua.es\/historiacallosa\/wp-json\/wp\/v2\/users\/3147"}],"replies":[{"embeddable":true,"href":"https:\/\/blogs.ua.es\/historiacallosa\/wp-json\/wp\/v2\/comments?post=230"}],"version-history":[{"count":2,"href":"https:\/\/blogs.ua.es\/historiacallosa\/wp-json\/wp\/v2\/pages\/230\/revisions"}],"predecessor-version":[{"id":233,"href":"https:\/\/blogs.ua.es\/historiacallosa\/wp-json\/wp\/v2\/pages\/230\/revisions\/233"}],"wp:attachment":[{"href":"https:\/\/blogs.ua.es\/historiacallosa\/wp-json\/wp\/v2\/media?parent=230"}],"curies":[{"name":"wp","href":"https:\/\/api.w.org\/{rel}","templated":true}]}}