{"id":56,"date":"2013-12-23T19:44:10","date_gmt":"2013-12-23T19:44:10","guid":{"rendered":"https:\/\/blogs.ua.es\/historiacallosa\/?page_id=56"},"modified":"2014-01-15T21:59:03","modified_gmt":"2014-01-15T21:59:03","slug":"economia","status":"publish","type":"page","link":"https:\/\/blogs.ua.es\/historiacallosa\/economia\/","title":{"rendered":"Bibliograf\u00eda"},"content":{"rendered":"<p><span style=\"text-decoration: underline\">Econom\u00eda y sociedad:<\/span><\/p>\n<p><strong>-NAVARRO HERNANDEZ, ANTONIO JOS\u00c9.\u00a0<em>Creaci\u00f3n y consolidaci\u00f3n del municipio de Callosa del Segura en tiempos de fueros.<\/em>\u00a0Instituto Alicantino de Cultura Juan Gil-Albert, Diputaci\u00f3n Provincial de Alicante, 2001. P\u00e1gs. 16-72.<\/strong><\/p>\n<p>Obra que ha servido para desarrollar las resistencias econ\u00f3micas a las que se vio sometida Callosa tras su segregaci\u00f3n, una de las obras de referencia que han servido para elaborar el blog, un pilar b\u00e1sico.<\/p>\n<p><strong>-ALBERT LUCAS, ROQUE FRANCISCO.\u00a0<em>La industria del C\u00e1\u00f1amo en Callosa de Segura (Alicante)<\/em>.\u00a0Instituto Alicantino de Cultura Juan Gil-Albert, Diputaci\u00f3n Provincial de Alicante, 1989. P\u00e1gs. 15-32 y 92-101.<\/strong><\/p>\n<p>La aportaci\u00f3n de Albert Lucas ha sido considerable en varios apartados que hablaban tanto del cultivo del c\u00e1\u00f1amo como de su uso industrial, as\u00ed como implicaciones sociales que tuvo en la poblaci\u00f3n de Callosa con enfermedades derivadas del trabajo industrial del c\u00e1\u00f1amo.<\/p>\n<p><strong>-GIMENEZ FONT, PABLO.\u00a0<em>Geograf\u00eda f\u00edsica y medio ambiente. Gu\u00eda de campo de las XXI jornadas de geograf\u00eda f\u00edsica.\u00a0<\/em>Alicante, 2006. P\u00e1gs. 95-121.<\/strong><\/p>\n<p>Obra que junto con la de Alberola Rom\u00e1 ha tenido una importancia en los apartados concernientes a los efectos naturales catastr\u00f3ficos, como las riadas.<\/p>\n<p><strong>-BERNAB\u00c9 GIL, DAVID.\u00a0<em>La Vega Baja del Segura en v\u00edsperas de la expulsi\u00f3n de los moriscos: estructura de la propiedad de la tierra. P\u00e1gs. <\/em>61-74.<\/strong><\/p>\n<p>Utilizado para dar unas pinceladas a la estructura de la sociedad y la relaci\u00f3n con la posesi\u00f3n de las tierras.<\/p>\n<p><strong>-ALBEROLA ROM\u00c1, ARMANDO.\u00a0<em>Riadas, inundaciones y desastres en el sur valenciano a finales del siglo XVIII.\u00a0<\/em>Papeles de Geograf\u00eda, Universidad de Alicante, 2010. P\u00e1gs. 24-31.<\/strong><\/p>\n<p>Tambi\u00e9n importante como la informaci\u00f3n de Gim\u00e9nez Font, aun que en este caso, m\u00e1s que para detallar los efectos de los desastres, ha servido de explicaci\u00f3n de las medidas preventivas que el municipio llev\u00f3 a cabo para protegerse de estos sucesos.<\/p>\n<p><span style=\"text-decoration: underline\">Cultura y poblaci\u00f3n:<\/span><\/p>\n<p><strong>-NAVARRO HERNANDEZ, ANTONIO JOS\u00c9.\u00a0<em>Creaci\u00f3n y consolidaci\u00f3n del municipio de Callosa del Segura en tiempos de fueros.<\/em>\u00a0Instituto Alicantino de Cultura Juan Gil-Albert, Diputaci\u00f3n Provincial de Alicante, 2001. P\u00e1gs. 20-25.<\/strong><\/p>\n<p>Me ha resultado casi imposible obtener alguna informaci\u00f3n referente a la demograf\u00eda de Callosa en \u00e9poca moderna. El trabajo de Antonio Jos\u00e9 Navarro resulta fundamental, pues es la \u00fanica bibliograf\u00eda en la que he podido encontrar un breve pero completo an\u00e1lisis de la evoluci\u00f3n de la poblaci\u00f3n justo en la \u00e9poca que nos interesa, el periodo que va de los siglos XIV al XVIII. Sin esta obra, lo que podemos leer en este blog sobre poblaci\u00f3n no hubiera sido posible, pues la documentaci\u00f3n tanto f\u00edsica como digital es escas\u00edsima, por no decir inexistente.<\/p>\n<p><strong>-GIMENO MEN\u00c9NDEZ, FRANCISCO<\/strong>.<strong><em> El seseo valenciano de la comunidad de habla alicantina<\/em><\/strong>. <strong>P\u00e1gs. 345-359.<\/strong><\/p>\n<p><strong><\/strong>\u00a0 Buen trabajo sobre la particularidad ling\u00fc\u00edstica de la poblaci\u00f3n de la comarca de la Vega Vega. Esta obra me ha servido para conocer alguna de las causas de la regresi\u00f3n hist\u00f3rica del valenciano en Callosa. Se trata de otro oasis de informaci\u00f3n donde podemos documentarnos sobre un tema tan poco conocido.<\/p>\n<p><strong>Recurso web:<\/strong>\u00a0<a href=\"http:\/\/www.callosadesegura.es\/\">http:\/\/www.callosadesegura.es\/<\/a><\/p>\n<p>La p\u00e1gina web del ayuntamiento de Callosa de Segura es un claro ejemplo de como poner en valor el propio patrimonio y divulgarlo desde un medio digital. Desde los apartados de turismo y cultura podemos acceder a una amplia informaci\u00f3n sobre el patrimonio natural, cultural, hist\u00f3rico y art\u00edstico de Callosa.<\/p>\n<p><span style=\"text-decoration: underline\">Pol\u00edtica y administraci\u00f3n:<\/span><\/p>\n<p><strong>-NAVARRO HERNANDEZ, ANTONIO JOS\u00c9.\u00a0<em>Creaci\u00f3n y consolidaci\u00f3n del municipio de Callosa del Segura en tiempos de fueros.<\/em>\u00a0Instituto Alicantino de Cultura Juan Gil-Albert, Diputaci\u00f3n Provincial de Alicante, 2001.<\/strong><\/p>\n<p align=\"left\">\u00a0 La bibliograf\u00eda empleada para estos apartados concretos de Callosa de Segura es realmente escasa, por lo que ha sido necesario limitar la informaci\u00f3n aportada para poder hacer m\u00e1s de una entrada, ya que el contenido es amplio, pero no sus temas a tratar. He tocado un poco el tema de Alicante ya que ve\u00eda necesario encontrar porqu\u00e9 una poblaci\u00f3n pr\u00f3spera bajo una gobernaci\u00f3n quiere independizarse, as\u00ed he podido dilucidar que estas independencias siempre vienen suscitadas por un abuso previo por parte de la capital. En algunos momentos estas lecturas se vuelven confusas y requieren m\u00e1s de una le\u00edda para comprenderlas, pero espero haber comprendido bien aquello que quer\u00eda transmitir los autores de estas obras.<\/p>\n","protected":false},"excerpt":{"rendered":"<p>Econom\u00eda y sociedad: -NAVARRO HERNANDEZ, ANTONIO JOS\u00c9.\u00a0Creaci\u00f3n y consolidaci\u00f3n del municipio de Callosa del Segura en tiempos de fueros.\u00a0Instituto Alicantino de Cultura Juan Gil-Albert, Diputaci\u00f3n Provincial de Alicante, 2001. P\u00e1gs. 16-72. Obra que ha servido para desarrollar las resistencias econ\u00f3micas a las que se vio sometida Callosa tras su segregaci\u00f3n, una de las obras de [&hellip;]<\/p>\n","protected":false},"author":1924,"featured_media":0,"parent":0,"menu_order":3,"comment_status":"open","ping_status":"open","template":"","meta":{"footnotes":""},"class_list":["post-56","page","type-page","status-publish","hentry"],"_links":{"self":[{"href":"https:\/\/blogs.ua.es\/historiacallosa\/wp-json\/wp\/v2\/pages\/56","targetHints":{"allow":["GET"]}}],"collection":[{"href":"https:\/\/blogs.ua.es\/historiacallosa\/wp-json\/wp\/v2\/pages"}],"about":[{"href":"https:\/\/blogs.ua.es\/historiacallosa\/wp-json\/wp\/v2\/types\/page"}],"author":[{"embeddable":true,"href":"https:\/\/blogs.ua.es\/historiacallosa\/wp-json\/wp\/v2\/users\/1924"}],"replies":[{"embeddable":true,"href":"https:\/\/blogs.ua.es\/historiacallosa\/wp-json\/wp\/v2\/comments?post=56"}],"version-history":[{"count":16,"href":"https:\/\/blogs.ua.es\/historiacallosa\/wp-json\/wp\/v2\/pages\/56\/revisions"}],"predecessor-version":[{"id":220,"href":"https:\/\/blogs.ua.es\/historiacallosa\/wp-json\/wp\/v2\/pages\/56\/revisions\/220"}],"wp:attachment":[{"href":"https:\/\/blogs.ua.es\/historiacallosa\/wp-json\/wp\/v2\/media?parent=56"}],"curies":[{"name":"wp","href":"https:\/\/api.w.org\/{rel}","templated":true}]}}