{"id":361,"date":"2013-12-10T10:25:19","date_gmt":"2013-12-10T10:25:19","guid":{"rendered":"https:\/\/blogs.ua.es\/historiacastalla\/?page_id=361"},"modified":"2013-12-10T10:26:08","modified_gmt":"2013-12-10T10:26:08","slug":"valoracion","status":"publish","type":"page","link":"https:\/\/blogs.ua.es\/historiacastalla\/valoracion\/","title":{"rendered":"Valoraci\u00f3n"},"content":{"rendered":"<p style=\"text-align: justify\">Por lo que respecta a la valoraci\u00f3n cr\u00edtica del trabajo, podemos decir que ha sido una pr\u00e1ctica bastante interesante, ya que nos ha permitido llevar a cabo una actividad que se sale de la cotidianeidad del aula y por otro lado nos permite conocer m\u00e1s sobre una de las ciudades con m\u00e1s historia de nuestra provincia.<\/p>\n<p style=\"text-align: justify\">Uno de nuestros objetivos principales para la realizaci\u00f3n de este trabajo ha sido dar a conocer Castalla al resto de los alicantinos, ya que es una ciudad que est\u00e1 relativamente cerca y a menudo muchos no conocen la importancia de Castalla en la historia de Alicante.<\/p>\n<p style=\"text-align: justify\">Para finalizar con nuestra valoraci\u00f3n, diremos que en general nos hemos divertido bastante durante la elaboraci\u00f3n del trabajo. Adem\u00e1s nos ha permitido desarrollar un punto de vista cr\u00edtico con algunos aspectos que no estaban nada claros en la bibliograf\u00eda consultado, por eso hemos tratado de ser lo m\u00e1s objetivos y rigurosos posibles.<\/p>\n<p style=\"text-align: justify\">Gracias a todos los que haya\u00eds visitado nuestro blog y esperamos vuestros comentarios y cr\u00edticas, intentamos mejorar el blog en todo lo posible y cualquier aportaci\u00f3n es bienvenida.<\/p>\n","protected":false},"excerpt":{"rendered":"<p>Por lo que respecta a la valoraci\u00f3n cr\u00edtica del trabajo, podemos decir que ha sido una pr\u00e1ctica bastante interesante, ya que nos ha permitido llevar a cabo una actividad que se sale de la cotidianeidad del aula y por otro lado nos permite conocer m\u00e1s sobre una de las ciudades con m\u00e1s historia de nuestra [&hellip;]<\/p>\n","protected":false},"author":1682,"featured_media":0,"parent":0,"menu_order":0,"comment_status":"open","ping_status":"open","template":"","meta":{"footnotes":""},"class_list":["post-361","page","type-page","status-publish","hentry"],"_links":{"self":[{"href":"https:\/\/blogs.ua.es\/historiacastalla\/wp-json\/wp\/v2\/pages\/361","targetHints":{"allow":["GET"]}}],"collection":[{"href":"https:\/\/blogs.ua.es\/historiacastalla\/wp-json\/wp\/v2\/pages"}],"about":[{"href":"https:\/\/blogs.ua.es\/historiacastalla\/wp-json\/wp\/v2\/types\/page"}],"author":[{"embeddable":true,"href":"https:\/\/blogs.ua.es\/historiacastalla\/wp-json\/wp\/v2\/users\/1682"}],"replies":[{"embeddable":true,"href":"https:\/\/blogs.ua.es\/historiacastalla\/wp-json\/wp\/v2\/comments?post=361"}],"version-history":[{"count":1,"href":"https:\/\/blogs.ua.es\/historiacastalla\/wp-json\/wp\/v2\/pages\/361\/revisions"}],"predecessor-version":[{"id":362,"href":"https:\/\/blogs.ua.es\/historiacastalla\/wp-json\/wp\/v2\/pages\/361\/revisions\/362"}],"wp:attachment":[{"href":"https:\/\/blogs.ua.es\/historiacastalla\/wp-json\/wp\/v2\/media?parent=361"}],"curies":[{"name":"wp","href":"https:\/\/api.w.org\/{rel}","templated":true}]}}