{"id":370,"date":"2013-12-21T10:03:12","date_gmt":"2013-12-21T10:03:12","guid":{"rendered":"https:\/\/blogs.ua.es\/historiacastalla\/?page_id=370"},"modified":"2013-12-21T10:08:06","modified_gmt":"2013-12-21T10:08:06","slug":"ruta-turistica","status":"publish","type":"page","link":"https:\/\/blogs.ua.es\/historiacastalla\/ruta-turistica\/","title":{"rendered":"Ruta tur\u00edstica"},"content":{"rendered":"<p>En esta ruta tur\u00edstica se recorren los principales edificios de \u00e9poca medieval-moderna de la localidad. No solo aparecen los edificios del centro urbano sino de todo el t\u00e9rmino \u00a0municipal.<\/p>\n<p><a href=\"https:\/\/blogs.ua.es\/historiacastalla\/files\/2013\/12\/Trabajo-Gesti\u00f3n-de-Patrimonio.pdf\">Ruta tur\u00edstica<\/a><\/p>\n<p>&nbsp;<\/p>\n","protected":false},"excerpt":{"rendered":"<p>En esta ruta tur\u00edstica se recorren los principales edificios de \u00e9poca medieval-moderna de la localidad. No solo aparecen los edificios del centro urbano sino de todo el t\u00e9rmino \u00a0municipal. Ruta tur\u00edstica &nbsp;<\/p>\n","protected":false},"author":3159,"featured_media":0,"parent":0,"menu_order":0,"comment_status":"open","ping_status":"open","template":"","meta":{"footnotes":""},"class_list":["post-370","page","type-page","status-publish","hentry"],"_links":{"self":[{"href":"https:\/\/blogs.ua.es\/historiacastalla\/wp-json\/wp\/v2\/pages\/370","targetHints":{"allow":["GET"]}}],"collection":[{"href":"https:\/\/blogs.ua.es\/historiacastalla\/wp-json\/wp\/v2\/pages"}],"about":[{"href":"https:\/\/blogs.ua.es\/historiacastalla\/wp-json\/wp\/v2\/types\/page"}],"author":[{"embeddable":true,"href":"https:\/\/blogs.ua.es\/historiacastalla\/wp-json\/wp\/v2\/users\/3159"}],"replies":[{"embeddable":true,"href":"https:\/\/blogs.ua.es\/historiacastalla\/wp-json\/wp\/v2\/comments?post=370"}],"version-history":[{"count":3,"href":"https:\/\/blogs.ua.es\/historiacastalla\/wp-json\/wp\/v2\/pages\/370\/revisions"}],"predecessor-version":[{"id":374,"href":"https:\/\/blogs.ua.es\/historiacastalla\/wp-json\/wp\/v2\/pages\/370\/revisions\/374"}],"wp:attachment":[{"href":"https:\/\/blogs.ua.es\/historiacastalla\/wp-json\/wp\/v2\/media?parent=370"}],"curies":[{"name":"wp","href":"https:\/\/api.w.org\/{rel}","templated":true}]}}