{"id":75,"date":"2013-10-01T14:11:56","date_gmt":"2013-10-01T14:11:56","guid":{"rendered":"https:\/\/blogs.ua.es\/historiacastalla\/?page_id=75"},"modified":"2013-12-10T10:13:52","modified_gmt":"2013-12-10T10:13:52","slug":"bibliografia-utilizada","status":"publish","type":"page","link":"https:\/\/blogs.ua.es\/historiacastalla\/bibliografia-utilizada\/","title":{"rendered":"Bibliograf\u00eda utilizada"},"content":{"rendered":"<p style=\"text-align: justify\">A continuaci\u00f3n, citaremos el material bibliogr\u00e1fico que hemos empleado para la realizaci\u00f3n del presente trabajo:<\/p>\n<ul>\n<li>GONZ\u00c1LEZ, Miguel \u00c1ngel, <em>Castalla en el origen de la fiesta de Moros y Cristianos, <\/em>Castalla, Agrupaci\u00f3n de Comparsas de Moros y Cristianos de Castalla, 2002.<\/li>\n<li>TORR\u00d3, Mar\u00eda Luisa, <i>Cr\u00f3nica de Castalla, <\/i>Alicante, Caja de Ahorros de la Provincia de Alicante, 1982.<\/li>\n<li>CERD\u00c1, Melecio, <i>Las Villas que componen la uni\u00f3n de la Hoya de Castalla 1705 \u2013 1984,<\/i> Alcoy, Ciudad, 1984.<\/li>\n<li>MORENO, S\u00e1ez Francisco, <i>Historia de L\u2019Alcoi\u00e0, el Comtat i la Foia de Castalla,<\/i> Alicante, Diario Informaci\u00f3n, 1996.<\/li>\n<\/ul>\n","protected":false},"excerpt":{"rendered":"<p>A continuaci\u00f3n, citaremos el material bibliogr\u00e1fico que hemos empleado para la realizaci\u00f3n del presente trabajo: GONZ\u00c1LEZ, Miguel \u00c1ngel, Castalla en el origen de la fiesta de Moros y Cristianos, Castalla, Agrupaci\u00f3n de Comparsas de Moros y Cristianos de Castalla, 2002. TORR\u00d3, Mar\u00eda Luisa, Cr\u00f3nica de Castalla, Alicante, Caja de Ahorros de la Provincia de Alicante, [&hellip;]<\/p>\n","protected":false},"author":1682,"featured_media":0,"parent":0,"menu_order":0,"comment_status":"open","ping_status":"closed","template":"","meta":{"footnotes":""},"class_list":["post-75","page","type-page","status-publish","hentry"],"_links":{"self":[{"href":"https:\/\/blogs.ua.es\/historiacastalla\/wp-json\/wp\/v2\/pages\/75","targetHints":{"allow":["GET"]}}],"collection":[{"href":"https:\/\/blogs.ua.es\/historiacastalla\/wp-json\/wp\/v2\/pages"}],"about":[{"href":"https:\/\/blogs.ua.es\/historiacastalla\/wp-json\/wp\/v2\/types\/page"}],"author":[{"embeddable":true,"href":"https:\/\/blogs.ua.es\/historiacastalla\/wp-json\/wp\/v2\/users\/1682"}],"replies":[{"embeddable":true,"href":"https:\/\/blogs.ua.es\/historiacastalla\/wp-json\/wp\/v2\/comments?post=75"}],"version-history":[{"count":5,"href":"https:\/\/blogs.ua.es\/historiacastalla\/wp-json\/wp\/v2\/pages\/75\/revisions"}],"predecessor-version":[{"id":360,"href":"https:\/\/blogs.ua.es\/historiacastalla\/wp-json\/wp\/v2\/pages\/75\/revisions\/360"}],"wp:attachment":[{"href":"https:\/\/blogs.ua.es\/historiacastalla\/wp-json\/wp\/v2\/media?parent=75"}],"curies":[{"name":"wp","href":"https:\/\/api.w.org\/{rel}","templated":true}]}}