{"id":12,"date":"2019-07-08T14:14:05","date_gmt":"2019-07-08T14:14:05","guid":{"rendered":"https:\/\/blogs.ua.es\/historiaclima\/?page_id=12"},"modified":"2019-10-11T13:59:26","modified_gmt":"2019-10-11T13:59:26","slug":"bibliografia-basica","status":"publish","type":"page","link":"https:\/\/blogs.ua.es\/historiaclima\/propuesta-cientifica\/bibliografia-basica\/","title":{"rendered":"Bibliograf\u00eda b\u00e1sica"},"content":{"rendered":"<p>Aguirre, Benigno (2004): \u201cLos desastres en Latinoam\u00e9rica: vulnerabilidad y resistencia\u201d, <em>Revista Mexicana de Sociolog\u00eda<\/em>, A\u00f1o 66, n\u00ba 3, (julio-septiembre), pp. 485-510.<\/p>\n<p>Alberola Rom\u00e1, A. (2010): <em>Quan la pluja no sap ploure. Sequeres i riudaes al Pa\u00eds Valenci\u00e0 en l\u2019Edat Moderna<\/em>, Val\u00e8ncia, Publicacions de la Universitat de Val\u00e8ncia, 2010.<\/p>\n<p>Alberola Rom\u00e1, A. (2012): \u201cPlagas de langosta y clima en la Espa\u00f1a del siglo XVIII\u201d, en <em>Relaciones. Estudios de Historia y Sociedad<\/em>, XXXIII-129, pp. 21-50.<\/p>\n<p>Alberola Rom\u00e1, A. (coord., 2013): <em>Clima, naturaleza y desastre. Espa\u00f1a e Hispanoam\u00e9rica durante la Edad Moderna<\/em>, Valencia, Publicacions de la Universitat de Val\u00e8ncia.<\/p>\n<p>Alberola Rom\u00e1, A. (2014): <em>Los cambios clim\u00e1ticos. La Peque\u00f1a Edad del Hielo en Espa\u00f1a<\/em>, Madrid, C\u00e1tedra.<\/p>\n<p>Alberola Rom\u00e1, A. (2016): \u00abClima, desastre y religiosidad en los <em>dietaristas<\/em> valencianos de los siglos XVI y XVII\u00bb, en <em>Obradoiro de Historia Moderna<\/em>, 25, pp. 41-66. ISSN: 1133-0481. doi: <a href=\"http:\/\/dx.doi.org\/10.15304\/ohm.25.3279\">http:\/\/dx.doi.org\/10.15304\/ohm.25.3279<\/a>.<\/p>\n<p>Alberola Rom\u00e1, A. (2016): \u00abVulnerabilidad y capacidad de resistencia frente al desastre en la Espa\u00f1a mediterr\u00e1nea (ss. XVI-XVIII). Fuentes para su estudio\u00bb (en col. Con C. Mas Galva\u00f1), en Arrioja, L. A. y Alberola Rom\u00e1, A. (eds) (2016): <em>Clima, desastres y convulsiones sociales en Espa\u00f1a e Hispanoam\u00e9rica, siglos XVII-XX<\/em>, Zamora de Michoac\u00e1n: El Colegio de Michoac\u00e1n-Publicacions de la Universitat d\u2019Alacant, pp. 41-60.ISBN: 978-6079470-59-3.<\/p>\n<p>Alberola Rom\u00e1, A. (2016): \u00abSequ\u00eda y rogativas en tierras meridionales valencianas durante el siglo XVIII\u00bb (en col. con E. Bueno Vergara y A. Garc\u00eda Torres), en Arrioja, L. A. y Alberola Rom\u00e1, A. (eds) (2016): <em>Clima, desastres y convulsiones sociales en Espa\u00f1a e Hispanoam\u00e9rica, siglos XVII-XX<\/em>, Zamora de Michoac\u00e1n: El Colegio de Michoac\u00e1n-Publicacions de la Universitat d\u2019Alacant, pp. 123-155. ISBN: 978-6079470-59-3<\/p>\n<p>Arrioja D\u00edaz Viruell, Luis Alberto (2012), \u00ab\u201dEnjambres\u201d y \u201cnubarrones\u201d en el campo oaxaque\u00f1o: las plagas de langosta de 1802 y 1853\u00bb, en <em>Relaciones. Estudios de historia y sociedad<\/em>, vol. XXXIII, n. 129, Invierno, pp. 161-213.<\/p>\n<p>Arrioja, L. A. y Alberola Rom\u00e1, A. (eds) (2016): <em>Clima, desastres y convulsiones sociales en Espa\u00f1a e Hispanoam\u00e9rica, siglos XVII-XX<\/em>, Zamora de Michoac\u00e1n: El Colegio de Michoac\u00e1n-Publicacions de la Universitat d\u2019Alacant, ISBN: 978-6079470-59-3.<\/p>\n<p>Barriendos, M y Llasat, C.(2009): \u00abEl caso de la anomal\u00eda \u201cMald\u00e0\u201d en la cuenca mediterr\u00e1nea occidental (1760-1800). Un ejemplo de fuerte variabilidad clim\u00e1tica\u00bb, en Alberola, A. y Olcina, J. (Eds.): <em>Desastre natural, vida cotidiana y religiosidad popular en la Espa\u00f1a moderna y contempor\u00e1nea,<\/em> Alicante, Publicaciones de la Universidad de Alicante, pp. 253-286.<\/p>\n<p>Behringer, Wolfgang (2015): <em>A Cultural History of Climate<\/em>, Cambridge, Polity Press.<\/p>\n<p>Campbell, Bruce M. S. (2010): \u201cNature as historical protagonist: Environment and Society in pre-industrial England\u201d, en <em>Economic History Review<\/em>, 63-2, pp. 281-314.<\/p>\n<p>Campos Goenaga, M\u00aa Isabel (2011): <em>Entre crisis de subsistencia y crisis colonial. La sociedad yucateca y los desastres en la coyuntura 1765-1774<\/em>, M\u00e9xico, Escuela Nacional de Antropolog\u00eda e Historia\/Instituto Nacional de Antropolog\u00eda e Historia\/Consejo Nacional para la Cultura y las Artes.<\/p>\n<p>Cuna et al (2014): \u201cEnvironmental impacts of Little Ice Age cooling in central Mexico recorded in the sediments of a tropical alpine lake\u201d, <em>Journal of Paleolimnology<\/em>, January<\/p>\n<p>Dom\u00ednguez-Castro, F.; Santisteban J. I.; Barriendos, M. y Mediavilla, R.: \u00abReconstruction of drought episodes for central Spain from rogations ceremonias recorded at the Toledo Cathedral from 1506 to 1900: a methodological approach\u00bb, Global and Planetary Change, n\u00ba 63 (2008), pp. 230-242.<\/p>\n<p>Fidalgo, C. y Gonz\u00e1lez, J. A.: \u00abLos cambios clim\u00e1ticos y ambientales en los \u00faltimos 20.000 a\u00f1os en el interior de la Pen\u00ednsula Ib\u00e9rica\u00bb, en Europa y el cambio clim\u00e1tico, Madrid, 2010, pp. 111-128.<\/p>\n<p>Florescano, Enrique (coord. 1978): <em>An\u00e1lisis Hist\u00f3rico de las Sequ\u00edas en M\u00e9xico, <\/em>M\u00e9xico, Documentaci\u00f3n de la Comisi\u00f3n del Plan Nacional Hidr\u00e1ulico n\u00fam. 20 y 22, Secretar\u00eda de Agricultura y Recursos Hidr\u00e1ulicos.<\/p>\n<p>Florescano, Enrique y Victoria San Vicente (1985): <em>Fuentes para la historia de la crisis agr\u00edcola (1809-1811<\/em>), M\u00e9xico, UNAM,.<\/p>\n<p>Font Tullot, Inocencio: Historia del clima en Espa\u00f1a. Cambios clim\u00e1ticos y sus causas, Madrid, Instituto Nacional de Meteorolog\u00eda, 1988.<\/p>\n<p>Frenzel, B. (Ed. 1994) <em>Climatic trends and anomalies in Europe, 1675-1715<\/em>, Stuttgart, Gustav Fisher Verlag.<\/p>\n<p>Garc\u00eda Acosta, V. (1993): &#8220;Las Sequ\u00edas Hist\u00f3ricas de M\u00e9xico&#8221;, en: <em>Desastres &amp; Sociedad<\/em>, 1: 83-97.<\/p>\n<p>Garc\u00eda Acosta, V. (Coord., 1996), <em>Historia y Desastres en Am\u00e9rica Latina, <\/em>vol. I, Bogot\u00e1, Centro de Investigaciones y Estudios Superiores en Antropolog\u00eda Social \/LA RED\/Tercer Mundo Editores.<\/p>\n<p>Garc\u00eda Acosta, V. y Su\u00e1rez Reynoso, G. (1996): <em>Los sismos en la historia de M\u00e9xico<\/em> <em>vol. I, <\/em>Ciudad de M\u00e9xico, Fondo de Cultura Econ\u00f3mica\/ Centro de Investigaciones y Estudios Superiores en Antropolog\u00eda Social \/Universidad Nacional Aut\u00f3noma de M\u00e9xico.<\/p>\n<p>Garc\u00eda Acosta, V. (Coord., 1997), <em>Historia y Desastres en Am\u00e9rica Latina<\/em>, vol. II, Lima, Centro de Investigaciones y Estudios Superiores en Antropolog\u00eda Social \/LA RED.<\/p>\n<p><em>Garc\u00eda Acosta, V. (2001): Los sismos en la historia de M\u00e9xico. Tomo II: El an\u00e1lisis social, <\/em>Ciudad de M\u00e9xico, Fondo de Cultura Econ\u00f3mica\/ Centro de Investigaciones y Estudios Superiores en Antropolog\u00eda Social \/Universidad Nacional Aut\u00f3noma de M\u00e9xico.<\/p>\n<p>Garc\u00eda Acosta, Virginia <em>et al.(2003): Desastres agr\u00edcolas en M\u00e9xico. Cat\u00e1logo hist\u00f3rico. Tomo I. \u00c9pocas prehisp\u00e1nica y colonial (958-1822)<\/em>, M\u00e9xico, Fondo de Cultura Econ\u00f3mica \/ Centro de Investigaciones y Estudios Superiores en Antropolog\u00eda Social.<\/p>\n<p>Garc\u00eda Torres, A. (2015): <em>Riesgo natural, extremismo clim\u00e1tico y desastre en tierras meridionales valencianas durante el siglo XVIII<\/em>, Tesis Doctoral in\u00e9dita, Universidad de Alicante.<\/p>\n<p>Gil Olcina, A. y Olcina Cantos, J. (2017): <em>Tratado de Climatolog\u00eda<\/em>, Alicante, Universidad de Alicante<\/p>\n<p>Gonz\u00e1lez Mart\u00edn, J. A., Fidalgo Hijano, C. y Prieto Jim\u00e9nez, I. (2013): \u00abLa \u201cPeque\u00f1a Edad del Hielo\u201d en la Pen\u00ednsula Ib\u00e9rica. Estado de la cuesti\u00f3n\u00bb, en Mart\u00ednez Mill\u00e1n, J.; Camarero Bull\u00f3n, C. y Luzzi Traficante, M. (coords.): <em>La Corte de los Borbones: crisis del modelo cortesano<\/em>, Madrid, Ediciones Polifemo, vol. I, pp. 237-282.<\/p>\n<p>Grove, J. (1988): <em>The Little Ice Age<\/em>, London, Routledge.<\/p>\n<p>Hern\u00e1ndez y Garza (2010): Rainfall variability in Mexico\u00b4s Southern Highlands (Instrumental and documentary phases, (17th to 21st centuries)\u201d, en N. Karlin et al (eds), <em>Ecology and hydrometeorology of big cities and Industrial Zones (Russia-Mexico),<\/em> San Petersburgo.<\/p>\n<p>Killbourne, (2006): <em>Tropical Atlantic and Caribbean climate variatons during the past eight centuries<\/em>, Tampa.<\/p>\n<p>Lamb H. H. (1972): <em>Climate: Present, Past and Future<\/em>, London, Methuen and Co. Ltd.<\/p>\n<p>Lamb, H. H. (1982): <em>Climate history and the Modern World<\/em>, London, Methuen, 1982.<\/p>\n<p>Le Roy Ladurie (1967): <em>Historie du climat depuis l&#8217;an mil<\/em>, Par\u00eds, Flammarion (traducci\u00f3n castellana <em>Historia del clima desde el a\u00f1o mil<\/em>, M\u00e9xico, Fondo de Cultura Econ\u00f3mica, 1991).<\/p>\n<p>Le Roy Ladurie, I. (2004<em>): Histoire humaine et compar\u00e9e du climat. Tome 1. Canicules et glaciers, XIII-XVIIIe si\u00e8cles<\/em>, Paris, Fayard.<\/p>\n<p>Le Roy Ladurie, I. (2006): <em>Histoire humaine et compar\u00e9e du climat. Tome 2. Disettes et R\u00e9volutions, 1740-1860<\/em>, Paris, Fayard.<\/p>\n<p>Le Roy Ladurie, I.(2009): <em>Histoire humaine et compar\u00e9e du climat. <\/em><em>Tome 3, Le r\u00e9chauffement de 1860 \u00e0 nos jours<\/em>, Paris, Fayard.<\/p>\n<p>Mart\u00edn Vide, Javier (2006): \u201cLa importancia de los estudios hist\u00f3ricos en el an\u00e1lisis de los riesgos clim\u00e1ticos\u201d, en Ayala-Carcedo, F. J., Jorge Olcina, L. La\u00edn Huerta y A. Gonz\u00e1lez Jim\u00e9nez (Editores): <em>Riesgos naturales y desarrollo sostenible: impacto, predicci\u00f3n y mitigaci\u00f3n<\/em>, Instituto Geol\u00f3gico y Minero de Espa\u00f1a, Madrid, 159-166.<\/p>\n<p>Mas Galva\u00f1, C. (2012): \u201cLa gesti\u00f3n de la cat\u00e1strofe. Acci\u00f3n estatal y lucha contra la plaga de langosta en las di\u00f3cesis de Murcia y Orihuela (1756-1758)\u201d, en <em>Relaciones. Estudios de Historia y Sociedad<\/em>, XXXIII-129, pp. 51-86.<\/p>\n<p>Mas Galva\u00f1, C.(2013): \u00abEl clima en la correspondencia de Carlos III (1759-1765): cartas a Felipe de Parma y Bernardo Tanucci\u00bb, en Alberola Rom\u00e1, A. (coord.): Clima, Naturaleza y desastre. Espa\u00f1a e Hispanoam\u00e9rica durante la Edad Moderna, Valencia, Publicacions de la Universitat de Val\u00e8ncia, 2013, pp. 17-54.<\/p>\n<p>Maskrey, Andrew (Comp. 1993), <em>Los desastres no son naturales<\/em>, Bogot\u00e1, La RED, Tercer Mundo Editores.<\/p>\n<p>Mendoza et al, (2005): \u201cHistorical Droughts in Central Mexico and Their Relation with El Ni\u00f1o\u201d, <em>American Meteorological Society<\/em>, may.<\/p>\n<p>Montessus de Ballore, F. de (1884)<em>: Temblores y erupciones volc\u00e1nicas en Centroam\u00e9rica por &#8212;-, Capit\u00e1n de Artiller\u00eda<\/em>, San Salvador, Imprenta del Doctor Francisco Sagrini.<\/p>\n<p>Musset, Alain (1998): <em>L\u2019Am\u00e9rique centrale et les Antilles: une aproche g\u00e9ographique<\/em>, Par\u00eds, Armand Colin (2\u00aa ed.).<\/p>\n<p>Musset, Alain (2012): <em>Ciudades n\u00f3madas del Nuevo Mundo<\/em>, M\u00e9xico, Fondo de Cultura Econ\u00f3mica.<\/p>\n<p>Olcina Cantos, J. y Mart\u00edn Vide, J. (1999): <em>La influencia de clima en la historia<\/em>. Madrid, Arco Libros.<\/p>\n<p>Olcina Cantos, J. (2016)\u00a0 &#8220;La fascinaci\u00f3n por los paisajes del Nuevo Mundo en la obra de los Cronistas de Indias&#8221; en Olcina Cantos, J. y Valero Juan, E. (eds.) <em>Geograf\u00eda y Paisaje en la literatura hispanoamericana y espa\u00f1ola,<\/em> Publicaciones de la Universidad de Alicante, 13-57, ISBN:978-84-16724-02-4<\/p>\n<p>Padilla, M\u00aa Victoria (2009): \u201cImplicaciones te\u00f3ricas y pr\u00e1cticas de las categor\u00edas discursivas desastre, riesgo, amenaza y vulnerabilidad en el contexto latinoamericano\u201d, <em>Tierra Firme<\/em>, Vol. XXVII, N\u00ba 107, julio-septiembre, pp. 229-244.<\/p>\n<p>Parker, Geoffrey,(2013): <em>Global Crisis: War, Climate Change and Castastrophe in the Seventeenth Century<\/em>, New Haven y Londres, Yale University Press.<\/p>\n<p>Petit-Breuilh, M\u00aa Eugenia (2004): <em>Desastres naturales y ocupaci\u00f3n del territorio en Hispanoam\u00e9rica<\/em>, Servicio de Publicaciones de la Universidad de Huelva, Huelva.<\/p>\n<p>Petit-Breuilh, M\u00aa Eugenia (2004): <em>La historia de los volcanes hispanoamericanos (siglos XVI al XX): el modelo chileno<\/em>, Serie Casa de Los Volcanes-CISC, Cabildo Insular de Lanzarote.<\/p>\n<p>Pfister, Ch. (1989): \u00abFluctuaciones clim\u00e1ticas y cambio hist\u00f3rico. El clima en Europa central desde el siglo XVI y su significado para el desarrollo de la poblaci\u00f3n y la agricultura\u00bb, <em>Geocr\u00edtica<\/em>, n\u00ba 82, pp. 5-41.<\/p>\n<p>Pfister, Ch. (2002): <em>Le jour d\u2019apr\u00e9s. Surmonter les catastrophes naturelles: le cas de la Suisse entre 1500 et 2000<\/em>, Berna, Verlag Paul Haupt.<\/p>\n<p>Robles, Antonio de (1972): <em>Diario de sucesos notables, 1665-1703,<\/em> M\u00e9xico, Porr\u00faa, 2 vols.<\/p>\n<p>Ru\u00edz Casta\u00f1eda, M\u00aa C. (1998), \u201cLas Hojas Volantes (1541-1700)\u201d en Luis Reed Torres y Mar\u00eda del Carmen Ru\u00edz Casta\u00f1eda, <em>El periodismo en M\u00e9xico: 500 a\u00f1os de historia, <\/em>2\u00aa. ed., Ciudad de M\u00e9xico, EDAMEX, pp.37-52.<\/p>\n<p>Ruiz Casta\u00f1eda, M\u00aa C. (1998): \u201cPeriodismo Mexicano del Siglo XVIII. Las Gacetas (1722-1809)\u201d en Reed Torres, L. y Ru\u00edz Casta\u00f1eda, M\u00aa C.: <em>El periodismo en M\u00e9xico: 500 a\u00f1os de historia, <\/em>2\u00aa. ed., Ciudad de M\u00e9xico, EDAMEX, pp. 53-80.<\/p>\n<p>Saz S\u00e1nchez, M. A., Creus Novaus, J., Cuadrat Prats, J. M.: \u00abLa Peque\u00f1a Edad de Hielo en Galicia: reconstrucci\u00f3n de las temperaturas de Labacolla entre los siglo XVI y XIX\u00bb, <em>Xeogr\u00e1fica<\/em>, n\u00ba 4, pp. 141-161.<\/p>\n<p>Venegas, Miguel (1759): <em>A natural and civil history of California, <\/em>vol. I., Londres, James Rivington y James Fletcher.<\/p>\n<p>Vries, Jan de: \u00abMeasuring the impact of climate on History: the search for apr\u00f3piate methodologies\u00bb, en Rotberg, R. I. and Rabb, Th. K. (eds): <em>Climate and History: Studies in Interdisciplinary History<\/em>, Princeton: Princeton University Press, 1981, pp. 20-50.<\/p>\n<p>Wheeler, D. y Su\u00e1rez-Dom\u00ednguez, J. (2006): \u00abClimatic reconstructions for the northeast Atlantic region AD 1685-1700: a new source of evidence from naval logbooks\u00bb, en <em>The Holocene<\/em>, 16, pp. 39-49.<\/p>\n<p>Wheeler, D. y Su\u00e1rez-Dom\u00ednguez, J. (2010)\u00a0: \u00abLe climat de l\u2019oc\u00e9an Atlantique aux XVIIe-XVIIIe si\u00e9cles selon les journaux de bord de la marine britannique\u00bb, en <em>Revue d\u2019Histoire Moderne et Contemporaine<\/em>, 57-3, pp. 42-69<\/p>\n","protected":false},"excerpt":{"rendered":"<p>Aguirre, Benigno (2004): \u201cLos desastres en Latinoam\u00e9rica: vulnerabilidad y resistencia\u201d, Revista Mexicana de Sociolog\u00eda, A\u00f1o 66, n\u00ba 3, (julio-septiembre), pp. 485-510. Alberola Rom\u00e1, A. (2010): Quan la pluja no sap ploure. Sequeres i riudaes al Pa\u00eds Valenci\u00e0 en l\u2019Edat Moderna, &hellip; <a href=\"https:\/\/blogs.ua.es\/historiaclima\/propuesta-cientifica\/bibliografia-basica\/\">Continue reading <span class=\"meta-nav\">&rarr;<\/span><\/a><\/p>\n","protected":false},"author":936,"featured_media":0,"parent":6,"menu_order":4,"comment_status":"closed","ping_status":"closed","template":"","meta":{"footnotes":""},"class_list":["post-12","page","type-page","status-publish","hentry"],"_links":{"self":[{"href":"https:\/\/blogs.ua.es\/historiaclima\/wp-json\/wp\/v2\/pages\/12","targetHints":{"allow":["GET"]}}],"collection":[{"href":"https:\/\/blogs.ua.es\/historiaclima\/wp-json\/wp\/v2\/pages"}],"about":[{"href":"https:\/\/blogs.ua.es\/historiaclima\/wp-json\/wp\/v2\/types\/page"}],"author":[{"embeddable":true,"href":"https:\/\/blogs.ua.es\/historiaclima\/wp-json\/wp\/v2\/users\/936"}],"replies":[{"embeddable":true,"href":"https:\/\/blogs.ua.es\/historiaclima\/wp-json\/wp\/v2\/comments?post=12"}],"version-history":[{"count":1,"href":"https:\/\/blogs.ua.es\/historiaclima\/wp-json\/wp\/v2\/pages\/12\/revisions"}],"predecessor-version":[{"id":13,"href":"https:\/\/blogs.ua.es\/historiaclima\/wp-json\/wp\/v2\/pages\/12\/revisions\/13"}],"up":[{"embeddable":true,"href":"https:\/\/blogs.ua.es\/historiaclima\/wp-json\/wp\/v2\/pages\/6"}],"wp:attachment":[{"href":"https:\/\/blogs.ua.es\/historiaclima\/wp-json\/wp\/v2\/media?parent=12"}],"curies":[{"name":"wp","href":"https:\/\/api.w.org\/{rel}","templated":true}]}}