{"id":34,"date":"2019-10-11T14:12:12","date_gmt":"2019-10-11T14:12:12","guid":{"rendered":"https:\/\/blogs.ua.es\/historiaclima\/?page_id=34"},"modified":"2019-10-11T14:41:50","modified_gmt":"2019-10-11T14:41:50","slug":"internacionalizacion","status":"publish","type":"page","link":"https:\/\/blogs.ua.es\/historiaclima\/resultados\/internacionalizacion\/","title":{"rendered":"Internacionalizaci\u00f3n"},"content":{"rendered":"<p><i><b>Colaboraciones con otros grupos de investigaci\u00f3n directamente relacionadas con el proyecto<\/b><\/i><\/p>\n<p>1.- El prof. Armando Alberola, en su calidad de IP1 del proyecto, ha establecido una s\u00f3lida colaboraci\u00f3n la Maison de Sciences de l\u2019Homme (Universidad Clermont-Auvergne), la Casa de Vel\u00e1zquez y la Universidad Federico II de N\u00e1poles para desarrollar conjuntamente en el seno del programa que lleva a cabo la Casa de Vel\u00e1zquez el denominado proyecto APURIS (Les administrations publiques face aux risques naturels dans les monarchies bourboniennes (XVIII-d\u00e9but du XIXe si\u00e8cle). La duraci\u00f3n es de tres a\u00f1os (2018-2021). Los miembros de los equipos de investigaci\u00f3n y de trabajo de nuestro proyecto se han integrado en APURIS, del que forman parte igualmente los profs. Jean-Philippe Luis (Universidad Clermont-Auvergne), Emanuela Guidoboni (INGV \u2013 CEEDIS, Bologne), Manuel Herrero S\u00e1nchez (U. de Sevilla Pablo de Olavide), Piero Ventura (U. de N\u00e1poles Federico II) y Dom\u00e9nico Cecere (Universidad Federico II de N\u00e1poles) y su grupo de investigaci\u00f3n. El prof. Alberola figura como Coordinador del proyecto junto con los profesores Luis y Cecere.<\/p>\n<p>2.- El prof. Armando Alberola, IP1 del proyecto, ha sido invitado a formar parte del Staff senior del proyecto europeo denominado DISCOMPOSE (\u201cDisasters, Communication and Politics in Southwestern Europe : the Making of Emergency Response Policies in the Early Modern Age\u00bb;ERC Starting Grant 2017, duraci\u00f3n febrero 2018-enero 2023), el prof. Domenico Cecere (Universidad Federico II de N\u00e1poles). Armando Alberola (Senior Staff)<\/p>\n<p>3.- El prof. Armando Alberola (IP1), es miembro de la Red Sociedad, Vulnerabilidad y Riesgo, en la que se integran asimismo los miembros del equipo de trabajo profs. Raymundo Padilla, Isabel Campos, Luis A. Arrioja y Virginia Garc\u00eda Acosta. La pertenencia a esta red ha permitido el desarrollo \u2013como es el caso- de iniciativas conjuntas con equipos de investigaci\u00f3n de la universidad de Colima y de los centros de investigaci\u00f3n CIESAS y El Colegio de Michoac\u00e1n. Estos equipos disponen de bases de datos relativas a desastres de origen natural en M\u00e9xico y Centroam\u00e9rica que han permitido la elaboraci\u00f3n de estudios comparativos en forma de art\u00edculos y cap\u00edtulos de libro (ver en el apartado publicaciones los firmados por los profs. Armando Alberola y Luis A. Arrioja o la prof\u00aa Virginia Garc\u00eda Acosta) y de ponencias y comunicaciones presentadas en Congresos internacionales (vid. igualmente el apartado Congresos)<\/p>\n<p>4.- El prof Alberola ha establecido relaciones con el grupo dirigido por el prof. Jos\u00e9 M\u00aa Cuadrat (Universidad de Zaragoza), director del grupo de investigaci\u00f3n \u201cClima, agua, cambio global y sistemas naturales\u201d y responsable del proyecto CLIMPY financiado por el Fondo Europeo de Desarrollo Regional (FEDER) a trav\u00e9s del Programa Interreg V-A Espa\u00f1a-Francia-Andorra (POCTEFA 2014-2020).<\/p>\n<p>5.- El prof. Jorge Olcina ha desarrollado colaboraci\u00f3n \u2013en forma de participaci\u00f3n como ponente- en los \u201cSeminarios GRATS (Grup de Recerca en Aigua, Territori i Sosteniblitat)\u201d de 2017 y 2018, que conforman investigadores de los Departamentos de Geograf\u00eda de las Universidades Aut\u00f3noma de Barcelona (prof. David Saur\u00ed Pujol, dir.) y de Alicante (prof. Mar\u00eda Hern\u00e1ndez Hern\u00e1ndez, dir.) y que han sido beneficiarios del proyecto de investigaci\u00f3n competitivo \u201cUsos y gesti\u00f3n de recursos h\u00eddricos no convencionales en el litoral de las regiones de Valencia y Murcia como estrategia de adaptaci\u00f3n a la sequ\u00eda (CSO2015-65182-C2-2-P)\u201d.<\/p>\n<p>6.- Asimismo, el prof. Jorge Olcina forma parque del equipo investigador del Proyecto competitivo (Proyectos De I+D+I del MINECO 2017. Programa Retos de la Sociedad). titulado \u201cDise\u00f1o de una metodolog\u00eda para incrementar la resiliencia ante inundaciones compatible con la mejora del estado de las masas de agua y la gesti\u00f3n sostenible de los recursos\u201d (MINECO\/AEI\/FEDER. REF.: CGL2017-83546-C3-1-R)\u201d y que est\u00e1 dirigido por el prof. Jos\u00e9 Mar\u00eda Bodoque del Pozo, de la Universidad de Castilla-La Mancha<\/p>\n<p>7.- El prof. Raymundo Padilla, coordinador del proyecto \u201cHistoria y memoria de los huracanes en M\u00e9xico: cinco siglos\u201d, ha incorporado al mismo a la profesora Virginia Garc\u00eda Acosta (CIESAS) y al prof. Adri\u00e1n Garc\u00eda Torres (Universidad de Clermont-Auvergne). Dicho proyecto cuenta con financiaci\u00f3n del CIESAS, la Universidad de Colima, CONACYT y el IAI (InterAmerican Institute for Global Change Research).<\/p>\n<p>8.- Se mantiene la colaboraci\u00f3n con los grupos: RAICHEX, dirgido por el prof. Mariano Barriendos (Universidad de Barcelona); Geological Survey of Finland (GTK). \u00c1rea de Riesgos Naturales. Dr. Philipp Schmidt-Thome; Grupo de Investigaci\u00f3n en An\u00e1lisis de Inundaciones de la Universidad de Castilla-La Mancha, dirigido por el Dr. Jos\u00e9 Mar\u00eda Bodoque del Pozo; Grupo de Investigaci\u00f3n de Climatolog\u00eda de la Universidad de Barcelona, dirigido por el Dr. Javier Mart\u00edn Vide. Departamento de Geograf\u00eda F\u00edsica y An\u00e1lisis Geogr\u00e1fico Regional; Laboratorio TELEMME: IMERA (Institut Mediterran\u00e9en de Recherches Avanc\u00e9s) (Universit\u00e9 Aix-Marseille) donde el profesor Alberola cotutela la direcci\u00f3n de una Tesis Doctoral que llevar\u00e1 menci\u00f3n europea; CIESAS (M\u00e9xico), Centro de Estudios Hist\u00f3ricos (El Colegio de Michoac\u00e1n, M\u00e9xico).<\/p>\n<p><i><b>Actividades de formaci\u00f3n y movilidad de personal directamente relacionadas con el proyecto<\/b><\/i><\/p>\n<p>1.- Armando Alberola Rom\u00e1. En su calidad de miembro del Senior Staff del proyecto europeo DISCOMPOSE (\u201cDisasters, Communication and Politics in Southwestern Europe: the Making of Emergency Response Policies in the Early Modern Age\u00bb; ERC Starting Grant 2017, duraci\u00f3n febrero 2018-enero 2023) imparti\u00f3 un seminario formativo a los miembros del grupo en la Universidad Federico II de N\u00e1poles. 10 de noviembre de 2018.Esta actividad est\u00e1 prevista todos los a\u00f1os en el mismo mes hasta la conclusi\u00f3n del proyecto.<\/p>\n<p>2.- Armando Alberola Rom\u00e1. Invitado como IP1 a participar en la reuni\u00f3n \u201cClimate variability, trends and extreme events in the Eastern Iberian Peninsula since the 16th Century inferred from proxy data and instrumental records\u201d dentro del proyecto europeo Climed CGL2015-69985R, cuyo responsable es el prof. Jos\u00e9 Mar\u00eda Cuadrat (CLIMPY).<\/p>\n<p>3.- Armando Alberola Rom\u00e1. En su calidad de coordinador del proyecto APURIS ha impartido un seminario formativo en la Maison des Sciences de l\u2019Homme de la Universidad de Clermont-Auvergne (Francia) sobre las Fuentes para el estudio del riesgo y desastre en la Espa\u00f1a Moderna, el d\u00eda 22 de noviembre de 2018 en sesiones de ma\u00f1ana y tarde.<\/p>\n<p>4.- Armando Alberola Rom\u00e1. Ha tutelado la estancia de investigaci\u00f3n en Espa\u00f1a de la becaria predoctoral del CONACYT (M\u00e9xico) M\u00aa Dolores Ram\u00edrez Vega, alumna del doctorado en Historia del Centro de Estudios Hist\u00f3ricos en El Colegio de Michoac\u00e1n (Zamora, M\u00e9xico) desde el 1 de julio de 2018 al 30 de abril de 2019.<\/p>\n<p>5.- Cayetano Mas Galva\u00f1. Invited researcher, Workshop Climed CGL2015-69985R, \u201cClimate variability, trends and extreme events in the Eastern Iberian Peninsula since the 16th Century inferred from proxy data and instrumental records\u201d, Alicante, 16 mayo 2018.<\/p>\n<p>6.- Cayetano Mas Galva\u00f1. Asistencia al Seminario \u201cPerception du climat\u201d, EHESS, Par\u00eds, 18-enero-2018 [https:\/\/enseignements-2017.ehess.fr\/2017\/ue\/1464\/].<\/p>\n<p>7.- Jorge Olcina Cantos. En su calidad de director del grupo de investigaci\u00f3n en \u201cClima y Ordenaci\u00f3n del Territorio\u201d (Grupo de investigaci\u00f3n reconocido por la Universidad de Alicante), ha acogido, desde 2018, al Dr. Salvador Gil Girado, de la Universidad de Murcia como Investigador Post-doctoral del programa Juan de la Cierva del Ministerio de Ciencia, Innovaci\u00f3n y Universidades (IJCI-2016-29016, IJCI-2015-26914).<\/p>\n<p>8.- Luis A. Arrioja D\u00edaz Viruell. El prof Arrioja obtuvo en convocatoria abierta de la Isaac Comly Martindale Fund Fellowship una beca para desarrollar estancia de investigaci\u00f3n en la American Philosophical Society Library (Philadelphia, Pennsylvania, EEUU) durante el mes de abril de 2019, para con el proyecto denominado: \u201cUnder the Insects Twilight: Climate, Plagues and Disasters in Central America (1769-1890)\u201d.<\/p>\n<p>9.- Luis A. Arrioja D\u00edaz Viruell. El prof. Arrioja obtuvo en convocatoria abierta de la Short Fellowship 2018-2019 una beca para desarrollar estancia de investigaci\u00f3n en el Rachel Carson Center for Environment and Society (M\u00fcnich, Alemania) durante el mes de noviembre de 2019 con el proyecto \u201cClimate, Plagues and Disasters in Guatemala Kingdom (1769-1805)\u201d<\/p>\n<p>10.- Adri\u00e1n Garc\u00eda Torres. Durante el curso acad\u00e9mico 2018-2019 ha obtenido un contrato post-doctoral por la Maison de Sciences de l\u2019Homme (Universidad Clermont-Auvergne) para desarrollar trabajos de investigaci\u00f3n sobre erupciones volc\u00e1nicas hist\u00f3ricas en Europa y Sudam\u00e9rica; uno de los objetivos (n\u00ba 7) del proyecto objeto de este informe.<\/p>\n<p><i><b>Actividades de internacionalizaci\u00f3n y otras colaboraciones relacionadas con el proyecto<\/b><\/i><\/p>\n<p>La internacionalizaci\u00f3n del grupo se ha conseguido incrementar gracias a diferentes acciones de car\u00e1cter individual pero que han repercutido de manera muy positiva en todos los componentes del grupo que, de este modo, han aumentado su participaci\u00f3n en wokshops, seminarios, coloquios y congresos, generalmente mediante invitaci\u00f3n personal, a la vez que han sido reclamados para impartir conferencias en foros nacionales e internacionales (ver los apartados correspondientes de este informe).<\/p>\n<p>El proyecto organiz\u00f3 el XIII Seminario Internacional Historia y Clima. \u201cAcontecimientos extremos hidrometeorol\u00f3gicos, geol\u00f3gicos y biol\u00f3gicos en Espa\u00f1a y Am\u00e9rica (ss. XVI-XVIII)\u201d durante los d\u00edas 15 y 16 de marzo de 2018 (Universidad de Alicante).<\/p>\n","protected":false},"excerpt":{"rendered":"<p>Colaboraciones con otros grupos de investigaci\u00f3n directamente relacionadas con el proyecto 1.- El prof. Armando Alberola, en su calidad de IP1 del proyecto, ha establecido una s\u00f3lida colaboraci\u00f3n la Maison de Sciences de l\u2019Homme (Universidad Clermont-Auvergne), la Casa de Vel\u00e1zquez &hellip; <a href=\"https:\/\/blogs.ua.es\/historiaclima\/resultados\/internacionalizacion\/\">Continue reading <span class=\"meta-nav\">&rarr;<\/span><\/a><\/p>\n","protected":false},"author":936,"featured_media":0,"parent":32,"menu_order":2,"comment_status":"closed","ping_status":"closed","template":"","meta":{"footnotes":""},"class_list":["post-34","page","type-page","status-publish","hentry"],"_links":{"self":[{"href":"https:\/\/blogs.ua.es\/historiaclima\/wp-json\/wp\/v2\/pages\/34","targetHints":{"allow":["GET"]}}],"collection":[{"href":"https:\/\/blogs.ua.es\/historiaclima\/wp-json\/wp\/v2\/pages"}],"about":[{"href":"https:\/\/blogs.ua.es\/historiaclima\/wp-json\/wp\/v2\/types\/page"}],"author":[{"embeddable":true,"href":"https:\/\/blogs.ua.es\/historiaclima\/wp-json\/wp\/v2\/users\/936"}],"replies":[{"embeddable":true,"href":"https:\/\/blogs.ua.es\/historiaclima\/wp-json\/wp\/v2\/comments?post=34"}],"version-history":[{"count":2,"href":"https:\/\/blogs.ua.es\/historiaclima\/wp-json\/wp\/v2\/pages\/34\/revisions"}],"predecessor-version":[{"id":58,"href":"https:\/\/blogs.ua.es\/historiaclima\/wp-json\/wp\/v2\/pages\/34\/revisions\/58"}],"up":[{"embeddable":true,"href":"https:\/\/blogs.ua.es\/historiaclima\/wp-json\/wp\/v2\/pages\/32"}],"wp:attachment":[{"href":"https:\/\/blogs.ua.es\/historiaclima\/wp-json\/wp\/v2\/media?parent=34"}],"curies":[{"name":"wp","href":"https:\/\/api.w.org\/{rel}","templated":true}]}}