{"id":37,"date":"2019-10-11T14:17:11","date_gmt":"2019-10-11T14:17:11","guid":{"rendered":"https:\/\/blogs.ua.es\/historiaclima\/?page_id=37"},"modified":"2019-10-16T05:51:50","modified_gmt":"2019-10-16T05:51:50","slug":"publicaciones-2","status":"publish","type":"page","link":"https:\/\/blogs.ua.es\/historiaclima\/resultados\/publicaciones-2\/","title":{"rendered":"Publicaciones"},"content":{"rendered":"<p><strong>Libros<\/strong><\/p>\n<p>-Arrioja D\u00edaz Viruell, L. A., <em>Bajo el crep\u00fasculo de los insectos. Clima, plagas y trastornos sociales en el reino de Guatemala (1768-1805)<\/em>. M\u00e9xico: El Colegio de Michoac\u00e1n \/ Universidad de San Carlos de Guatemala \/ Universidad Nacional Aut\u00f3noma de Honduras \/ FLACSO, 2019, 390 pp.<\/p>\n<p>-Olcina Cantos, J. y Molt\u00f3 Mantero, E. (coords.), <a href=\"https:\/\/publicaciones.ua.es\/es\/catalogo\/climas-y-tiempos-del-pais-valenciano\/978-84-9717-659-0\"><em>Climas y Tiempos en el Pa\u00eds Valenci\u00e0<\/em><\/a>. Publicaciones de la Universidad de Alicante. Col. L`Ordit, Alicante, 2019, 179 p.<\/p>\n<p>-Garc\u00eda Torres, A. <a href=\"http:\/\/rua.ua.es\/dspace\/bitstream\/10045\/50214\/1\/tesis_garcia_torres.pdf\"><em>Riesgo clim\u00e1tico y desastre en tierras meridionales valencianas durante el siglo XVIII<\/em><\/a>. pp. 1 &#8211; 354. Alicante: Servicio de Publicaciones de la Universidad de Alicante, 2018. ISBN 978-84-9717-566-1<\/p>\n<p>-Gil Olcina, A. y Olcina Cantos, J.: <a href=\"https:\/\/publicaciones.ua.es\/es\/catalogo\/tratado-de-climatologia\/978-84-9717-519-7\"><em>Tratado de Climatolog\u00eda<\/em><\/a>. Publicaciones de la Universidad de Alicante, Alicante, 2017, 949 p. ISBN: 978-84-9717-519-7.<\/p>\n<p>&nbsp;<\/p>\n<p><strong>Cap\u00edtulos de libros<\/strong><\/p>\n<p>-Alberola-Rom\u00e1, A., \u00abClimate, natural threats and disasters in eighteenth century Spain. Notes for a historical study\u00bb, en Roque, A. C., Brito, C. &amp; Veracini (edts.), <em>Peoples, Nature and Environments: Learning to live together<\/em>, Cambridge Scholar Publishing, Cambridge, 2019 (fecha prevista de aparici\u00f3n noviembre de 2019)<\/p>\n<p>-Alberola-Rom\u00e1, A. &amp; Luis A. Arrioja Diaz Viruell, \u00abClimatic extremism and crisis on the Iberian Peninsula and New Spain (1770-1800). Notes for a comparative study\u00bb, en Roque, A. C., Brito, C. &amp; Veracini (edts.), <em>Peoples, Nature and Environments: Learning to live together<\/em>, Cambridge Scholar Publishing, Cambridge, 2019 (fecha prevista de aparici\u00f3n noviembre 2019)<\/p>\n<p>-Alberola Rom\u00e1, A., \u201cNo hay resistencia contra el poder de los elementos enfurecidos\u00bb: el terratr\u00e8mol de Montesa-Estubeny del 1748, en Guinot, E., Andr\u00e9s, F., Cerd\u00e0, J. y Pardo, J. F. (eds.), <a href=\"https:\/\/puv.uv.es\/santa-maria-de-montesa-la-orden-militar-del-reino-de-valencia.html\"><em>Santa Mar\u00eda de Montesa. La orden militar del reino de Valencia (ss. XIV-XIX)<\/em><\/a>, Publicacions de la Universitat de Val\u00e8ncia, Val\u00e8ncia, 2019, pp. 309-324.<\/p>\n<p>-Alberola Rom\u00e1, A., \u201cLa Peque\u00f1a Edad del Hielo en tierras valencianas\u201d, en Olcina, J. y Molt\u00f3, E. (Eds.), <a href=\"https:\/\/publicaciones.ua.es\/es\/catalogo\/climas-y-tiempos-del-pais-valenciano\/978-84-9717-659-0\"><em>Climas y tiempos del Pa\u00eds Valenciano<\/em><\/a>, Alicante, Publicaciones de la Universidad de Alicante, 2019, pp. 27-38, ISBN 978-84-9717-659-0<\/p>\n<p>-Garc\u00eda Acosta, Virginia, \u201cUnnatural disasters and the Anthropocene: lessons learnt from anthropological and historical perspectives in Latin America\u201d, en Giovanni Gugg, Elisabetta Dall\u00b4O\u00b4 y Domenica Borriello (eds.), <em><a href=\"https:\/\/hal.archives-ouvertes.fr\/hal-02152344\/document\">Disasters in popular cultures<\/a>, <\/em>Rende: Il Sileno Edizioni (Serie Geographies of the Anthropocene, Universidad de Calabria, 2019, pp. 237-248. ISSN 2611-3171.<\/p>\n<p>-Olcina Cantos, J. (2019) \u201cCuando el cielo se enfada. Peligrosidad clim\u00e1tica y riesgos\u201d, en Olcina, J. y Molt\u00f3, E. (Eds.), <a href=\"https:\/\/publicaciones.ua.es\/es\/catalogo\/climas-y-tiempos-del-pais-valenciano\/978-84-9717-659-0\"><em>Climas y tiempos del Pa\u00eds Valenciano<\/em><\/a><em>,<\/em> Publicaciones de la Universidad de Alicante, Col. L`Ordit, Alicante, 2019, pp.117-131.<\/p>\n<p>-Olcina Cantos, J. (2019) &#8220;El Pa\u00eds Valenciano, un territorio de tiempos y climas singulares&#8221;, en Olcina, J. y Molt\u00f3, E. (Eds.), <a href=\"https:\/\/publicaciones.ua.es\/es\/catalogo\/climas-y-tiempos-del-pais-valenciano\/978-84-9717-659-0\"><em>Climas y tiempos del Pa\u00eds Valenciano<\/em><\/a>, Publicaciones de la Universidad de Alicante, Col. L`Ordit, Alicante, 2019, pp. 13-18.<\/p>\n<p>-Olcina Cantos, J.\u00a0 y Biener Camacho, S.: &#8220;\u00bfEst\u00e1 cambiando el clima valenciano? Realidades e incertidumbres &#8220;, en Olcina, J. y Molt\u00f3, E. (Eds.), <a href=\"https:\/\/publicaciones.ua.es\/es\/catalogo\/climas-y-tiempos-del-pais-valenciano\/978-84-9717-659-0\"><em>Climas y tiempos del Pa\u00eds Valenciano<\/em><\/a>, Publicaciones de la Universidad de Alicante, Col. L`Ordit, Alicante, 2019, pp.162-170.<\/p>\n<p>-Alberola Rom\u00e1, A., \u201cCuando la naturaleza altera la paz. Riesgo geo-clim\u00e1tico, cat\u00e1strofe y crisis en la Edad Moderna. Una reflexi\u00f3n desde la Historia\u201d, en Espejel Carbajal, C. y Gonz\u00e1lez de la Vara, M. (Eds<em>.), La paz alterada<\/em>, Zamora (M\u00e9xico), Publicaciones de El Colegio de Michoac\u00e1n, 2018, pp. 165-183, ISBN 978-607-544-041-5<\/p>\n<p>-Alberola Rom\u00e1, A., \u201cDe desastres varios y epidemias. El abandono forzoso de poblaciones en el Mediterr\u00e1neo espa\u00f1ol durante el siglo XVIII\u201d, en Rodr\u00edguez Cancho, M.; Blanco Carrasco, J. P. (coords.), <a href=\"https:\/\/editorialsinderesis.com\/producto\/migraciones-y-movilidad-social-en-la-epoca-moderna\"><em>Migraciones y movilidad social en la \u00e9poca moderna<\/em><\/a>, Madrid, Ed. Sind\u00e9resis, 2018, pp. 21-47, ISBN 978-84-16262-58-8<\/p>\n<p>-Garc\u00eda Acosta, Virginia, \u201cVulnerabilidad y desastres. G\u00e9nesis y alcances de una visi\u00f3n alternativa\u201d, en Mercedes Gonz\u00e1lez de la Rocha y Gonzalo A. Sarav\u00ed (coords.), <em><a href=\"https:\/\/www.ciesas.edu.mx\/pobreza-y-vulnerabilidad-debates-y-estudios-contemporaneos-en-mexico\/\">Pobreza y Vulnerabilidad: debates y estudios contempor\u00e1neos en M\u00e9xico<\/a>, <\/em>M\u00e9xico: CIESAS, 2018, pp. 212-239. ISBN 978-607-486-473-1.<\/p>\n<p>-Garc\u00eda Acosta, Virginia, <strong>\u201c<\/strong>Catastrophes non naturelles et Anthropoc\u00e8ne. Le\u00e7ons apprises \u00e0 partir des perspectives anthropologiques et historiques\u201d, en R. Beau y C. Larr\u00e8re, (dir.), <a href=\"http:\/\/www.pressesdesciencespo.fr\/fr\/livre\/?GCOI=27246100857760\"><em>Penser l\u00b4Anthropoc\u00e8ne<\/em><\/a>, Par\u00eds: Presses de Sciences Po., 2018, pp. 329-342. ISBN 978-2-7246-2210-2.<\/p>\n<p>-Garc\u00eda Torres, A. \u201cMeteorolog\u00eda extrema en la Ciudad de M\u00e9xico: rogativas y advocaciones durante la inestabilidad atmosf\u00e9rica de 1760-1800\u201d. <a href=\"https:\/\/eusal.es\/index.php\/eusal\/catalog\/book\/978-84-9012-919-7\"><em>Cosmovisiones y sistemas religiosos: 56.\u00ba Congreso Internacional de Americanistas<\/em><\/a>. Salamanca, Ediciones Universidad de Salamanca, 2018, pp. 182- 190. ISBN 978-84-9012-919-7<\/p>\n<p>-Arrioja D\u00edaz Viruell, L. A., &#8220;Entre el resplandor de las luces y las amenazas de insectos. Comentarios a la Instrucci\u00f3n sobre la plaga de langosta dispuesta por el Superior Gobierno de Guatemala en 1804&#8221;, en Alberola Rom\u00e1, A. (ed.), <a href=\"https:\/\/publicaciones.ua.es\/es\/catalogo\/riesgo-desastre-y-miedo-en-la-peninsula-iberica-y-mexico-durante-la-edad-moderna\/978-84-16724-72-7\"><em>Riesgo, desastre y miedo en la pen\u00ednsula Ib\u00e9rica y M\u00e9xico durante la Edad Moderna<\/em><\/a>, Alicante-Zamora de Michoac\u00e1n, Universidad de Alicante \/ El Colegio de Michoac\u00e1n, Espa\u00f1a, 2018, pp. 253-284, ISBN: 978-8416-72472.<\/p>\n<p>-Garc\u00eda Acosta, Virginia, \u201cEl riesgo como construcci\u00f3n social y la construcci\u00f3n social de riesgos\u201d, en: Sergio Puente y Aguilar (Comp.), <em>La gesti\u00f3n integral del riesgo de desastres en las metr\u00f3polis. Hacia una resiliencia urbana, <\/em>M\u00e9xico: Siglo XXI editores, 2018, pp. 92-113. ISBN: 978-607-03-0948-9<\/p>\n<p>-Olcina Cantos, J.: &#8220;\u00bfEs la ordenaci\u00f3n del territorio una herramienta eficaz contra el riesgo de inundaciones en Espa\u00f1a?&#8221;, en Arana Garc\u00eda, E. (dir.), <em><a href=\"https:\/\/www.dykinson.com\/libros\/riesgos-naturales-y-derecho-una-perspectiva-interdisciplinar\/9788491484448\/\">Riesgos naturales y Derecho: una perspectiva interdisciplinar<\/a>,<\/em> Ed. Dykinson, Madrid, 2018, pp. 63-82.<\/p>\n<p>-Mas Galva\u00f1, C.: \u201cReligiosidad, clima y conflictividad: el santuario de San Cayetano en Crevillent (1770-1826)\u201d, en Eliseo Serrano Mart\u00edn y Jes\u00fas Gasc\u00f3n P\u00e9rez, <a href=\"https:\/\/ifc.dpz.es\/recursos\/publicaciones\/36\/99\/_ebook.pdf\"><em>Poder, sociedad, religi\u00f3n y tolerancia en el mundo hisp\u00e1nico, de Fernando el Cat\u00f3lico al siglo XVIII<\/em><\/a>, Zaragoza, Instituci\u00f3n Fernando el Cat\u00f3lico, 2018.<\/p>\n<p>-Garc\u00eda Arenas, M. y Mas Galva\u00f1, C.: \u201cLa visi\u00f3n del conflicto hispano-portugu\u00e9s de 1762, a trav\u00e9s de la prensa oficial y la correspondencia de Carlos III\u201d, en Jos\u00e9 Ignacio Fortea, Juan Eloy Gelabert Gonz\u00e1lez, Roberto L\u00f3pez Vela, Elena Postigo Castellanos (coords.) <a href=\"https:\/\/dialnet.unirioja.es\/servlet\/libro?codigo=735064\"><em>Monarqu\u00edas en conflicto. Linajes y noblezas en la articulaci\u00f3n de la Monarqu\u00eda Hisp\u00e1nica<\/em><\/a>, Fundaci\u00f3n Espa\u00f1ola de Historia Moderna-Universidad de Cantabria, Madrid, 2018, pp. 169-180.<\/p>\n<p>-Padilla Lozoya, R. \u201cPr\u00e1cticas hist\u00f3ricas de alertamiento y protecci\u00f3n ante huracanes en Baja California Sur\u201d, en Altez, R. e I. Campos (edits.) <em>Antropolog\u00eda, historia y vulnerabilidad. Miradas diversas desde Am\u00e9rica Latina<\/em>, Zamora, Michoac\u00e1n. El Colegio de Michoac\u00e1n, Conacyt-Red Sociedad, Vulnerabilidad y Riesgo y Colof\u00f3n. 2018, pp. 141-166. ISBN 978-607-544-040-8.<\/p>\n<p>-Alberola Rom\u00e1, A., \u00abS\u00e9cheresses et inondations dans le bassin mediterran\u00e9en espagnol aux XVIe et XVIIe si\u00e8cles. R\u00e9flexions au sujet des terres valenciennes\u00bb, en Armando Alberola Rom\u00e1 (ed), <a href=\"https:\/\/publicaciones.ua.es\/es\/catalogo\/riesgo-desastre-y-miedo-en-la-peninsula-iberica-y-mexico-durante-la-edad-moderna\/978-84-16724-72-7\"><em>Riesgo, desastre y miedo en la pen\u00ednsula Ib\u00e9rica y M\u00e9xico durante la Edad Moderna<\/em><\/a>, Alicante-Zamora de Michoac\u00e1n, Publicaciones de la Universidad de Alicante, 2017, pp. 135-150, ISBN 978-84-16724-72-7.<\/p>\n<p>-Alberola Rom\u00e1, A., \u201cClima y guerra en tiempos de Cervantes y Shakespeare\u201d, en Gonz\u00e1lez, J.M. (ed.), <a href=\"https:\/\/www.cambridge.org\/core\/journals\/renaissance-quarterly\/article\/cervantesshakespeare-16162016-contexto-influencia-relacion-context-influence-relation-jose-manuel-gonzalez-ed-with-jose-maria-ferri-and-maria-del-carmen-irles-cervantes-y-su-mundo-9-teatro-del-siglo-de-oro-estudios-de-literatura-129-kassel-edition-reichenberger-2017-viii-398-pp-78\/57B680CE1543C72933938957721F20ED\"><em>Cervantes-Shakespeare, 1616-2016. <\/em><\/a><em>Contexto, influencia, relaci\u00f3n. Context, Influence, Relation<\/em>, Edition Reichenberger, 2017, pp. 50-70, ISBN 978-3-944244-62-4.<\/p>\n<p>-Ribas Palom, A.; Sauri Pujol, D.; Olcina Cantos, J.: &#8220;Sustainable Land Use Planning in Areas Exposed to Flooding: Some International Experiences&#8221;, in <a href=\"https:\/\/www.elsevier.com\/books\/floods\/vinet\/978-1-78548-269-4\"><em>Floods. <\/em><em>Volume 2. Risk Management<\/em><\/a>, Editorial Elsevier Science, 2017, pp. 103-118. ISBN 978-1-78548-269-4<\/p>\n<p>-Olcina Cantos, J.: \u201cRiesgo natural y desastre en las Cr\u00f3nicas de Indias\u201d, en Alberola Rom\u00e1, A. (ed.), <a href=\"https:\/\/publicaciones.ua.es\/es\/catalogo\/riesgo-desastre-y-miedo-en-la-peninsula-iberica-y-mexico-durante-la-edad-moderna\/978-84-16724-72-7\"><em>Riesgo, desastre y miedo en la pen\u00ednsula Ib\u00e9rica y M\u00e9xico durante la Edad Moderna<\/em><\/a>. Publicaciones de la Universidad de Alicante, Alicante, 2017, pp. 111-133.<\/p>\n<p>-Olcina Cantos, J.; Rull\u00e1n Salamanca, O.: &#8220;Consecuencias ambientales de la actividad econ\u00f3mica&#8221;, en Romero, J. (coord.), <a href=\"https:\/\/www.tirant.com\/humanidades\/ebook\/geografia-humana-de-espana-curso-de-introduccion-9788416786657\"><em>Geograf\u00eda Humana de Espa\u00f1a<\/em><\/a>, Valencia, Ed. Tirant Lo Blanch, 2017, pp. 526-641 ISBN: 978-84-16786-65-7.<\/p>\n<p>-Mas Galva\u00f1, C.: \u201cRelatos hip\u00f3xicos. Descripciones del mal de altura en la Am\u00e9rica colonial\u201d, en Gloria Franco Rubio, Natalia Gonz\u00e1lez Heras y Elena de Lorenzo \u00c1lvarez (eds.), <a href=\"https:\/\/www.trea.es\/books\/espana-y-el-continente-americano-en-el-siglo-xviii\"><em>Espa\u00f1a y el continente americano en el siglo XVIII<\/em><\/a>, Gij\u00f3n, Sociedad Espa\u00f1ola de Estudios del Siglo XVIII-Ediciones Trea, 2017, pp. 769-781.<\/p>\n<p>-Mas Galva\u00f1, C.: \u201cClima y meteorolog\u00eda en la prensa madrile\u00f1a del reinado de Carlos IV (1792-1808\u201d, en A. Alberola Rom\u00e1 (ed.), <a href=\"https:\/\/publicaciones.ua.es\/es\/catalogo\/riesgo-desastre-y-miedo-en-la-peninsula-iberica-y-mexico-durante-la-edad-moderna\/978-84-16724-72-7\"><em>Riesgo, desastre y miedo en la pen\u00ednsula Ib\u00e9rica y M\u00e9xico durante la Edad Moderna<\/em><\/a>, Universidad de Alicante-El Colegio de Michoac\u00e1n, Alicante, 2017.<\/p>\n<p>-Garc\u00eda Torres, A. \u201cSequ\u00edas y heladas en la Ciudad de M\u00e9xico: episodios de mayor impacto socioecon\u00f3mico en el siglo XVIII\u201d, en A. Alberola Rom\u00e1 (Ed.), <a href=\"https:\/\/publicaciones.ua.es\/es\/catalogo\/riesgo-desastre-y-miedo-en-la-peninsula-iberica-y-mexico-durante-la-edad-moderna\/978-84-16724-72-7\"><em>Riesgo, desastre y miedo en la pen\u00ednsula Ib\u00e9rica y M\u00e9xico durante la Edad Moderna<\/em><\/a>. Alicante: Publicaciones de la Universidad de Alicante, 2017, pp. 183 &#8211; 208 ISBN 978-84-16724-72-7<\/p>\n<p>-Garc\u00eda Torres, Adri\u00e1n. \u201cLa sociedad del sur valenciano frente al riesgo clim\u00e1tico y natural en la segunda mitad del siglo XVIII\u201d, VV. AA., <a href=\"http:\/\/libros.um.es\/editum\/catalog\/download\/1861\/2541\/2351-1?inline=1\">E<em>scenarios de familia: trayectorias, estrategias y pautas culturales, siglos XVI-XX<\/em><\/a>. Murcia: Ediciones de la Universidad de Murcia, 2017, pp. 397-408. ISBN 13 978-84-697-3461-2<\/p>\n<p>-Garc\u00eda Torres, A. \u201cLa religiosidad popular frente a las adversidades clim\u00e1ticas y naturales en los siglos XVII-XVIII\u201d, VV. AA., <a href=\"http:\/\/Poder, sociedad, religi\u00f3n y tolerancia en el mundo hisp\u00e1nico, de Fernando el Cat\u00f3lico al siglo XVIII\"><em>Poder, sociedad, religi\u00f3n y tolerancia en el mundo hisp\u00e1nico, de Fernando el Cat\u00f3lico al siglo XVIII<\/em><\/a>. Zaragoza: Instituci\u00f3n Fernando el Cat\u00f3lico, 2018, pp. 787-800. ISBN 978-84-9911-508-5<\/p>\n<p>-Garc\u00eda Torres, A. \u201cSequ\u00eda y abastecimiento de agua potable en las comarcas alicantinas del Medio y Bajo Vinalop\u00f3: algunos proyectos fallidos durante el siglo XVIII\u201d. <a href=\"https:\/\/publicaciones.ua.es\/es\/catalogo\/economia-politica-y-sociedad-en-iberoamerica-siglos-xvi-xix\/978-84-9717-501-2\"><em>Econom\u00eda, Pol\u00edtica y Sociedad en Iberoam\u00e9rica (siglos XVI-XIX). Actuales l\u00edneas de investigaci\u00f3n hist\u00f3rica<\/em><\/a>. Alicante: Publicaciones de la Universidad de Alicante, 2017, pp. 170-188. ISBN 978-84-9717-501-2<\/p>\n<p>&nbsp;<\/p>\n<p><strong>Art\u00edculos de revistas<\/strong><\/p>\n<p>-Alberola Rom\u00e1, A. y Luis A. Arrioja D\u00edaz Viruell, <a href=\"http:\/\/rua.ua.es\/dspace\/bitstream\/10045\/86896\/1\/2018_Alberola_Arrioja_AnEstAtlanticos.pdf\">\u201cClima, medio ambiente y plagas de langosta en la pen\u00ednsula Ib\u00e9rica y Am\u00e9rica Central en el \u00daltimo tercio del siglo XVIII. Una aproximaci\u00f3n comparativa<\/a>\u201d, <em>Anuario de Estudios Atl\u00e1nticos<\/em>, 65 (2019), pp. 379-421. ISSN 0570-4065.<\/p>\n<p>-Barriendos, M., Gil-Guirado, S., Pino, Alberola, A. et alii, \u201c<a href=\"http:\/\/rua.ua.es\/dspace\/handle\/10045\/95232\">Climatic and social factors behind the Spanish Mediterranean flood event chronologies from documentary sources (14th\u201320th centuries)<\/a>\u201d, <em>Global and Planetary Change,<\/em> 182 (2019), https:\/\/doi.org\/10.1016\/j.gloplacha.2019.102997<\/p>\n<p>-Morote, A.F.; Olcina, J.; Hern\u00e1ndez, M.: \u201c<a href=\"http:\/\/rua.ua.es\/dspace\/bitstream\/10045\/85931\/1\/2019_Morote_etal_Water.pdf\">The Use of Non-Conventional Water Resources as a Means of Adaptation to Drought and Climate Change in Semi-Arid Regions: South-Eastern Spain<\/a>\u201d, <em>Water<\/em>, vol, 11, n\u00ba 93 (2019), 1-19. DOI: 10.3390\/w11010093<\/p>\n<p>-Morote, A.F.; Olcina, J.; Rico, A.M.; Hern\u00e1ndez, M.: \u201c<a href=\"http:\/\/rua.ua.es\/dspace\/bitstream\/10045\/85932\/1\/2019_Morote_etal_UrbanSci.pdf\">Water Management in Urban Sprawl Typologies in the City of Alicante (Southern Spain): New Trends and Perception after the Economic Crisis?<\/a>\u201d, <em>Urban Science<\/em>, vol. 3, n\u00ba 7 (2019), pp. 1-18.<\/p>\n<p>-Bodoque, J.M.; Diez-Herrero, A.; Am\u00e9rigo Cuervo-Arango, M\u00aa J.; Garc\u00eda Mart\u00edn, J.A.; Olcina Cantos, J.: &#8220;<a href=\"http:\/\/rua.ua.es\/dspace\/handle\/10045\/83712\">Enhancing flash flood risk perception and awareness of mitigation actions through risk communication: A pre-post survey design<\/a>&#8220;, <em>Journal of Hydrology<\/em>, n\u00ba 568 (2019), pp. 769-779. DOI: 10.1016\/j.jhydrol.2018.11.007<\/p>\n<p>-Garc\u00eda Acosta, Virginia, \u201c<a href=\"https:\/\/www.goodreads.com\/book\/show\/38096552-desastres-en-m-xico-una-perspectiva-hist-rica?from_choice=false&amp;from_home_module=false&amp;rating=3\">Desastres en M\u00e9xico. Una perspectiva hist\u00f3rica<\/a>\u201d, <em>Arqueolog\u00eda Mexicana, <\/em>vol. 149 (enero-febrero, 2018), pp. 32-69. Coordinadora del dosier. ISSN 0188-8218.<\/p>\n<p>-Garc\u00eda Acosta, Virginia, \u201c<a href=\"https:\/\/arqueologiamexicana.mx\/mexico-antiguo\/los-desastres-en-perspectiva-historica\">Los desastres en perspectiva hist\u00f3rica<\/a>\u201d, <em>Arqueolog\u00eda Mexicana, <\/em>149 (2018), pp. 32-35. ISSN 0188-8218<\/p>\n<p>-Garc\u00eda Acosta, Virginia, \u201c<a href=\"https:\/\/arqueologiamexicana.mx\/mexico-antiguo\/los-temblores-tienen-un-origen-divino-o-natural\">\u00bfLos temblores tienen un origen divino o natural?<\/a>\u201d, <em>Arqueolog\u00eda Mexicana, <\/em>149 (2018), pp. 64-69. ISSN 0188-8218.<\/p>\n<p>-Garc\u00eda Acosta, Virginia, \u201c<a href=\"https:\/\/www.berghahnjournals.com\/view\/journals\/regions-and-cohesion\/8\/1\/reco080106.xml\">Cohesi\u00f3n social y reducci\u00f3n de riesgos de desastres. Otros conceptos a explorar<\/a>\u201d, <em>Regions &amp; Cohesion, <\/em>vol. 8, n\u00fam. 1 (2018), pp. 79-90. ISSN 2152-906X.<\/p>\n<p>-Meseguer-Ruiz, O.; Osborn, T.J.; Sarricolea, P.; Jones, Ph.D.; Olcina Cantos, J.; Serrano-Notivoli, R.; Mart\u00edn-Vide, J.: &#8220;<a href=\"http:\/\/rua.ua.es\/dspace\/handle\/10045\/89847\">Definition of a temporal distribution index for high temporal resolution precipitation data over Peninsular Spain and the Balearic Islands: the fractal dimension; and its synoptic implications<\/a>&#8220;, 0930-7575 &#8211; <em>Climate Dynamics<\/em> (2018). DOI: 10.1007\/s00382-018-4159-6.<\/p>\n<p>-Perles Rosell\u00f3, M\u00aa J.; Olcina Cantos, J. y M\u00e9rida Rodriguez, M.: &#8220;<a href=\"http:\/\/rua.ua.es\/dspace\/bitstream\/10045\/89637\/1\/2018_Perles-Rosello_etal_CyTET.pdf\">Balance de las pol\u00edticas de gesti\u00f3n del riesgo de inundaciones en Espa\u00f1a: de las acciones estructurales a la ordenaci\u00f3n territorial<\/a>&#8220;, <em>Ciudad y Territorio, Estudios Territoriales<\/em>, n\u00ba 197 (2018), 417-438.<\/p>\n<p>-Mas Galva\u00f1, C.: \u201c<a href=\"https:\/\/revistahistoriamoderna.ua.es\/article\/view\/2017-n35-devociones-conflictividad-clima-santuario-de-las-virtudes-de-villena-y-san-cayetano-de-crevillent-en-edad-moderna\/pdf\">Devociones, conflictividad y clima. Los santuarios de Nuestra Se\u00f1ora de las Virtudes (Villena) y San Cayetano (Crevillent) durante la Edad Moderna<\/a>\u201d, <em>Revista de Historia Moderna. Anales de la Universidad de Alicante<\/em>, n\u00ba 35 (2017), pp. 254-307, DOI: 10.14198\/RHM2017.35.08.<\/p>\n<p>-Garc\u00eda Torres, A. \u201c<a href=\"https:\/\/revistahistoriamoderna.ua.es\/article\/view\/2017-n35-extremismo-climatico-y-peligro-biologico-en-sureste-espanol-1780-1800\/pdf\">Extremismo clim\u00e1tico y peligro biol\u00f3gico en el sureste espa\u00f1ol (1780-1800)<\/a>\u201d.<em> Revista de Historia Moderna. Anales de la Universidad de Alicante,<\/em> n\u00ba 35 (2017), pp. 345-376. ISSN 0212-5870<\/p>\n<p>-Garc\u00eda Torres, A. \u201c<a href=\"http:\/\/institucional.us.es\/tamericanistas\/uploads\/TA-38\/02_garc%C3%ADa.pdf\">La religiosidad popular frente a las sequ\u00edas en la Ciudad de M\u00e9xico (1700-1760)<\/a>\u201d. <em>Temas americanistas<\/em>. 2017, pp. 32-56. ISSN 0212-4408.<\/p>\n<p>-Padilla Lozoya, R. \u201c<a href=\"https:\/\/revistahistoriamoderna.ua.es\/article\/view\/2017-n35-estrategia-simbolica-ante-amenazas-naturales-y-desastres-en-espana-y-mexico\/pdf\">La estrategia simb\u00f3lica ante amenazas naturales y desastres entre Espa\u00f1a y M\u00e9xico<\/a>\u201d. <em>Revista de Historia Moderna. Anales de la Universidad de Alicante<\/em>, 35 (2017), pp. 116-148. ISSN-e: 1989-9823.<\/p>\n<p>-Meseguer-Ruiz, O.; Mart\u00edn-Vide, J.; Olcina Cantos, J. y Sarricolea, P. (2017) &#8220;<a href=\"https:\/\/rua.ua.es\/dspace\/bitstream\/10045\/65529\/1\/2017_Meseguer_etal_Boletin-AGE_esp.pdf\">An\u00e1lisis y comportamiento espacial de la fractalidad temporal de la precipitaci\u00f3n en la Espa\u00f1a peninsular y Baleares (1997-2010)<\/a>&#8220;, <em>Bolet\u00edn de la Asociaci\u00f3n de Ge\u00f3grafos Espa\u00f1oles<\/em>, n\u00ba 73 (2017), pp. 11-32.<\/p>\n<p>-Olcina Cantos, J.; D\u00edez-Herrero, Andr\u00e9s (2017) &#8220;<a href=\"http:\/\/estudiosgeograficos.revistas.csic.es\/index.php\/estudiosgeograficos\/article\/view\/512\/512\">Cartograf\u00eda de inundaciones en Espa\u00f1a<\/a>&#8220;, <em>Estudios Geogr\u00e1ficos<\/em>, vol. LXXVIII, n\u00ba 282 (2017), 283-315.<\/p>\n","protected":false},"excerpt":{"rendered":"<p>Libros -Arrioja D\u00edaz Viruell, L. A., Bajo el crep\u00fasculo de los insectos. Clima, plagas y trastornos sociales en el reino de Guatemala (1768-1805). M\u00e9xico: El Colegio de Michoac\u00e1n \/ Universidad de San Carlos de Guatemala \/ Universidad Nacional Aut\u00f3noma de &hellip; <a href=\"https:\/\/blogs.ua.es\/historiaclima\/resultados\/publicaciones-2\/\">Continue reading <span class=\"meta-nav\">&rarr;<\/span><\/a><\/p>\n","protected":false},"author":936,"featured_media":0,"parent":32,"menu_order":1,"comment_status":"closed","ping_status":"closed","template":"","meta":{"footnotes":""},"class_list":["post-37","page","type-page","status-publish","hentry"],"_links":{"self":[{"href":"https:\/\/blogs.ua.es\/historiaclima\/wp-json\/wp\/v2\/pages\/37","targetHints":{"allow":["GET"]}}],"collection":[{"href":"https:\/\/blogs.ua.es\/historiaclima\/wp-json\/wp\/v2\/pages"}],"about":[{"href":"https:\/\/blogs.ua.es\/historiaclima\/wp-json\/wp\/v2\/types\/page"}],"author":[{"embeddable":true,"href":"https:\/\/blogs.ua.es\/historiaclima\/wp-json\/wp\/v2\/users\/936"}],"replies":[{"embeddable":true,"href":"https:\/\/blogs.ua.es\/historiaclima\/wp-json\/wp\/v2\/comments?post=37"}],"version-history":[{"count":7,"href":"https:\/\/blogs.ua.es\/historiaclima\/wp-json\/wp\/v2\/pages\/37\/revisions"}],"predecessor-version":[{"id":73,"href":"https:\/\/blogs.ua.es\/historiaclima\/wp-json\/wp\/v2\/pages\/37\/revisions\/73"}],"up":[{"embeddable":true,"href":"https:\/\/blogs.ua.es\/historiaclima\/wp-json\/wp\/v2\/pages\/32"}],"wp:attachment":[{"href":"https:\/\/blogs.ua.es\/historiaclima\/wp-json\/wp\/v2\/media?parent=37"}],"curies":[{"name":"wp","href":"https:\/\/api.w.org\/{rel}","templated":true}]}}