{"id":39,"date":"2019-10-11T14:18:46","date_gmt":"2019-10-11T14:18:46","guid":{"rendered":"https:\/\/blogs.ua.es\/historiaclima\/?page_id=39"},"modified":"2019-10-11T14:18:46","modified_gmt":"2019-10-11T14:18:46","slug":"congresos-conferencias-y-workshops","status":"publish","type":"page","link":"https:\/\/blogs.ua.es\/historiaclima\/resultados\/congresos-conferencias-y-workshops\/","title":{"rendered":"Congresos, conferencias y workshops"},"content":{"rendered":"<p>-Alberola Rom\u00e1, A., \u201cDrought and rogations <em>pro pluvia<\/em> in the western Mediterranean during the XVI-XVII centuries: the valencian case\u201d, en <em>22nd Annual Mediterranean Studies Association. International Congress<\/em>, Rethymnon, University of Crete (GRECIA), 29\/05\/2019 a 01\/06\/2019. Comunicaci\u00f3n aceptada.<\/p>\n<p>-Mas Galva\u00f1, C.: \u201cClimat et identit\u00e9 nationale. La <em>Historia Cr\u00edtica de Espa\u00f1a<\/em> de l\u2019abb\u00e9 J. F. Masdeu (1783)\u201d, ISECS-SIEDS, <em>15th International Congress on the Enlightenment &#8211; 15e Congr\u00e8s international des Lumi\u00e8res<\/em>, Edinburgh, 14\u201319 July 2019. Comunicaci\u00f3n.<\/p>\n<p>-Garc\u00eda Acosta, V., \u201cClimate adaptation in History. Lessons learnt from past natural Disasters in Latin America\u201d, en <em>Conferencia internacional \u201cCrafting the Long Tomorrow: New Conversations &amp; Productive Catalysts Across Science and Humanities Boundaries aas the Global Emergency Worsens<\/em>\u201d, Instituci\u00f3n: Rachel Carson Center y Universidad de Arizona en Biosphere 2. Oracle, Arizona, 21-24 febrero 2019. Conferencia magistral<\/p>\n<p>-Garc\u00eda Acosta, V., \u201cClima, naturaleza y sociedad en M\u00e9xico y Am\u00e9rica Central. Una visi\u00f3n retrospectiva\u201d, en <em>Proyecto \u201cMatices: realidades de M\u00e9xico y Centroam\u00e9rica\u201d,<\/em> COLMICH, Zamora (Michoac\u00e1n), 22 mayo 2019. Ponencia<\/p>\n<p>-Garc\u00eda Torres, A., &#8220;Las erupciones volc\u00e1nicas del Somma-Vesubio y el Etna: las noticias recogidas en la prensa espa\u00f1ola del siglo XVII&#8221;. <em>22nd Annual Mediterranean Studies Association. International Congress<\/em>. Rethymnon (Grecia), 29\/05\/2019. Comunicaci\u00f3n.<\/p>\n<p>-Garc\u00eda Torres, A. y Luis, Jean-Ph., \u201cLa gestion du risque volcanique par l&#8217;administration imp\u00e9riale espagnole en Am\u00e9rique (XVIIIe si\u00e8cle-ann\u00e9es 1820)\u201d<em> S\u00e9minaire challange 4 I-Site<\/em>. Clermont-Ferrand (Francia), 6\/06\/2019, Comunicaci\u00f3n<\/p>\n<p>-Alberola Rom\u00e1, A., \u201cPaisatge hist\u00f2ric, clima i risc: una ullada al Mediterrani occidental a l&#8217;\u00e8poca moderna\u201d, en <em>VIII Congr\u00e9s d`Hist\u00f2ria Moderna de Catalunya: Catalunya i el Mediterrani<\/em>, Barcelona, Universidad de Barcelona, 17 al 21 de diciembre de 2018. Ponencia invitada.<\/p>\n<p>-Alberola Rom\u00e1, A., \u201cClima, desastre y crisis en Espa\u00f1a y Am\u00e9rica durante la Peque\u00f1a Edad del Hielo\u201d, en <em>Disastri naturali, comunicazione e politica nella Monarchia ispania. Societ\u00e0 di Antico Regime di fronte all`emergenza<\/em>, N\u00e1poles, Universidad Federico II (Italia), 10 y 11 de diciembre de 2018. Ponencia invitada.<\/p>\n<p>-Alberola Rom\u00e1, A., \u00abRisque et d\u00e9sastre dans l&#8217;Espagne du XVIIIe si\u00e8cle. Les sources\u00bb, en <em>La gestion de risques volcaniques et naturels par les administrations publiques dans les monarchies des Bourbons (XVIIIe-XIXe ss): la question des sources<\/em>, Clermont-Ferrand, Universit\u00e9 de Clermont-Auvergne (Francia). 22 noviembre 2018. Ponencia invitada.<\/p>\n<p>-Alberola Rom\u00e1, A., \u201cClima, medio ambiente y cat\u00e1strofe. Una perspectiva comparada\u201d, en <em>Congreso Territorios comunes. Herramientas frente al Capitaloceno<\/em>, Granada, Universidad de Granada, del 7 al 9 de noviembre de 2018. Ponencia invitada.<\/p>\n<p>-Alberola Rom\u00e1, A., \u201cLos terremotos de 1783 en el sur de Italia y su percepci\u00f3n desde Espa\u00f1a. Informaci\u00f3n, reflexi\u00f3n cient\u00edfica y religiosidad popular\u201d, en <em>Convegno Internazionale Italia e Spagna nel XVIII secolo. Scambi e circolazione di idee, persone e cose. Italia y Espa\u00f1a en el siglo XVIII. Intercambios y circulaci\u00f3n de ideas, personas y cosas<\/em>, N\u00e1poles, Universidad Federico II (Italia), del 22 al 24 de octubre de 2018. Comunicaci\u00f3n.<\/p>\n<p>-Alberola Rom\u00e1, A., \u201cExtremismo clim\u00e1tico en la fase final de la Peque\u00f1a Edad del Hielo: la pen\u00ednsula Ib\u00e9rica entre 1715 y 1830\u201d, en <em>Conferencia internacional Historia, naturaleza y desastres. Una mirada sobre Am\u00e9rica y Espa\u00f1a (ss. XVIII-XIX)<\/em>, El Colegio de Michoac\u00e1n, Zamora (M\u00e9xico), 11 y 12 de octubre de 2018. Ponencia invitada.<\/p>\n<p>-Alberola Rom\u00e1, A., \u201cLa pen\u00ednsula Ib\u00e9rica y M\u00e9xico en el \u00faltimo tercio del siglo XVIII: riesgo, clima y desastre. Una aproximaci\u00f3n comparativa\u201d, en <em>Seminario internacional Historia, naturaleza extrema y procesos conjuntos. Corrientes Historiogr\u00e1ficas<\/em>, El Colegio de Michoac\u00e1n, Zamora (M\u00e9xico), 9 y 10 de octubre de 2018. Ponencia invitada.<\/p>\n<p>-Alberola Rom\u00e1, A., \u201cClima, d\u00e9ficit h\u00eddrico e impactos ambientales en la Espa\u00f1a del siglo XVIII\u201d, en <em>Congreso Internacional Recursos naturales en la pen\u00ednsula Ib\u00e9rica: los aprovechamientos forestales e h\u00eddricos (siglos XV-XIX)<\/em>, Universidad Rey Juan Carlos, Madrid, 4 y 5 de octubre de 2018. Ponencia invitada.<\/p>\n<p>-Alberola Rom\u00e1, A. y Kevin Pometti Ben\u00edtez, \u201cTemperature oscillations, droughts and storms in the Spain of the 18th century: from the perception of coetaneous people to the instrumental meteorological registers\u201d, en <em>Unifying phenomena in a divided world: History of climate and meteorology in Europe (17th-19th Century). <\/em><em>2018 European Society for the History of Science<\/em>, Londres (UK), del 14 al 17 de septiembre de 2018. Comunicaci\u00f3n invitada.<\/p>\n<p>-Alberola, A., C. Balasch, M. Barriendos et alii, \u201cClimatic context and meteorological anomalies during 1783 in Eastern Iberian Peninsula. Atmospheric processes and impacts of a singular <em>Bad Year<\/em>\u201d, en European <em>Geosciences Union General Assembly 2018<\/em>, Viena (Austria), 13 al 18 de abril de 2018. Comunicaci\u00f3n aceptada.<\/p>\n<p>-Alberola, A., David Pino, A. Balasch, M. Barriendos et alii, \u201cMajor flood events reconstruction from a multi-proxy approach. The case study of November 1617 flood event in the Mediterranean Basins of Iberian Peninsula\u201d, en <em>European Geosciences Union General Assembly 2018<\/em>, Viena (Austria), 13 al 18 de abril de 2018. Comunicaci\u00f3n.<\/p>\n<p>-Alberola, A., Mariano Barriendos Jos\u00e9 M. Cuadrat el alii, \u201cMegadrougths in Iberia. A case study of the event 1812-1824. Atmospheric processes and socio-environmental impacts\u201d, en <em>European Geosciences Union General Assembly 2018<\/em>, Viena (Austria), 13 al 18 de abril de 2018. Comunicaci\u00f3n aceptada.<\/p>\n<p>-Alberola Rom\u00e1, A., \u201cTerremotos y erupciones volc\u00e1nicas en la Italia del siglo XVIII: la percepci\u00f3n desde Espa\u00f1a\u201d, en <em>XIII Seminario Internacional Historia y Clima: acontecimientos extremos hidrometeorol\u00f3gicos, geol\u00f3gicos y biol\u00f3gicos en Espa\u00f1a y Am\u00e9rica (siglos XVI-XIX)<\/em>, Alicante, Universidad de Alicante, 15 y 16 de marzo de 2018. Ponencia.<\/p>\n<p>-Garc\u00eda Acosta, V., \u201cClimate, risk, catastrophe and crisis on both sides of the Atlantic during the Little Ice Age\u201d, en <em>International Joint Laboratory Paleotraces. <\/em><em>Paleoclimate, Tracers and Variabilities. Balance and Future<\/em>, Ciudad de M\u00e9xico, 15-16 noviembre 2018. Ponencia.<\/p>\n<p>-Padilla Lozoya, R. y F. J. Delgado, \u201cAmenazas y desastres en Colima, siglos XVIII y XIX\u201d, en <em>Conferencia Internacional \u201cClima, Naturaleza y Desastres: una mirada sobre Am\u00e9rica y Espa\u00f1a (siglos XVIII-XIX)<\/em>\u201d, El Colegio de Michoac\u00e1n, 10-12 de octubre de 2018, Zamora, Michoac\u00e1n. Ponencia invitada.<\/p>\n<p>&#8211; Rodrigues, Jos\u00e9 Dami\u00e3o, \u201cPopula\u00e7\u00e3o, clima e cat\u00e1strofes nos A\u00e7ores setecentistas\u201d, Semin\u00e1rio <em>Territorios Comunes. Herramientas frente al Capitaloceno<\/em>, organizado pelo Grupo STAND, Universidad de Granada, 8 e 9 de Novembro de 2018, Painel \u201cClima, medio ambiente y cat\u00e1strofe: una perspectiva comparada\u201d<\/p>\n<p>-Mas Galva\u00f1, C. (con Mar Garc\u00eda Arenas) \u201cEl clima en la guerra de los Siete A\u00f1os a trav\u00e9s de la prensa oficial y la correspondencia de Carlos III\u201d, <em>XIII Seminario Internacional Historia y Clima: Acontecimientos extremos hidrometeorol\u00f3gicos, geol\u00f3gicos y biol\u00f3gicos en Espa\u00f1a y Am\u00e9rica (siglos XVI-XIX)<\/em>, Alicante, 15 y 16 de marzo de 2018. Ponencia invitada.<\/p>\n<p>-Mas Galva\u00f1, C. (con Mar Garc\u00eda Arenas) \u201cLa visi\u00f3n del conflicto hispano-portugu\u00e9s de 1762, a trav\u00e9s de la prensa oficial y la correspondencia de Carlos III\u201d, <em>XV Reuni\u00f3n Cient\u00edfica de la FEHM<\/em>, Santander, 5-7 septiembre 2018. Comunicaci\u00f3n.<\/p>\n<p>-Garc\u00eda Acosta, V., \u201cDesastres y protecci\u00f3n del patrimonio hist\u00f3rico de M\u00e9xico\u201d. C\u00e1tedra de Patrimonio Hist\u00f3rico-Cultural de M\u00e9xico Rafael Tovar y de Teresa, Academia Mexicana de la Historia Ciudad de M\u00e9xico, 12 noviembre 2018. Conferencia magistral<\/p>\n<p>-Morote, A.F., Hern\u00e1ndez, M., Rico, A.M., Olcina, J., \u201cLa gesti\u00f3n del agua en los centros de ense\u00f1anza de la ciudad de Alicante, \u00bfcontradicciones en el fomento del ahorro y la concienciaci\u00f3n ambiental?\u201d, <em>Seminario \u201cGRATS\u201d. Agua y Territorio<\/em>. Septiembre 2018. Universidad de Alicante. Comunicaci\u00f3n.<\/p>\n<p>-Arrioja D\u00edaz Viruell, L. A., &#8220;Enfoques, herramientas y fuentes para reconstruir las condiciones clim\u00e1ticas en el reino de Guatemala (1760-1810)&#8221;, <em>Seminario internacional Historia, clima, riesgo y desastres<\/em>, El Colegio de Michoac\u00e1n, Zamora, Michoac\u00e1n, Ponencia, Foro especializado, 13\/02\/2018.<\/p>\n<p>-Arrioja D\u00edaz Viruell, L. A., &#8220;Notions and Ideas about Locust Plagues in Guatemala Kingdom, 18th Century&#8221;, <em>Tepaske Seminar on Religion, Law, and Moral Authority in the Early Americas<\/em>, Emory University, Atlanta, Georgia, EEUU, Ponencia, Foro especializado, 14\/04\/2018<\/p>\n<p>-Arrioja D\u00edaz Viruell, L. A., &#8220;Clima, amenazas naturales y asedios biol\u00f3gicos en el reino de Guatemala (1760-1812)&#8221;, <em>XIII Seminario Historia y clima: Acontecimientos extremos, hidrometeorol\u00f3gicos, geol\u00f3gicos y biol\u00f3gicos en Espa\u00f1a y Am\u00e9rica (siglos XVI-XVIII)<\/em>, Universidad de Alicante, Alicante, Espa\u00f1a, Ponencia invitada, Foro especializado, 15\/03\/2018.<\/p>\n<p>-Arrioja D\u00edaz Viruell, L. A., &#8220;De M\u00e9xico a Islas Canarias: el periplo de la grana cochinilla (siglos XVIII-XIX) &#8220;, <em>XL Coloquio de Historia y Antropolog\u00eda regionales. El patrimonio ante el umbral de la ciencia<\/em>, El Colegio de Michoac\u00e1n, Zamora, Michoac\u00e1n, Ponencia, Foro especializado, 24\/10\/2018.<\/p>\n<p>-Mas Galva\u00f1, C.: \u201cClima, riesgo, cat\u00e1strofe y crisis a ambos lados del Atl\u00e1ntico durante la Peque\u00f1a Edad del Hielo (PHE)\u201d, <em>International Seminar Food, Health and Environment: Sustainability and Challenges<\/em>, Escuela de Artes y Humanidades (Centro de Historia) de la Universidad de Lisboa, Lisboa, 12 de octubre 2018. Conferencia invitada.<\/p>\n<p>-Mas Galva\u00f1, C. (con Irene Andreu Candela): \u201cEl clima y los fen\u00f3menos naturales de Italia en la correspondencia de Carlos III con Felipe de Parma y Bernardo Tanucci (1759-1782)\u201d, <em>Convegno Internazionale Italia e Spagna nel XVIII secolo. Scambi e circolazione di idee, persone e cose. Italia y Espa\u00f1a en el siglo XVIII. Intercambios y circulaci\u00f3n de ideas, personas y cosas<\/em>, N\u00e1poles, 22-24 octubre 2018. Societ\u00e0 Italiana di Studi sul Secolo Diciotessimo-Sociedad Espa\u00f1ola de Estudios del Siglo XVIII. Ponencia.<\/p>\n<p>-Mas Galva\u00f1, C.: \u201cLa presse et les correspondences comme source de l&#8217;histoire culturelle du climat en Espagne au XVIIIe si\u00e8cle\/La prensa y la correspondencia como fuente de la historia cultural del clima en el XVIII espa\u00f1ol\u201d, Seminario \u201c<em>La gestion des risques volcaniques et naturels par les administrations publiques dans les monarchies des Bourbons (XVIIIe-XIXe si\u00e8cle): la question des sources<\/em>\u201d, Maison des Sciences de l\u2019Homme de Clermont-Ferrand, 22 noviembre 2018. Ponencia invitada.<\/p>\n<p>-Mas Galva\u00f1, C.: \u201cEl descubrimiento cient\u00edfico de Am\u00e9rica en las fuentes de la Edad Moderna: las grandes altitudes\u201d, Seminario <em>Por qu\u00e9 y c\u00f3mo estudiamos las cr\u00f3nicas americanas (perspectivas metodol\u00f3gicas para el estudio de la Cr\u00f3nica de Indias)<\/em>, Centro de Estudios Literarios Iberoamericanos Mario Benedetti, Universidad de Alicante, 10 y 11 de diciembre de 2018. Conferencia invitada.<\/p>\n<p>-Garc\u00eda Torres, A., \u201cHeladas y sequ\u00edas en la Ciudad de M\u00e9xico en el siglo XVIII: los registros de rogativas y su aplicaci\u00f3n como proxy data\u201d. <em>Congreso sobre vulnerabilidad y riesgo<\/em>. Amacuzac (M\u00e9xico), 14\/11\/2017. Comunicaci\u00f3n.<\/p>\n<p>-Garc\u00eda Torres, A., \u201cLa Peque\u00f1a Edad del Hielo en la Monarqu\u00eda Hisp\u00e1nica durante la oscilaci\u00f3n de 1760-1800: un estudio comparativo de las sequ\u00edas y las inundaciones en la Espa\u00f1a Mediterr\u00e1nea y el M\u00e9xico Central\u201d<em> Jornadas Internacionales de Investigaci\u00f3n para J\u00f3venes Dieciochistas<\/em>, Oviedo (Espa\u00f1a), 12\/12\/2017. Ponencia.<\/p>\n<p>-Garc\u00eda Torres, A., \u201cInundaciones en la Ciudad de M\u00e9xico en el siglo XVIII: entre el factor antr\u00f3pico y el hidrometeorol\u00f3gico extremo\u201d.<em> XIII Seminario internacional Historia y Clima: acontecimientos extremos hidrometeorol\u00f3gicos, geol\u00f3gicos y biol\u00f3gicos en Espa\u00f1a y Am\u00e9rica (siglos XVI-XIX)<\/em>. Alicante (Espa\u00f1a), 15\/03\/2018. Ponencia invitada.<\/p>\n<p>-Garc\u00eda Torres, A., &#8220;El desag\u00fce del Valle de M\u00e9xico en el siglo XVIII: el impulso ilustrado&#8221;,<em> V Seminario Internacional de J\u00f3venes Investigadores<\/em>. Alicante (Espa\u00f1a), 18\/4\/2018. Conferencia de clausura.<\/p>\n<p>-Garc\u00eda Torres, A., \u201cMeteorolog\u00eda extrema en la Ciudad de M\u00e9xico: rogativas y advocaciones durante la inestabilidad atmosf\u00e9rica de 1760-1800\u201d,<em> 56\u00ba Congreso Internacional de Americanistas<\/em>. Salamanca (Espa\u00f1a), 15\/07\/2018. Comunicaci\u00f3n<\/p>\n<p>-Garc\u00eda Torres, A., &#8220;Erupciones y actividad volc\u00e1nica en Italia: el seguimiento de la prensa espa\u00f1ola (1751-1800)&#8221;. <em>Convegno Internazionale Italia e Spagna nel XVIII secolo. Scambi e circolazione di idee, persone e cose. Italia y Espa\u00f1a en el siglo XVIII. Intercambios y circulaci\u00f3n de ideas, personas y cosas<\/em>. N\u00e1poles, 21\/10\/2018. Comunicaci\u00f3n.<\/p>\n<p>-Garc\u00eda Torres, A., \u201cLa Peque\u00f1a Edad del Hielo en el Hemisferio Norte entre 1760-1800. Inestabilidad clim\u00e1tica y desastre en el Mediterr\u00e1neo occidental y la Regi\u00f3n central de M\u00e9xico\u201d, <em>Territorios comunes. <\/em><em>Herramientas frente al Capitaloceno<\/em>. Granada (Espa\u00f1a), 7\/11\/2018. Comunicaci\u00f3n.<\/p>\n<p>-Garc\u00eda Torres, A., &#8220;Les \u00e9ruptions volcaniques dans l&#8217;Am\u00e9rique espagnole (1701-1820): les sources pour l&#8217;analyse du d\u00e9sastre et la g\u00e9stion du risque, en<em> La gestion de risques volcaniques et naturels par les administrations publiques dans les monarchies des Bourbons (XVIIIe-XIXe ss): la question des sources<\/em>. Clermont-Ferrand (Francia), 22\/11\/2018. Ponencia invitada<\/p>\n<p>-Morote Seguido, A.F.; Rico Amor\u00f3s, A.M.; Olcina Cantos, J. y Hern\u00e1ndez Hern\u00e1ndez, M.: \u201cCambio de percepci\u00f3n y gesti\u00f3n del agua en las tipolog\u00edas urbanas extensivas tras la crisis econ\u00f3mica (2008). El caso de la ciudad de Alicante\u201d, CONGRESO: <em>Ciudades medias y \u00e1reas metropolitanas. De la dispersi\u00f3n a la regeneraci\u00f3n: Nuevas agendas urbanas, gobiernos de cambio y conflictos sociales<\/em>. Asociaci\u00f3n de Ge\u00f3grafos Espa\u00f1oles. Albacete y Valencia, 2018. Comunicaci\u00f3n.<\/p>\n<p>-Padilla Lozoya, R.: \u201cEpidemias mortales en Colima\u201d, en <em>Seminario de Prevenci\u00f3n de Riesgos y desastres<\/em>, coordinado por AHMC y GERIEM, Archivo Hist\u00f3rico del Municipio de Colima, Colima, 13 de diciembre de 2017. Conferencia invitada.<\/p>\n<p>-Padilla Lozoya, R.: \u201cHistoria y cultura de los desastres\u201d, en <em>Primera Semana Regional de Protecci\u00f3n Civil<\/em>, coordinada por UdeG y Unidad Interna de PC-Cusur, Universidad de Guadalajara, Jalisco, 18 de septiembre de 2017. Conferencia invitada<\/p>\n","protected":false},"excerpt":{"rendered":"<p>-Alberola Rom\u00e1, A., \u201cDrought and rogations pro pluvia in the western Mediterranean during the XVI-XVII centuries: the valencian case\u201d, en 22nd Annual Mediterranean Studies Association. International Congress, Rethymnon, University of Crete (GRECIA), 29\/05\/2019 a 01\/06\/2019. Comunicaci\u00f3n aceptada. -Mas Galva\u00f1, C.: &hellip; <a href=\"https:\/\/blogs.ua.es\/historiaclima\/resultados\/congresos-conferencias-y-workshops\/\">Continue reading <span class=\"meta-nav\">&rarr;<\/span><\/a><\/p>\n","protected":false},"author":936,"featured_media":0,"parent":32,"menu_order":3,"comment_status":"closed","ping_status":"closed","template":"","meta":{"footnotes":""},"class_list":["post-39","page","type-page","status-publish","hentry"],"_links":{"self":[{"href":"https:\/\/blogs.ua.es\/historiaclima\/wp-json\/wp\/v2\/pages\/39","targetHints":{"allow":["GET"]}}],"collection":[{"href":"https:\/\/blogs.ua.es\/historiaclima\/wp-json\/wp\/v2\/pages"}],"about":[{"href":"https:\/\/blogs.ua.es\/historiaclima\/wp-json\/wp\/v2\/types\/page"}],"author":[{"embeddable":true,"href":"https:\/\/blogs.ua.es\/historiaclima\/wp-json\/wp\/v2\/users\/936"}],"replies":[{"embeddable":true,"href":"https:\/\/blogs.ua.es\/historiaclima\/wp-json\/wp\/v2\/comments?post=39"}],"version-history":[{"count":1,"href":"https:\/\/blogs.ua.es\/historiaclima\/wp-json\/wp\/v2\/pages\/39\/revisions"}],"predecessor-version":[{"id":40,"href":"https:\/\/blogs.ua.es\/historiaclima\/wp-json\/wp\/v2\/pages\/39\/revisions\/40"}],"up":[{"embeddable":true,"href":"https:\/\/blogs.ua.es\/historiaclima\/wp-json\/wp\/v2\/pages\/32"}],"wp:attachment":[{"href":"https:\/\/blogs.ua.es\/historiaclima\/wp-json\/wp\/v2\/media?parent=39"}],"curies":[{"name":"wp","href":"https:\/\/api.w.org\/{rel}","templated":true}]}}