{"id":41,"date":"2019-10-11T14:21:54","date_gmt":"2019-10-11T14:21:54","guid":{"rendered":"https:\/\/blogs.ua.es\/historiaclima\/?page_id=41"},"modified":"2019-10-11T14:24:10","modified_gmt":"2019-10-11T14:24:10","slug":"tesis-doctorales","status":"publish","type":"page","link":"https:\/\/blogs.ua.es\/historiaclima\/resultados\/tesis-doctorales\/","title":{"rendered":"Tesis doctorales"},"content":{"rendered":"<p>Doctorando: Jes\u00fas M\u00aa Mu\u00f1oz Pertierra<\/p>\n<ul>\n<li>Director: Armando Alberola Rom\u00e1 (IP1)<\/li>\n<li>T\u00edtulo: Riesgo y cat\u00e1strofe. El impacto de las plagas de langosta en la Espa\u00f1a de finales del siglo XVIII (1770-1800)<\/li>\n<li>Calificaci\u00f3n: Apto cum laude<\/li>\n<li>Fecha: 22\/01\/2019<\/li>\n<li>Organismo: Escuela de Doctorado, Universidad de Alicante, Doctorado en Filosof\u00eda y Letras<\/li>\n<\/ul>\n<p>Doctorando: Miguel \u00c1ngel Cardona<\/p>\n<ul>\n<li>Directora: Garc\u00eda Acosta, Virginia<\/li>\n<li>T\u00edtulo: \u201cConstrucci\u00f3n social del riesgo de desastres. Caso Salgar-Antioquia\u201d<\/li>\n<li>Calificaci\u00f3n: Apto<\/li>\n<li>Fecha: 27\/09\/2018<\/li>\n<li>Organismo: Universidad Pontificia Bolivariana (Medell\u00edn, Colombia). Doctorado en Ciencias Sociales<\/li>\n<\/ul>\n<p>Doctorando: Fercia Angulo Fern\u00e1ndez<\/p>\n<ul>\n<li>Director: Virginia Garc\u00eda Acosta<\/li>\n<li>T\u00edtulo: \u201cVulnerabilidad en el noroeste de Sinaloa por inundaciones asociadas al clima monz\u00f3nico. Estrategias y acciones preventivas, caso de estudio: Guasave\u201d<\/li>\n<li>Calificaci\u00f3n: Apto<\/li>\n<li>Fecha: 06\/08\/2018<\/li>\n<li>Organismo: Universidad Nacional Aut\u00f3noma de M\u00e9xico (UNAM, M\u00e9xico). Centro de Ciencias de la Atm\u00f3sfera. Doctorado en Ciencias.<\/li>\n<\/ul>\n<p>Doctorando: Jos\u00e9 Julio Zerpa<\/p>\n<ul>\n<li>Director: Virginia Garc\u00eda Acosta<\/li>\n<li>T\u00edtulo: \u201cLa emergencia de la tierra: actividad volc\u00e1nica inesperada en Am\u00e9rica Latina y la conformaci\u00f3n de la geolog\u00eda cient\u00edfica europea (1759-1832)\u201d.<\/li>\n<li>Calificaci\u00f3n: Apto<\/li>\n<li>Fecha: 2018<\/li>\n<li>Organismo: Universidad de Guadalajara (M\u00e9xico). Doctorado en Ciencias Sociales.<\/li>\n<\/ul>\n","protected":false},"excerpt":{"rendered":"<p>Doctorando: Jes\u00fas M\u00aa Mu\u00f1oz Pertierra Director: Armando Alberola Rom\u00e1 (IP1) T\u00edtulo: Riesgo y cat\u00e1strofe. El impacto de las plagas de langosta en la Espa\u00f1a de finales del siglo XVIII (1770-1800) Calificaci\u00f3n: Apto cum laude Fecha: 22\/01\/2019 Organismo: Escuela de Doctorado, &hellip; <a href=\"https:\/\/blogs.ua.es\/historiaclima\/resultados\/tesis-doctorales\/\">Continue reading <span class=\"meta-nav\">&rarr;<\/span><\/a><\/p>\n","protected":false},"author":936,"featured_media":0,"parent":32,"menu_order":4,"comment_status":"closed","ping_status":"closed","template":"","meta":{"footnotes":""},"class_list":["post-41","page","type-page","status-publish","hentry"],"_links":{"self":[{"href":"https:\/\/blogs.ua.es\/historiaclima\/wp-json\/wp\/v2\/pages\/41","targetHints":{"allow":["GET"]}}],"collection":[{"href":"https:\/\/blogs.ua.es\/historiaclima\/wp-json\/wp\/v2\/pages"}],"about":[{"href":"https:\/\/blogs.ua.es\/historiaclima\/wp-json\/wp\/v2\/types\/page"}],"author":[{"embeddable":true,"href":"https:\/\/blogs.ua.es\/historiaclima\/wp-json\/wp\/v2\/users\/936"}],"replies":[{"embeddable":true,"href":"https:\/\/blogs.ua.es\/historiaclima\/wp-json\/wp\/v2\/comments?post=41"}],"version-history":[{"count":4,"href":"https:\/\/blogs.ua.es\/historiaclima\/wp-json\/wp\/v2\/pages\/41\/revisions"}],"predecessor-version":[{"id":45,"href":"https:\/\/blogs.ua.es\/historiaclima\/wp-json\/wp\/v2\/pages\/41\/revisions\/45"}],"up":[{"embeddable":true,"href":"https:\/\/blogs.ua.es\/historiaclima\/wp-json\/wp\/v2\/pages\/32"}],"wp:attachment":[{"href":"https:\/\/blogs.ua.es\/historiaclima\/wp-json\/wp\/v2\/media?parent=41"}],"curies":[{"name":"wp","href":"https:\/\/api.w.org\/{rel}","templated":true}]}}