{"id":47,"date":"2019-10-11T14:27:36","date_gmt":"2019-10-11T14:27:36","guid":{"rendered":"https:\/\/blogs.ua.es\/historiaclima\/?page_id=47"},"modified":"2019-10-11T14:30:06","modified_gmt":"2019-10-11T14:30:06","slug":"componentes","status":"publish","type":"page","link":"https:\/\/blogs.ua.es\/historiaclima\/grupo-de-investigacion\/componentes\/","title":{"rendered":"Componentes"},"content":{"rendered":"<p>El <strong>Dr. Armando Alberola Rom\u00e1<\/strong> (IP1 de este proyecto) cuenta con cinco tramos de investigaci\u00f3n reconocidos y viene desarrollando una actividad investigadora en este campo desde la d\u00e9cada de los 90 del siglo pasado habiendo publicado buen n\u00famero de estudios en forma de libros, cap\u00edtulos de libro y art\u00edculos en revistas cient\u00edficas, tal y como se puede comprobar en su correspondiente CV y en la bibliograf\u00eda de referencia que figura al final de este ep\u00edgrafe. Tambi\u00e9n ha desarrollado estancias en centros de investigaci\u00f3n extranjeros por invitaci\u00f3n de sus responsables y ha sido fundador de dos redes tem\u00e1ticas. En el primer caso, y en los \u00faltimos tres a\u00f1os ha sido invitado por El Colegio de Michoac\u00e1n (Zamora, M\u00e9xico, 2014), el CIESAS (Ciudad de M\u00e9xico, 2015, 2016) y MMSH-TELEMME (Universit\u00e9 Aix-Marseille, 2015). Asimismo ha sido miembro fundador de la Red ALARMIR (Red Internacional de Seminarios en Estudios Hist\u00f3ricos sobre Desastres, 2014) y de la Red Tem\u00e1tica \u00abSociedad, vulnerabilidad y riesgo\u00bb (CONACYT, M\u00e9xico, 2015). Igualmente la red portuguesa REPORTHA (Rede Portuguesa de Hist\u00f3ria Ambiental) le ha solicitado incorporarse a sus trabajos, habi\u00e9ndole nombrado miembro del Comit\u00e9 Cient\u00edfico del <em>II Meeting Environmental Changes in Historical Perspective<\/em> (Lisboa, 4-6\/05\/2017). Otro tanto se puede decir de los responsables de los proyectos interdisciplinares PREDIFLOOD, liderado por el Dr. Mariano Barriendos (UB), y muy recientemente MEDIFLOOD, cuyo IP es el Dr. David Pino (UPC).<\/p>\n<p>El <strong>Dr. Jorge Olcina<\/strong>, otro de los componentes del grupo, es miembro de la \u201cRed Ib\u00e9rica Mediterr\u00e1nea para el An\u00e1lisis de Riesgos Clim\u00e1ticos (RIMARC)\u201d, ha participado, como asesor por la parte espa\u00f1ola, en el proyecto de investigaci\u00f3n \u201cApplied multi Risk Mapping of Natural Hazards for Impact Assessment\u201d (proyecto ARMONIA), coordinado por el grupo T6-Italia, forma parte de la RIDOT (Red Iberoamericana de Observaci\u00f3n Territorial) y ha desempe\u00f1ado tareas de Experto Revisor del 5\u00ba Informe del IPCC-Espa\u00f1a AR5, dependiente del Consejo Nacional del Clima (Secretaria de Estado de Cambio Clim\u00e1tico. Ministerio de Medio Ambiente y Medio Rural y Marino. Gobierno de Espa\u00f1a), para el informe \u201cRevisi\u00f3n del informe oficial de Espa\u00f1a. Mitigaci\u00f3n del Riesgo frente al Cambio Clim\u00e1tico y Pol\u00edticas de Reducci\u00f3n del Cambio Clim\u00e1tico en Espa\u00f1a\u201d (Desde 22\/07\/2010).<\/p>\n<p>El <strong>Dr. Cayetano Mas Galva\u00f1<\/strong> (IP2 del proyecto) se incorpor\u00f3 a la presente l\u00ednea de investigaci\u00f3n hace ya dos lustros desde su profundo conocimiento de la cultura y la pol\u00edtica del siglo XVIII, habiendo efectuado numerosas aportaciones en torno a la percepci\u00f3n de las condiciones clim\u00e1ticas de la Edad Moderna entre los contempor\u00e1neos, las crisis provocadas por las plagas de langosta, y especialmente, la utilizaci\u00f3n de las relaciones epistolares y la prensa como fuente para la investigaci\u00f3n del clima en el siglo XVIII. El Dr. Mas ha cumplido estancias en centros extranjeros, destacando las llevadas a cabo en la Climatic Research Unit de la Universidad de East Anglia, en la EHESS-CNRS de Par\u00eds, en el Centro de Estudios Hist\u00f3ricos de El Colegio de Michoac\u00e1n (Zamora, M\u00e9xico, 2016) y en la Universidad de Lisboa. (2017).<\/p>\n<p>Este Grupo de Investigaci\u00f3n en Historia y Clima de la Universidad de Alicante, reconocido como consolidado, que dirige el profesor Alberola Rom\u00e1 ha desarrollado con anterioridad cuatro proyectos que han contado con financiaci\u00f3n del Gobierno de Espa\u00f1a tras participar en convocatorias competitivas y ha alcanzado la consideraci\u00f3n de referente, seg\u00fan se puede leer en diferentes reflexiones cr\u00edticas y estados de la cuesti\u00f3n publicados, entre los grupos de similares caracter\u00edsticas \u2013pocos- existentes en las universidades espa\u00f1olas. Ello se debe al gran caudal de informaci\u00f3n de procedencia archiv\u00edstica aportado por sus integrantes, as\u00ed como el tratamiento seriado de fen\u00f3menos tan impactantes como la sequ\u00eda, las precipitaciones de alta intensidad horaria, las avenidas e inundaciones, las heladas, las tormentas o las granizadas. Tambi\u00e9n las olas de fr\u00edo y calor, los terremotos, y la incidencia de epidemias y plagas agr\u00edcolas. Estos acontecimientos causaban un tremendo impacto y por ello se analizan desde una perspectiva global, teniendo cabida la visi\u00f3n clim\u00e1tica, econ\u00f3mica, social, pol\u00edtico-administrativa, cient\u00edfica, cultural y religiosa. El grupo, gracias a diferentes ayudas y subvenciones, ha consolidado la celebraci\u00f3n anual del <em>Seminario Historia y Clima<\/em> que en 2017 ha alcanzado su XII edici\u00f3n, en el que se dan cita investigadores nacionales y extranjeros para exponer y discutir las aportaciones m\u00e1s recientes. En el mes de junio de este a\u00f1o 2017, adem\u00e1s, se ha celebrado la primera Jornada Cient\u00edfica del grupo dedicada al debate sobre el extremismo hidrometeorol\u00f3gico en el Mediterr\u00e1neo espa\u00f1ol, que cont\u00f3 con 10 participantes espa\u00f1oles (del Grupo de Investigaci\u00f3n en Historia y Clima y del Grupo MEDIFLOOD-2) y dos extranjeros.<\/p>\n<p>El grupo investigador que presenta este proyecto sigue manteniendo excelentes relaciones con el Grupo de Climatolog\u00eda (Universidad de Barcelona) que dirige el prof. Javier Mart\u00edn Vide (2005SGR 01034); con el Dr. Luis A. Arrioja y su grupo de investigaci\u00f3n del Centro de Estudios Hist\u00f3ricos del Colegio de Michoac\u00e1n (Zamora, M\u00e9xico); con el Centro de Investigaciones y Estudios Superiores en Antropolog\u00eda Social (CIESAS, M\u00e9xico) que dirige la Dra. Virginia Garc\u00eda Acosta, con los grupos integrados en la ENAH (Escuela Nacional de Antropolog\u00eda e Historia, M\u00e9xico) que coordina la prof\u00aa Isabel Campos Goenaga, con el grupo del profesor Mariano Barriendos en la Universidad de Barcelona (PREDIFLOOD), con el que dirige en la Universidad de Zaragoza el prof. Jos\u00e9 Mar\u00eda Cuadrat (<em>Clima, agua y cambio global<\/em>) y con el Grupo de Investigaci\u00f3n <em>Din\u00e1micas Imperiales<\/em> (Universidad de Lisboa) en el que el profesor Jos\u00e9 Manoel Damiao Rodrigues desarrolla la l\u00ednea de trabajo \u201cImperio y ciencia\u201d que estudia los desastres en Brasil y las Azores buscando identificar los marcos de conocimiento y control de estos territorios y las respuestas pol\u00edticas y t\u00e9cnicas que se daban a las cat\u00e1strofes naturales y las epidemias. Recientemente, y tras cumplir una invitaci\u00f3n, el prof. Alberola ha establecido un primer contacto con el prof. Christian Pfister, aut\u00e9ntico referente mundial en climatolog\u00eda hist\u00f3rica, del que ya ha surgido una primera colaboraci\u00f3n que aparecer\u00e1 publicada en el \u00faltimo trimestre del a\u00f1o 2017.<\/p>\n<p>Para afrontar los retos que el proyecto ofrece es aconsejable, adem\u00e1s de nuevos planteamientos entre los que incluimos el trabajo en perspectiva hist\u00f3rica comparada, el incremento del n\u00famero de investigadores del equipo y su internacionalizaci\u00f3n. En este sentido, adem\u00e1s de los participantes en proyectos anteriores (Jorge Olcina y Cayetano Mas), se integran en el equipo de trabajo ocho nuevos investigadores, cinco de ellos no espa\u00f1oles.<\/p>\n<p>El <strong>profesor Jose Damiao Rodrigues<\/strong>, de la Universidad de Lisboa, es un reconocido especialista en el estudio de los procesos de evoluci\u00f3n y control del territorio en el Portugal metropolitano y colonial desde la \u00f3ptica pol\u00edtica y cient\u00edfica. Su investigaci\u00f3n contribuir\u00e1 al mejor conocimiento de todo el \u00e1mbito peninsular y podr\u00e1 aportar referencias del \u00e1rea brasile\u00f1a y los archipi\u00e9lagos atl\u00e1nticos.<\/p>\n<p>La <strong>doctora Virginia Garc\u00eda Acosta<\/strong> es, sin duda, la mayor experta en desastres hist\u00f3ricos de diferente \u00edndole que a d\u00eda de hoy se puede encontrar en M\u00e9xico. Sus numerosos estudios relativos a riesgos, desastres y crisis en el M\u00e9xico colonial la convierten en referente imprescindible y en investigadora clave para coordinar las tareas del grupo mexicano. Fundadora y durante muchos a\u00f1os directora acad\u00e9mica del CIESAS, su curriculum es ampl\u00edsimo y su reconocimiento internacional no admite dudas, por lo que su inclusi\u00f3n en este proyecto garantiza trabajo sistem\u00e1tico y solvencia cient\u00edfica.<\/p>\n<p>El <strong>Dr. Raymundo Padilla<\/strong>, Profesor-investigador de tiempo completo en la Universidad de Colima, es, en la actualidad, el gran especialista en el estudio de los huracanes hist\u00f3ricos en el \u00e1rea del Pacifico. Tambi\u00e9n cultiva con \u00e9xito, en su calidad de historiador pero tambi\u00e9n de antrop\u00f3logo, el estudio de la religiosidad popular como medio para hacer frente a las consecuencias catastr\u00f3ficas del extremismo meteorol\u00f3gico. Es miembro REDESClim (Red de Desastres Asociados a Fen\u00f3menos Hidrometeorol\u00f3gicos y Clim\u00e1ticos-CONACYT, 2013), de la Red Tem\u00e1tica de Estudios Interdisciplinarios sobre Vulnerabilidad, Construcci\u00f3n Social del Riesgo y Amenazas Naturales y Biol\u00f3gicas (CONACYT, 2016) y miembro fundador de la Red ALARMIR (Red Internacional de Seminarios en Estudios Hist\u00f3ricos sobre Desastres, 2014). Sus estudios abarcan toda la Baja California, con incursiones en Filipinas<\/p>\n<p>El <strong>doctor Luis Alberto Arrioja<\/strong>, director hasta el presente a\u00f1o del Centro de Estudios Hist\u00f3ricos de El Colegio de Michoac\u00e1n, es uno de los principales estudiosos del impacto de las oscilaciones del clima en la sociedad y econom\u00eda de las regiones meridionales de M\u00e9xico y de lo que hoy es Guatemala durante la Edad Moderna, relacionando adem\u00e1s los per\u00edodos de grandes secas y la irrupci\u00f3n de lluvias excepcionales con el desarrollo de plagas de langosta y la aparici\u00f3n de serias crisis de subsistencias en estos territorios.<\/p>\n<p>La <strong>doctora Isabel Campos Goenaga<\/strong> es la gran experta en el estudio hist\u00f3rico y antropol\u00f3gico de la pen\u00ednsula del Yucat\u00e1n, territorio al que ha dedicado numerosos trabajos relativos a sequ\u00edas, crisis de subsistencias, azote de la langosta, religiosidad popular y sobre el cultivo y explotaci\u00f3n del ma\u00edz. Su investigaci\u00f3n hist\u00f3rica y antropol\u00f3gica se ha centrado en los desastres ocasionados por fen\u00f3menos naturales o biol\u00f3gicos, y sobre la construcci\u00f3n y percepci\u00f3n social del riesgo y la vulnerabilidad, reflejada en diversos libros y ensayos publicados en libros colectivos y revistas cient\u00edficas. Doctora en Historia y Etnohistoria ha desempe\u00f1ado tareas docentes en diferentes instituciones mexicanas (CIESAS, ENAH). En la actualidad es Coordinadora Nacional de Antropolog\u00eda del Instituto Nacional de Antropolog\u00eda e Historia (INAH, M\u00e9xico).<\/p>\n<p>El <strong>Dr. Alain Musset<\/strong> (EHESS, Par\u00eds) es un prestigioso especialista en Geograf\u00eda Hist\u00f3rica que ha trabajado sobre traslados de ciudades en la Am\u00e9rica hisp\u00e1nica durante la \u00e9poca colonial; traslados ocasionados principalmente por un suceso catastr\u00f3fico: terremoto, hurac\u00e1n, incendio, sequ\u00eda, inundaci\u00f3n, etc. (<em>Ciudades n\u00f3madas del Nuevo Mundo<\/em>, 2012). El prof. Musset ha enfocado sus investigaciones en la zona particularmente vulnerable de Am\u00e9rica Central, incluyendo tambi\u00e9n la regi\u00f3n Caribe (<em>L\u2019Am\u00e9rique centrale et les Antilles: une aproche g\u00e9ographique<\/em>, 1998; <em>Nicaragua. Dans l\u2019oeil du cyclone<\/em>, 2000). Profesor asociado al Instituto de Historia de Nicaragua y Centroam\u00e9rica (IHNCA) ha desarrollado actividades cient\u00edficas con diversas universidades de la regi\u00f3n, en particular la Universidad de Panam\u00e1, la Universidad Centroamericana (UCA) de Managua, la Universidad de San Carlos de Guatemala y la Universidad de Costa Rica. Como director del master Estudio Comparativo del desarrollo de la EHESS (Par\u00eds) ha implementado modelos, teor\u00edas y pr\u00e1cticas de investigaci\u00f3n para llevar a cabo estudios comparativos a ambos lados del Atl\u00e1ntico.<\/p>\n<p>Completan el equipo de trabajo dos doctores formados en la Universidad de Alicante y, en el caso del primero, en el seno del Grupo de Investigaci\u00f3n en Historia y Clima. Las exigencias administrativas impiden su inclusi\u00f3n en el Equipo Investigador que, de ser as\u00ed, ver\u00eda equilibrados sus integrantes con los adscritos al Grupo de Trabajo. No obstante, ello no es \u00f3bice para que est\u00e9n condiciones de cumplir sobradamente con sus cometidos investigadores. Las investigaciones previas del <strong>doctor Adri\u00e1n Garc\u00eda Torres<\/strong>, Becario que fue de FPU en la Universidad de Alicante, se han centrado en el estudio de la PEH en la actual provincia de Alicante durante el siglo XVIII, contando ya con una destacada producci\u00f3n cient\u00edfica. Tras doctorarse en 2015, y como consecuencia de la obtenci\u00f3n de una beca de la Fundaci\u00f3n Slicher van Bath de Jong (2016), viene desarrollando un proyecto denominado <em>Riesgo clim\u00e1tico, vulnerabilidad social y crisis agr\u00edcolas en la Ciudad de M\u00e9xico durante el siglo XVIII<\/em>, ampliando de esta manera su marco geogr\u00e1fico de investigaci\u00f3n a la regi\u00f3n Central de M\u00e9xico y estando en perfecta disposici\u00f3n para acometer estudios comparados con los territorios peninsulares que tan bien conoce.<\/p>\n<p>La presencia del <strong>doctor Antonio Carrasco Rodr\u00edguez<\/strong> (Universidad de Alicante) se debe, aparte de a su s\u00f3lida formaci\u00f3n, al hecho de que es t\u00e9cnico de edici\u00f3n digital y ha coordinado una veintena de sitios web de tem\u00e1tica hist\u00f3rica, administrando en la actualidad unos 600 blogs de id\u00e9ntico contenidos. Su principal tarea consistir\u00e1 en la elaboraci\u00f3n de la web del proyecto, que ir\u00e1 nutriendo de contenidos conforme se vayan cubriendo etapas de la investigaci\u00f3n. Pensamos que ser\u00e1 una excelente plataforma de difusi\u00f3n de los resultados, as\u00ed como de informaci\u00f3n de todo tipo de iniciativas que se vayan desarrollando por parte de los equipos de investigaci\u00f3n y de trabajo (congresos, seminarios, jornadas, conferencias, publicaciones, etc).<\/p>\n","protected":false},"excerpt":{"rendered":"<p>El Dr. Armando Alberola Rom\u00e1 (IP1 de este proyecto) cuenta con cinco tramos de investigaci\u00f3n reconocidos y viene desarrollando una actividad investigadora en este campo desde la d\u00e9cada de los 90 del siglo pasado habiendo publicado buen n\u00famero de estudios &hellip; <a href=\"https:\/\/blogs.ua.es\/historiaclima\/grupo-de-investigacion\/componentes\/\">Continue reading <span class=\"meta-nav\">&rarr;<\/span><\/a><\/p>\n","protected":false},"author":936,"featured_media":0,"parent":8,"menu_order":0,"comment_status":"closed","ping_status":"closed","template":"","meta":{"footnotes":""},"class_list":["post-47","page","type-page","status-publish","hentry"],"_links":{"self":[{"href":"https:\/\/blogs.ua.es\/historiaclima\/wp-json\/wp\/v2\/pages\/47","targetHints":{"allow":["GET"]}}],"collection":[{"href":"https:\/\/blogs.ua.es\/historiaclima\/wp-json\/wp\/v2\/pages"}],"about":[{"href":"https:\/\/blogs.ua.es\/historiaclima\/wp-json\/wp\/v2\/types\/page"}],"author":[{"embeddable":true,"href":"https:\/\/blogs.ua.es\/historiaclima\/wp-json\/wp\/v2\/users\/936"}],"replies":[{"embeddable":true,"href":"https:\/\/blogs.ua.es\/historiaclima\/wp-json\/wp\/v2\/comments?post=47"}],"version-history":[{"count":4,"href":"https:\/\/blogs.ua.es\/historiaclima\/wp-json\/wp\/v2\/pages\/47\/revisions"}],"predecessor-version":[{"id":51,"href":"https:\/\/blogs.ua.es\/historiaclima\/wp-json\/wp\/v2\/pages\/47\/revisions\/51"}],"up":[{"embeddable":true,"href":"https:\/\/blogs.ua.es\/historiaclima\/wp-json\/wp\/v2\/pages\/8"}],"wp:attachment":[{"href":"https:\/\/blogs.ua.es\/historiaclima\/wp-json\/wp\/v2\/media?parent=47"}],"curies":[{"name":"wp","href":"https:\/\/api.w.org\/{rel}","templated":true}]}}