{"id":52,"date":"2019-10-11T14:33:17","date_gmt":"2019-10-11T14:33:17","guid":{"rendered":"https:\/\/blogs.ua.es\/historiaclima\/?page_id=52"},"modified":"2019-10-11T14:33:17","modified_gmt":"2019-10-11T14:33:17","slug":"objetivos","status":"publish","type":"page","link":"https:\/\/blogs.ua.es\/historiaclima\/proyecto-de-investigacion\/objetivos\/","title":{"rendered":"Objetivos"},"content":{"rendered":"<ul>\n<li>Objetivo 1: Evoluci\u00f3n condiciones clim\u00e1ticas.<\/li>\n<li>Objetivo 2: Configuraci\u00f3n de bases de datos.<\/li>\n<li>Objetivo 3: Creaci\u00f3n de un cat\u00e1logo de acontecimientos meteorol\u00f3gicos excepcionales.<\/li>\n<li>Objetivo 4: elaboraci\u00f3n de series t\u00e9rmicas y pluviom\u00e9tricas.<\/li>\n<li>Objetivo 5: Establecer asociaciones entre las consecuencias provocadas por un episodio atmosf\u00e9rico y los cultivos de diversas regiones.<\/li>\n<li>Objetivos 6 y 7: Impacto de huracanes, terremotos y erupciones volc\u00e1nicas.<\/li>\n<li>Objetivo 8: Plagas y epidemias.<\/li>\n<li>Objetivo 9: La religiosidad popular.<\/li>\n<li>Objetivo 10: Eco alcanzado por los acontecimientos extraordinarios en la sociedad.<\/li>\n<li>Objetivo 11: Elaboraci\u00f3n de cat\u00e1logos, bancos de datos y corpus lexicogr\u00e1ficos<\/li>\n<\/ul>\n","protected":false},"excerpt":{"rendered":"<p>Objetivo 1: Evoluci\u00f3n condiciones clim\u00e1ticas. Objetivo 2: Configuraci\u00f3n de bases de datos. Objetivo 3: Creaci\u00f3n de un cat\u00e1logo de acontecimientos meteorol\u00f3gicos excepcionales. Objetivo 4: elaboraci\u00f3n de series t\u00e9rmicas y pluviom\u00e9tricas. Objetivo 5: Establecer asociaciones entre las consecuencias provocadas por un &hellip; <a href=\"https:\/\/blogs.ua.es\/historiaclima\/proyecto-de-investigacion\/objetivos\/\">Continue reading <span class=\"meta-nav\">&rarr;<\/span><\/a><\/p>\n","protected":false},"author":936,"featured_media":0,"parent":14,"menu_order":1,"comment_status":"closed","ping_status":"closed","template":"","meta":{"footnotes":""},"class_list":["post-52","page","type-page","status-publish","hentry"],"_links":{"self":[{"href":"https:\/\/blogs.ua.es\/historiaclima\/wp-json\/wp\/v2\/pages\/52","targetHints":{"allow":["GET"]}}],"collection":[{"href":"https:\/\/blogs.ua.es\/historiaclima\/wp-json\/wp\/v2\/pages"}],"about":[{"href":"https:\/\/blogs.ua.es\/historiaclima\/wp-json\/wp\/v2\/types\/page"}],"author":[{"embeddable":true,"href":"https:\/\/blogs.ua.es\/historiaclima\/wp-json\/wp\/v2\/users\/936"}],"replies":[{"embeddable":true,"href":"https:\/\/blogs.ua.es\/historiaclima\/wp-json\/wp\/v2\/comments?post=52"}],"version-history":[{"count":1,"href":"https:\/\/blogs.ua.es\/historiaclima\/wp-json\/wp\/v2\/pages\/52\/revisions"}],"predecessor-version":[{"id":53,"href":"https:\/\/blogs.ua.es\/historiaclima\/wp-json\/wp\/v2\/pages\/52\/revisions\/53"}],"up":[{"embeddable":true,"href":"https:\/\/blogs.ua.es\/historiaclima\/wp-json\/wp\/v2\/pages\/14"}],"wp:attachment":[{"href":"https:\/\/blogs.ua.es\/historiaclima\/wp-json\/wp\/v2\/media?parent=52"}],"curies":[{"name":"wp","href":"https:\/\/api.w.org\/{rel}","templated":true}]}}