{"id":54,"date":"2019-10-11T14:37:46","date_gmt":"2019-10-11T14:37:46","guid":{"rendered":"https:\/\/blogs.ua.es\/historiaclima\/?page_id=54"},"modified":"2019-10-11T14:37:46","modified_gmt":"2019-10-11T14:37:46","slug":"actividades","status":"publish","type":"page","link":"https:\/\/blogs.ua.es\/historiaclima\/proyecto-de-investigacion\/actividades\/","title":{"rendered":"Actividades"},"content":{"rendered":"<p><strong>Actividad 1<\/strong>: Localizaci\u00f3n y recopilaci\u00f3n de informaci\u00f3n documental de car\u00e1cter clim\u00e1tico para elaborar proxy data, as\u00ed como la relativa a impacto de desastres de origen natural y biol\u00f3gico. Localizaci\u00f3n y vaciado de bibliograf\u00eda actualizada.<\/p>\n<ul>\n<li>Miembros del equipo participantes*: Alberola, Mas, Garc\u00eda Torres, Garc\u00eda Acosta, Campos Goenaga, Arrioja, Padilla, Rodrigues, Olcina.<\/li>\n<li>Estancias en archivos, bibliotecas y centros de investigaci\u00f3n. Trabajo en los archivos: Municipal de Valencia, Municipal de Murcia, del Reino de Valencia, AHN, BN, Biblioteca Casa de Vel\u00e1zquez y Biblioteca MSH-Clermont Ferrand (Alberola, Mas, G\u00aa Torres). AGI (Garc\u00eda Torres, Garc\u00eda Acosta). Archivo Nacional del Ecuador y Archivo Metropolitano de Historia de Quito (Garc\u00eda Torres). Archivos eclesi\u00e1sticos mexicanos (Arrioja, Garc\u00eda Acosta, Campos), Archivo General de la Naci\u00f3n, M\u00e9xico (Campos, Garc\u00eda Acosta, Garc\u00eda Torres, Arrioja), Archivo Jesu\u00edtico(Padilla), Archivo General de Centroam\u00e9rica-Guatemala (Arrioja), Archivo General de Costa Rica (Arioja), Arquivo Nacional da Torre do Tombo-Conselho Fazenda (Rodrigues), Arquivo Historico Ultramaraino (Rodrigues).<\/li>\n<\/ul>\n<p><strong>Actividad 2<\/strong>: Localizaci\u00f3n y recopilaci\u00f3n de informaci\u00f3n impresa de car\u00e1cter clim\u00e1tico para elaborar proxy data, as\u00ed como la relativa a impacto de desastres de origen natural y biol\u00f3gico.<\/p>\n<ul>\n<li>Miembros del equipo participantes*: Mas, Alberola, Garc\u00eda Acosta, Rodrigues.<\/li>\n<li>Biblioteca del Real Jard\u00edn Bot\u00e1nico-Madrid (Garc\u00eda Torres, Olcina), BN Espa\u00f1a, B de Catalu\u00f1a (Alberola, Mas, Olcina); Biblioteca Nacional de M\u00e9xico (Garc\u00eda Acosta, Padilla, Arrioja), Biblioteca New Berry (Arrioja), Biblioteca de la American Philosophical Society-Pennsylvania (Arrioja), Biblioteca Nacional de Portugal, Fondo General y Biblioteca Pombalina (Rodrigues), Biblioteca P\u00fablica e Arquivo Regional de Angra do Heroismo, Fondo Capitania Geral dos A\u00e7ores (Rodrigues).<\/li>\n<\/ul>\n<p><strong>Actividad 3<\/strong>: Elaboraci\u00f3n progresiva de series proxy, con informaci\u00f3n de fr\u00edo y calor; elaboraci\u00f3n progresiva de cat\u00e1logos de acontecimientos hidrometeorol\u00f3gicos geol\u00f3gicos y biol\u00f3gicos de consecuencias catastr\u00f3ficas, confecci\u00f3n de entradas lexicol\u00f3gicas.<\/p>\n<ul>\n<li>Miembros del equipo participantes*: Alberola, Mas, Olcina, Garc\u00eda Torres.<\/li>\n<li>La coordinaci\u00f3n de estas tareas corresponde al prof. Jorge Olcina.<\/li>\n<\/ul>\n<p><strong>Actividad 4<\/strong>: Divulgaci\u00f3n de resultados.<\/p>\n<ul>\n<li>Todos los componentes de los equipos de investigaci\u00f3n y de trabajo han dado visibilidad a su trabajo mediante publicaciones y participaci\u00f3n en congresos, seminarios y workshops de car\u00e1cter nacional e internacional.<\/li>\n<li>En conjunto los miembros de los equipos de investigaci\u00f3n y de trabajo han publicado 4 libros, 30 cap\u00edtulos de libros y 17 art\u00edculos en revistas cient\u00edficas, algunas de alto impacto.<\/li>\n<li>El IP1, prof. Alberola, ha publicado 8 cap\u00edtulos de libro, 2 art\u00edculos en revistas y presentado 15 ponencias en congresos y seminarios, 10 de ellos internacionales.<\/li>\n<li>El IP2, prof. MasGalva\u00f1, ha publicado 4 cap\u00edtulos de libro, 1 art\u00edculo en revista y ha presentado 6 ponencias en congresos, 4 de ellos internacionales.<\/li>\n<\/ul>\n","protected":false},"excerpt":{"rendered":"<p>Actividad 1: Localizaci\u00f3n y recopilaci\u00f3n de informaci\u00f3n documental de car\u00e1cter clim\u00e1tico para elaborar proxy data, as\u00ed como la relativa a impacto de desastres de origen natural y biol\u00f3gico. Localizaci\u00f3n y vaciado de bibliograf\u00eda actualizada. Miembros del equipo participantes*: Alberola, Mas, &hellip; <a href=\"https:\/\/blogs.ua.es\/historiaclima\/proyecto-de-investigacion\/actividades\/\">Continue reading <span class=\"meta-nav\">&rarr;<\/span><\/a><\/p>\n","protected":false},"author":936,"featured_media":0,"parent":14,"menu_order":2,"comment_status":"closed","ping_status":"closed","template":"","meta":{"footnotes":""},"class_list":["post-54","page","type-page","status-publish","hentry"],"_links":{"self":[{"href":"https:\/\/blogs.ua.es\/historiaclima\/wp-json\/wp\/v2\/pages\/54","targetHints":{"allow":["GET"]}}],"collection":[{"href":"https:\/\/blogs.ua.es\/historiaclima\/wp-json\/wp\/v2\/pages"}],"about":[{"href":"https:\/\/blogs.ua.es\/historiaclima\/wp-json\/wp\/v2\/types\/page"}],"author":[{"embeddable":true,"href":"https:\/\/blogs.ua.es\/historiaclima\/wp-json\/wp\/v2\/users\/936"}],"replies":[{"embeddable":true,"href":"https:\/\/blogs.ua.es\/historiaclima\/wp-json\/wp\/v2\/comments?post=54"}],"version-history":[{"count":1,"href":"https:\/\/blogs.ua.es\/historiaclima\/wp-json\/wp\/v2\/pages\/54\/revisions"}],"predecessor-version":[{"id":55,"href":"https:\/\/blogs.ua.es\/historiaclima\/wp-json\/wp\/v2\/pages\/54\/revisions\/55"}],"up":[{"embeddable":true,"href":"https:\/\/blogs.ua.es\/historiaclima\/wp-json\/wp\/v2\/pages\/14"}],"wp:attachment":[{"href":"https:\/\/blogs.ua.es\/historiaclima\/wp-json\/wp\/v2\/media?parent=54"}],"curies":[{"name":"wp","href":"https:\/\/api.w.org\/{rel}","templated":true}]}}