{"id":8,"date":"2019-07-08T14:10:44","date_gmt":"2019-07-08T14:10:44","guid":{"rendered":"https:\/\/blogs.ua.es\/historiaclima\/?page_id=8"},"modified":"2019-10-11T14:27:16","modified_gmt":"2019-10-11T14:27:16","slug":"grupo-de-investigacion","status":"publish","type":"page","link":"https:\/\/blogs.ua.es\/historiaclima\/grupo-de-investigacion\/","title":{"rendered":"Grupo de investigaci\u00f3n"},"content":{"rendered":"<p>Durante los \u00faltimos quince a\u00f1os este grupo ha venido encadenando proyectos tras participar en convocatorias p\u00fablicas competitivas, y viene proporcionando resultados en forma de libros, cap\u00edtulos de libro, art\u00edculos y participaciones en Congresos que consideramos han permitido determinar, con precisi\u00f3n, la presencia e incidencia de los fen\u00f3menos hidrometeorol\u00f3gicos y naturales de signo catastr\u00f3fico m\u00e1s significativos acaecidos en Espa\u00f1a durante el siglo XVIII. Como consecuencia del \u00faltimo proyecto (2013-2017) estamos en condiciones de efectuar tambi\u00e9n una aproximaci\u00f3n fiable y precisa a los siglos XVI y XVII para todo el Levante peninsular en la que se puede incluir la informaci\u00f3n que estos estudios proporcionan desde todos los puntos de vista: econ\u00f3micos, sociales, culturales, religiosos, de ordenaci\u00f3n territorial, prevenci\u00f3n y modos de hacer frente al desastre, actitudes de la administraci\u00f3n del Estado, etc.<\/p>\n<p>Todo ello es lo que nos mueve a plantear nuevos retos tras comprobar que este tipo de investigaci\u00f3n puede ofrecer grandes posibilidades en Am\u00e9rica Latina. Gracias a los contactos establecidos por el profesor Alberola Rom\u00e1 con diferentes grupos de investigaci\u00f3n, universidades e instituciones mexicanas durante los \u00faltimos a\u00f1os es factible el dise\u00f1o de un plan que posibilite el desarrollo de un proyecto que analice, por ahora, los efectos de la PEH en M\u00e9xico y Am\u00e9rica Central, a partir de diferentes ejes u objetivos. Este estudio de car\u00e1cter global y comparativo con la pen\u00ednsula Ib\u00e9rica \u2013estudio del que carecemos en la actualidad- nos permitir\u00eda determinar la magnitud de las oscilaciones clim\u00e1ticas, distinguir y valorar los episodios extremos, verificar la incidencia de plagas y epidemias, comprobar las consecuencias dejadas en la agricultura y, por extensi\u00f3n, en la econom\u00eda y la sociedad durante los siglos XVI al XIX. Esta recuperaci\u00f3n retrospectiva podr\u00e1 emplearse como herramienta de gran utilidad para detectar la pervivencia de espacios y situaciones \u201cde riesgo\u201d, la recurrencia de los sucesos extremos, el modo de afrontar sus consecuencias y, en suma, comprobar los avances \u2013si es que se han producido- gracias a la ciencia, la t\u00e9cnica y la acci\u00f3n pol\u00edtica.<\/p>\n<p>Las aportaciones que este equipo de investigaci\u00f3n puede ofrecer en la actualidad son abundantes, proceden de proyectos anteriores, han sido dadas a conocer a trav\u00e9s de diversas publicaciones que no es posible relacionar <em>in extenso<\/em> en este lugar por evidentes razones de econom\u00eda de espacio y porque, adem\u00e1s, en buena medida se encuentran en la Bibliograf\u00eda que acompa\u00f1an estas p\u00e1ginas. Pero sirvan como ejemplo y como planteamiento global desde el que afrontar el reto de este nuevo proyecto algunos libros publicados por miembros de este equipo como<em> Tratado de Climatolog\u00eda <\/em>(A. Gil Olcina y J. Olcina, 2017), <em>Clima, desastres y convulsiones sociales en Espa\u00f1a e Hispanoam\u00e9rica, siglos XVII-XX<\/em> (A. Alberola y L. A. Arrioja, eds., 2016), <em>Los cambios clim\u00e1ticos. La Peque\u00f1a Edad del Hielo en Espa\u00f1a<\/em> (A. Alberola, 2014),<em> Clima, naturaleza y desastre. Espa\u00f1a e Hispanoam\u00e9rica durante la Edad Moderna<\/em> (A. Alberola, coord., 2013) <em>Quan la pluja no sap ploure. Sequeres i riuades al Pa\u00eds Valenci\u00e0 en l\u2019edat moderna<\/em> (A. Alberola, 2010), <em>Desastre natural, vida cotidiana y religiosidad popular en la Espa\u00f1a moderna y contempor\u00e1nea <\/em>(A. Alberola y J. Olcina, eds., 2009), <em>Riesgo natural, extremismo clim\u00e1tico y desastre en tierras meridionales valencianas durante el siglo XVIII<\/em> (A. Garc\u00eda Torres, 2015), <em>Cat\u00e1strofe, econom\u00eda y acci\u00f3n pol\u00edtica en la Valencia del siglo XVIII<\/em> (A. Alberola, 1999). Tambi\u00e9n art\u00edculos o cap\u00edtulos de libro que ofrecen propuestas metodol\u00f3gicas y exploraci\u00f3n de nuevas fuentes documentales, como es el caso de, entre otros, \u00abClima, desastre y religiosidad en los <em>dietaristas<\/em> valencianos de los siglos XVI y XVII (A. Alberola, 2016, en <em>Obradoiro de Historia Moderna<\/em>), \u00abClima, cat\u00e1strofe y crisis en la Espa\u00f1a de la Edad Moderna. Reflexiones y notas para su estudio\u00bb (A. Alberola, 2016, en <em>Paisaje, cultura, territorial y vivencia de la Geograf\u00eda. Libro homenaje al Profesor Alfredo Morales Gil<\/em>), \u00abTiempo, clima y enfermedad en la prensa espa\u00f1ola de la segunda mitad del siglo XVIII. Diarios meteorol\u00f3gicos y cr\u00f3nicas de desastres en el <em>Memorial Literario<\/em>\u00bb (A. Alberola, 2016, <em>El Argonauta Espa\u00f1ol <\/em>[en ligne]), \u00abEl clima en la correspondencia de Carlos III (1759-1765): cartas a Felipe de Parma y Bernardo Tanucci\u00bb (C. Mas, 2013), \u00abLa gesti\u00f3n de la cat\u00e1strofe. Acci\u00f3n estatal y lucha contra la plaga de langosta en las di\u00f3cesis de Murcia y Orihuela (1756-1758)\u00bb (C. Mas, 2012), \u00ab<em>No puedo sujetar la pluma de puro fr\u00edo, porque son extremados los yelos<\/em>. El clima en la Espa\u00f1a de los reinados de Felipe V y Fernando VI a trav\u00e9s de la correspondencia de algunos ilustrados\u00bb (A. Alberola, 2010, en <em>Investigaciones Geogr\u00e1ficas<\/em>).<\/p>\n","protected":false},"excerpt":{"rendered":"<p>Durante los \u00faltimos quince a\u00f1os este grupo ha venido encadenando proyectos tras participar en convocatorias p\u00fablicas competitivas, y viene proporcionando resultados en forma de libros, cap\u00edtulos de libro, art\u00edculos y participaciones en Congresos que consideramos han permitido determinar, con precisi\u00f3n, &hellip; <a href=\"https:\/\/blogs.ua.es\/historiaclima\/grupo-de-investigacion\/\">Continue reading <span class=\"meta-nav\">&rarr;<\/span><\/a><\/p>\n","protected":false},"author":936,"featured_media":0,"parent":0,"menu_order":3,"comment_status":"closed","ping_status":"closed","template":"","meta":{"footnotes":""},"class_list":["post-8","page","type-page","status-publish","hentry"],"_links":{"self":[{"href":"https:\/\/blogs.ua.es\/historiaclima\/wp-json\/wp\/v2\/pages\/8","targetHints":{"allow":["GET"]}}],"collection":[{"href":"https:\/\/blogs.ua.es\/historiaclima\/wp-json\/wp\/v2\/pages"}],"about":[{"href":"https:\/\/blogs.ua.es\/historiaclima\/wp-json\/wp\/v2\/types\/page"}],"author":[{"embeddable":true,"href":"https:\/\/blogs.ua.es\/historiaclima\/wp-json\/wp\/v2\/users\/936"}],"replies":[{"embeddable":true,"href":"https:\/\/blogs.ua.es\/historiaclima\/wp-json\/wp\/v2\/comments?post=8"}],"version-history":[{"count":5,"href":"https:\/\/blogs.ua.es\/historiaclima\/wp-json\/wp\/v2\/pages\/8\/revisions"}],"predecessor-version":[{"id":46,"href":"https:\/\/blogs.ua.es\/historiaclima\/wp-json\/wp\/v2\/pages\/8\/revisions\/46"}],"wp:attachment":[{"href":"https:\/\/blogs.ua.es\/historiaclima\/wp-json\/wp\/v2\/media?parent=8"}],"curies":[{"name":"wp","href":"https:\/\/api.w.org\/{rel}","templated":true}]}}