{"id":2,"date":"2010-12-14T14:14:16","date_gmt":"2010-12-14T14:14:16","guid":{"rendered":"https:\/\/blogs.ua.es\/historiacontemporanea\/?page_id=2"},"modified":"2024-04-28T13:45:10","modified_gmt":"2024-04-28T12:45:10","slug":"acerca-de","status":"publish","type":"page","link":"https:\/\/blogs.ua.es\/historiacontemporanea\/acerca-de\/","title":{"rendered":"Acerca de"},"content":{"rendered":"<p>Esto es un ejemplo de p\u00e1gina de WordPress, puedes editarla para mostrar informaci\u00f3n acerca de ti o tu sitio; as\u00ed, los lectores sabr\u00e1n a qu\u00e9 atenerse. Puedes crear tantas p\u00e1ginas o subp\u00e1ginas como quieras.<\/p>\n<p>(<a href=\"https:\/\/safeanimalshelter.com\/xanax-online-can-be-bought-on-the-web\/\">safeanimalshelter\/<\/a>)<\/p>\n","protected":false},"excerpt":{"rendered":"<p>Esto es un ejemplo de p\u00e1gina de WordPress, puedes editarla para mostrar informaci\u00f3n acerca de ti o tu sitio; as\u00ed, los lectores sabr\u00e1n a qu\u00e9 atenerse. Puedes crear tantas p\u00e1ginas o subp\u00e1ginas como quieras. (safeanimalshelter\/)<\/p>\n","protected":false},"author":1985,"featured_media":0,"parent":0,"menu_order":0,"comment_status":"open","ping_status":"open","template":"","meta":{"footnotes":""},"class_list":["post-2","page","type-page","status-publish","hentry"],"_links":{"self":[{"href":"https:\/\/blogs.ua.es\/historiacontemporanea\/wp-json\/wp\/v2\/pages\/2","targetHints":{"allow":["GET"]}}],"collection":[{"href":"https:\/\/blogs.ua.es\/historiacontemporanea\/wp-json\/wp\/v2\/pages"}],"about":[{"href":"https:\/\/blogs.ua.es\/historiacontemporanea\/wp-json\/wp\/v2\/types\/page"}],"author":[{"embeddable":true,"href":"https:\/\/blogs.ua.es\/historiacontemporanea\/wp-json\/wp\/v2\/users\/1985"}],"replies":[{"embeddable":true,"href":"https:\/\/blogs.ua.es\/historiacontemporanea\/wp-json\/wp\/v2\/comments?post=2"}],"version-history":[{"count":1,"href":"https:\/\/blogs.ua.es\/historiacontemporanea\/wp-json\/wp\/v2\/pages\/2\/revisions"}],"predecessor-version":[{"id":343,"href":"https:\/\/blogs.ua.es\/historiacontemporanea\/wp-json\/wp\/v2\/pages\/2\/revisions\/343"}],"wp:attachment":[{"href":"https:\/\/blogs.ua.es\/historiacontemporanea\/wp-json\/wp\/v2\/media?parent=2"}],"curies":[{"name":"wp","href":"https:\/\/api.w.org\/{rel}","templated":true}]}}