{"id":10,"date":"2013-12-10T06:14:58","date_gmt":"2013-12-10T06:14:58","guid":{"rendered":"https:\/\/blogs.ua.es\/historiadecocentaina\/?page_id=10"},"modified":"2014-01-15T17:31:10","modified_gmt":"2014-01-15T16:31:10","slug":"bibliografia","status":"publish","type":"page","link":"https:\/\/blogs.ua.es\/historiadecocentaina\/bibliografia\/","title":{"rendered":"Bibliografia"},"content":{"rendered":"<p style=\"text-align: left\">&#8211; ARQUES JOVER, AGUST\u00cd; Breu hist\u00f2ria de la nostra senyora del Miracle de Cocentaina. Orde de la nostra senyora de la Merceu. Segons l&#8217;edici\u00f3 de 1805. Val\u00e8ncia: papereria Joan Baptista. 1894.<\/p>\n<p style=\"text-align: left\">&#8211; BENITO DOM\u00c8NECH, FERNANDO; <em>Vicent Requena &#8220;El vell&#8221;, col\u00b7laborador de Joan de Joanes a les Taules de Sant Esteve del Museu del Prado<\/em>. Butllet\u00ed del Museu del Prado, vol. VII, n\u00ba 19, Madrid, 1986, pp. 13-28.<\/p>\n<p style=\"text-align: left\">&#8211; FERRAGUD DOMINGO, Carmel,\u00a0<em>El naixement d\u2019una vila rural valenciana. Cocentaina, 1245-1304<\/em>, Universitat de Val\u00e8ncia, Ajuntament de Cocentaina, 2003.<\/p>\n<p style=\"text-align: left\">&#8211; FERRER ORTS, ALBERT; AGUILAR D\u00cdAZ, CARMEN; <em>Els Requena, una enigm\u00e0tica familia de pintors del Renaixement. A prop\u00f2sit de Gaspar Requena el Jove<\/em>. Universitat de Val\u00e8ncia. 2009.<\/p>\n<p style=\"text-align: left\">&#8211; FERRER ORTS, ALBERT; AGUILAR D\u00cdAZ, CARMEN; <em>M\u00e9s obres de Gaspar Requena el Jove i el seu actiu taller a la costera<\/em>. Departament d&#8217;hist\u00f2ria de l&#8217;Art a la Universitat de Val\u00e8ncia. Ars Longa. N\u00fam. 17, 2008.<\/p>\n<p style=\"text-align: left\">&#8211; FERRER ORTS, ALBERT; AGUILAR D\u00cdAZ, CARMEN; <em>Els Requena i el retaule de Sant Jaume de Bocairent<\/em>. Programa Sant Blai. 2009.<\/p>\n<p style=\"text-align: left\">&#8211; FERRER ORTS, ALBERT; AGUILAR D\u00cdAZ, CARMEN; <em>Una detallada descripci\u00f3 del retaule de l&#8217;ermita del Calvari Alt de X\u00e0tiva per El\u00edas Tormo. Revista Arxiu d&#8217;Art Valenci\u00e0. 2008.<\/em><\/p>\n<p style=\"text-align: left\">&#8211; FERRER ORTS, ALBERT; AGUILAR D\u00cdAZ, CARMEN; Influxos joanescos al taller dels Requena. Butllet\u00ed del Museu i Institut Cam\u00f3n Aznar. N\u00ba 104.\u00a0P<abbr title=\"p\u00e1ginas\">\u00e0gs.<\/abbr>\u00a0127-145. 2009.<\/p>\n<p style=\"text-align: left\">&#8211; FERRER ORTS, ALBERT; <em>Un temple singular a l&#8217;horta nord: l&#8217;esgl\u00e9sia de l&#8217;Assumpci\u00f3 de Nostra Senyora (Foios)<\/em>. L&#8217;Horta: Estudis. Revista La Roda del temps. N\u00fam. 11.<\/p>\n<p style=\"text-align: left\">&#8211; FULLANA MIRA, Luis,\u00a0<em>Historia de la villa y condado de<\/em>\u00a0<em>Concentaina<\/em>, ed. Cosmos, Valencia, 1975.<\/p>\n<p style=\"text-align: left\">&#8211; HERN\u00c1NDEZ GUARDIOLA, LORENZO; La coronaci\u00f3 de la Verge i els sants del Museu de Montserrat, obra del pintor renaixentista Gaspar Requena. Butllet\u00ed XXIII-XXIV. 2009-2010.<\/p>\n<p style=\"text-align: left\">&#8211; INSA RIBELLES, M\u00aa DOLORES,\u00a0<em>La fira de Tots Sants<\/em>, Ayuntamiento de Cocentaina, Instituto de Cultura Juan Gil-Albert, Diputaci\u00f3n provincial de Alicante, 1996.<\/p>\n<p style=\"text-align: left\">&#8211; INSA RIBELLES, M\u00aa DOLORES, La just\u00edcia municipal al Comtat de Cocentaina al segle XVI: problemes jurisdiccionals. La ciutat hisp\u00e0nica. Editorial de la Universitat Complutense. Madrid. 1985.<\/p>\n<p>&#8211; MORENO S\u00c1EZ, Francisco (coord.), <em>Historia de l\u2019Alcoi\u00e0, El Comtat y la Foia de Castalla<\/em>, \u00a0ed. Prensa Alicantina S.A., 1996, TOMO 1 y 2, Alicante.<\/p>\n<p>&#8211; RICHART MOLT\u00d3, Juan (coord.), <em>El Comtat a l\u2019\u00e9poca medieval (ss.XIII-XV)<\/em>, Centre d\u2019estudis contestans, Cocentaina, 1992.<\/p>\n<p>&#8211; VV.AA.,\u00a0<em>Cocentaina. Arte, historia y monumentos<\/em>. Edita P\u00eda Uni\u00f3n de la Virgen del Milagro. Cocentaina, 1988.<\/p>\n<p>&#8211; VV.AA.,\u00a0<em>Poble, terra, llengua. Cocentaina- El Comtat<\/em>, Ajuntament de Cocentaina, 1998.<\/p>\n","protected":false},"excerpt":{"rendered":"<p>&#8211; ARQUES JOVER, AGUST\u00cd; Breu hist\u00f2ria de la nostra senyora del Miracle de Cocentaina. Orde de la nostra senyora de la Merceu. Segons l&#8217;edici\u00f3 de 1805. Val\u00e8ncia: papereria Joan Baptista. 1894. &#8211; BENITO DOM\u00c8NECH, FERNANDO; Vicent Requena &#8220;El vell&#8221;, col\u00b7laborador &hellip; <a href=\"https:\/\/blogs.ua.es\/historiadecocentaina\/bibliografia\/\">Continue reading <span class=\"meta-nav\">&rarr;<\/span><\/a><\/p>\n","protected":false},"author":1876,"featured_media":0,"parent":0,"menu_order":4,"comment_status":"open","ping_status":"open","template":"","meta":{"footnotes":""},"class_list":["post-10","page","type-page","status-publish","hentry"],"_links":{"self":[{"href":"https:\/\/blogs.ua.es\/historiadecocentaina\/wp-json\/wp\/v2\/pages\/10","targetHints":{"allow":["GET"]}}],"collection":[{"href":"https:\/\/blogs.ua.es\/historiadecocentaina\/wp-json\/wp\/v2\/pages"}],"about":[{"href":"https:\/\/blogs.ua.es\/historiadecocentaina\/wp-json\/wp\/v2\/types\/page"}],"author":[{"embeddable":true,"href":"https:\/\/blogs.ua.es\/historiadecocentaina\/wp-json\/wp\/v2\/users\/1876"}],"replies":[{"embeddable":true,"href":"https:\/\/blogs.ua.es\/historiadecocentaina\/wp-json\/wp\/v2\/comments?post=10"}],"version-history":[{"count":12,"href":"https:\/\/blogs.ua.es\/historiadecocentaina\/wp-json\/wp\/v2\/pages\/10\/revisions"}],"predecessor-version":[{"id":328,"href":"https:\/\/blogs.ua.es\/historiadecocentaina\/wp-json\/wp\/v2\/pages\/10\/revisions\/328"}],"wp:attachment":[{"href":"https:\/\/blogs.ua.es\/historiadecocentaina\/wp-json\/wp\/v2\/media?parent=10"}],"curies":[{"name":"wp","href":"https:\/\/api.w.org\/{rel}","templated":true}]}}