{"id":6,"date":"2013-12-10T06:13:49","date_gmt":"2013-12-10T06:13:49","guid":{"rendered":"https:\/\/blogs.ua.es\/historiadecocentaina\/?page_id=6"},"modified":"2013-12-10T06:28:23","modified_gmt":"2013-12-10T06:28:23","slug":"introduccio","status":"publish","type":"page","link":"https:\/\/blogs.ua.es\/historiadecocentaina\/introduccio\/","title":{"rendered":"Introducci\u00f3"},"content":{"rendered":"<p>a la hist\u00f2ria de Cocentaina.<\/p>\n<p>El municipi de Cocentaina \u00e9s, sens dubte, una de les zones del Pa\u00eds Valenci\u00e0 on hi ha m\u00e9s jaciments prehist\u00f2rics documentats. La pres\u00e8ncia humana es constata des del musteri\u00e0 (40.000 anys d&#8217;antiguitat). L&#8217;any 1972 es van localitzar, a la partida de les Jovades, les restes del que va ser el primer poblat prehist\u00f2ric de la comarca i pertany al neol\u00edtic final (5000 anys d&#8217;antiguitat).<\/p>\n<p>De l&#8217;\u00e8poca del bronze, apareixen diversos poblats en zones altes i escarpades, envoltats alguns amb muralles de pedra seca. Alguns exemples en s\u00f3n el Piquet del Baladre, Mastec, el Pic Negre o Sant Crist\u00f2fol. En el m\u00f3n ib\u00e8ric, Cocentaina representa una zona important\u00edssima amb poblats com el Terratge, el Sompo, l&#8217;Alberri, Petxineta, la Torreta, el Castell i el poblat i santuari de la Serreta, conegut mundialment pels ploms amb escriptura ib\u00e8rica. Alguns historiadors situen la capital de la Contest\u00e0nia ib\u00e8rica en aquesta zona.<\/p>\n<p>De la pres\u00e8ncia romana i tardoromana es conserven testimonis d&#8217;algunes viles i necr\u00f2polis principalment a la partida de la Plana, Polixisto i l&#8217;Alquer\u00eda de Canisio.<\/p>\n<p>Del per\u00edode musulm\u00e0 coneixem assentaments agr\u00edcoles a partir del segle X, com els de Sompo, les Jovades o el Puntarr\u00f3 i un poblat d&#8217;altura situat en una de les vessants de la muntanya del Castell. A partir del segle XI, el nom de Qustantaniya (Cocentaina) apareix en els textos \u00e0rabs com a capital d&#8217;una extensa regi\u00f3 administrativa que abra\u00e7a tota la zona nord muntanyosa de l&#8217;actual prov\u00edncia d&#8217;Alacant que depenia de D\u00e9nia i Val\u00e8ncia amb un important castell. Va mantenir la capitalitat fins a la conquesta cristiana.<\/p>\n<p>En 1248 els cristians conquereixen Cocentaina, encara que el cabdill musulm\u00e0 al-Azraq continua la lluita. Va ser necess\u00e0ria l&#8217;arribada del rei Jaume I a Cocentaina perqu\u00e8 es produ\u00eds la capitulaci\u00f3 d&#8217;aquest cabdill el dia 8 de juliol de 1258.<\/p>\n<p>L&#8217;any 1291, l&#8217;almirall de la Corona Aragonesa, Roger de Ll\u00faria, passa a ser el primer senyor feudal de la vila. El seu llinatge es conserva fins al 1378. Al setembre de 1304, musulmans que venien de Granada cremaren i saquejaren la vila. Des d&#8217;aleshores en\u00e7\u00e0 els habitants de Cocentaina s\u00f3n coneguts amb el malnom de socarrats.<\/p>\n<p>A partir de l&#8217;any 1378, la vila passa de mans d&#8217;uns senyors a altres fins que el 1448, Xim\u00e9n P\u00e9rez de Corella la compra per 80.000 florins. Aquest senyor ennblir\u00e0 la vila perqu\u00e8 el rei aragon\u00e9s Alfons el Magn\u00e0nim li va concedir la categoria de Comtat. D&#8217;aquesta manera va quedar formada l&#8217;actual comarca del Comtat.<\/p>\n<p>Durant la primera meitat del segle XVII, el t\u00edtol de comtess de Cocentaina passa de la fam\u00edlia Corella a la de Benavides, que el va posseir fins a la segona meitat del segle XVII i va passar a mans dels Medinaceli pel casament de Joaquima Benavides i Corella, quinzena comtesa de Cocentaina amb Llu\u00eds Maria de la Soletat Pere d&#8217;Alc\u00e1ntara Fern\u00e1ndez de C\u00f3rdoba i Figueroa de la Cerda, tretz\u00e9 duc de Medinaceli, fam\u00edlia que posseeix el t\u00edtol.<\/p>\n","protected":false},"excerpt":{"rendered":"<p>a la hist\u00f2ria de Cocentaina. El municipi de Cocentaina \u00e9s, sens dubte, una de les zones del Pa\u00eds Valenci\u00e0 on hi ha m\u00e9s jaciments prehist\u00f2rics documentats. La pres\u00e8ncia humana es constata des del musteri\u00e0 (40.000 anys d&#8217;antiguitat). L&#8217;any 1972 es &hellip; <a href=\"https:\/\/blogs.ua.es\/historiadecocentaina\/introduccio\/\">Continue reading <span class=\"meta-nav\">&rarr;<\/span><\/a><\/p>\n","protected":false},"author":1876,"featured_media":0,"parent":0,"menu_order":2,"comment_status":"open","ping_status":"open","template":"","meta":{"footnotes":""},"class_list":["post-6","page","type-page","status-publish","hentry"],"_links":{"self":[{"href":"https:\/\/blogs.ua.es\/historiadecocentaina\/wp-json\/wp\/v2\/pages\/6","targetHints":{"allow":["GET"]}}],"collection":[{"href":"https:\/\/blogs.ua.es\/historiadecocentaina\/wp-json\/wp\/v2\/pages"}],"about":[{"href":"https:\/\/blogs.ua.es\/historiadecocentaina\/wp-json\/wp\/v2\/types\/page"}],"author":[{"embeddable":true,"href":"https:\/\/blogs.ua.es\/historiadecocentaina\/wp-json\/wp\/v2\/users\/1876"}],"replies":[{"embeddable":true,"href":"https:\/\/blogs.ua.es\/historiadecocentaina\/wp-json\/wp\/v2\/comments?post=6"}],"version-history":[{"count":1,"href":"https:\/\/blogs.ua.es\/historiadecocentaina\/wp-json\/wp\/v2\/pages\/6\/revisions"}],"predecessor-version":[{"id":7,"href":"https:\/\/blogs.ua.es\/historiadecocentaina\/wp-json\/wp\/v2\/pages\/6\/revisions\/7"}],"wp:attachment":[{"href":"https:\/\/blogs.ua.es\/historiadecocentaina\/wp-json\/wp\/v2\/media?parent=6"}],"curies":[{"name":"wp","href":"https:\/\/api.w.org\/{rel}","templated":true}]}}